{"id":9463,"date":"2021-08-28T06:33:26","date_gmt":"2021-08-28T04:33:26","guid":{"rendered":"https:\/\/www.fammcommerce.si\/izdelek\/235-70-r16-106t-onyx-ny-at187\/"},"modified":"2025-05-15T09:41:39","modified_gmt":"2025-05-15T07:41:39","slug":"235-70-r16-106t-onyx-ny-at187","status":"publish","type":"product","link":"https:\/\/www.fammcommerce.si\/hr\/izdelek\/235-70-r16-106t-onyx-ny-at187\/","title":{"rendered":"235\/70 R16 106T ONYX NY-AT187"},"content":{"rendered":"","protected":false},"excerpt":{"rendered":"<p>ONYX NY-AT187 pnevmatika je off-road pnevmatika namenjena 4&#215;4 in SUV vozilom. Odli\u010den oprijem na off-road povr\u0161inah ter izjemne lastnosti pri zaviranju tako na mokri kot na suhi podlagi.<\/p>\n<p>Lastnosti<\/p>\n<p>\u0160tirje kanali<br \/>\nBlazinice z visoko gostoto s spojino iz silicijevega dioksida<br \/>\nSpremenljiv vzorec in optimiziran dizajn odtisa<br \/>\nOja\u010dana sredinska rebra<br \/>\nNajlonski trak brez spojev<\/p>\n<p>Prednosti<\/p>\n<p>Prepre\u010duje &#8220;aquaplaning&#8221; z izbolj\u0161animi in odprtimi ramenskimi re\u017eami<br \/>\nOmogo\u010da gladko vo\u017enjo, nizek hrup in odli\u010den oprijem na suhih in mokrih cestah<br \/>\nVrhunsko udobje in tiha vo\u017enja<br \/>\nZagotavlja stabilnost krmiljenja in udobno vo\u017enjo<br \/>\nEenakomernost tekalne plasti in stabilnost pri visokih hitrostih<\/p>\n","protected":false},"featured_media":9464,"template":"","meta":{"_acf_changed":false,"site-sidebar-layout":"default","site-content-layout":"","ast-site-content-layout":"","site-content-style":"default","site-sidebar-style":"default","ast-global-header-display":"","ast-banner-title-visibility":"","ast-main-header-display":"","ast-hfb-above-header-display":"","ast-hfb-below-header-display":"","ast-hfb-mobile-header-display":"","site-post-title":"","ast-breadcrumbs-content":"","ast-featured-img":"","footer-sml-layout":"","theme-transparent-header-meta":"","adv-header-id-meta":"","stick-header-meta":"","header-above-stick-meta":"","header-main-stick-meta":"","header-below-stick-meta":"","astra-migrate-meta-layouts":"default","ast-page-background-enabled":"default","ast-page-background-meta":{"desktop":{"background-color":"","background-image":"","background-repeat":"repeat","background-position":"center center","background-size":"auto","background-attachment":"scroll","background-type":"","background-media":"","overlay-type":"","overlay-color":"","overlay-opacity":"","overlay-gradient":""},"tablet":{"background-color":"","background-image":"","background-repeat":"repeat","background-position":"center center","background-size":"auto","background-attachment":"scroll","background-type":"","background-media":"","overlay-type":"","overlay-color":"","overlay-opacity":"","overlay-gradient":""},"mobile":{"background-color":"","background-image":"","background-repeat":"repeat","background-position":"center center","background-size":"auto","background-attachment":"scroll","background-type":"","background-media":"","overlay-type":"","overlay-color":"","overlay-opacity":"","overlay-gradient":""}},"ast-content-background-meta":{"desktop":{"background-color":"var(--ast-global-color-5)","background-image":"","background-repeat":"repeat","background-position":"center center","background-size":"auto","background-attachment":"scroll","background-type":"","background-media":"","overlay-type":"","overlay-color":"","overlay-opacity":"","overlay-gradient":""},"tablet":{"background-color":"var(--ast-global-color-5)","background-image":"","background-repeat":"repeat","background-position":"center center","background-size":"auto","background-attachment":"scroll","background-type":"","background-media":"","overlay-type":"","overlay-color":"","overlay-opacity":"","overlay-gradient":""},"mobile":{"background-color":"var(--ast-global-color-5)","background-image":"","background-repeat":"repeat","background-position":"center center","background-size":"auto","background-attachment":"scroll","background-type":"","background-media":"","overlay-type":"","overlay-color":"","overlay-opacity":"","overlay-gradient":""}}},"product_brand":[],"product_cat":[376],"product_tag":[554,546],"class_list":{"0":"post-9463","1":"product","2":"type-product","3":"status-publish","4":"has-post-thumbnail","6":"product_cat-celoletne-pnevmatike","7":"product_tag-ny-at187","8":"product_tag-onyx","9":"pa_dimenzija-607","10":"desktop-align-center","11":"tablet-align-left","12":"mobile-align-left","13":"ast-product-gallery-layout-first-image-large","14":"ast-product-gallery-with-no-image","15":"ast-product-tabs-layout-accordion","17":"first","18":"outofstock","19":"taxable","20":"shipping-taxable","21":"purchasable","22":"product-type-simple"},"acf":[],"yoast_head":"<!-- This site is optimized with the Yoast SEO plugin v27.1.1 - https:\/\/yoast.com\/product\/yoast-seo-wordpress\/ -->\n<title>235\/70 R16 106T ONYX NY-AT187 - Famm Co.<\/title>\n<meta name=\"robots\" content=\"index, follow, max-snippet:-1, max-image-preview:large, max-video-preview:-1\" \/>\n<link rel=\"canonical\" href=\"https:\/\/www.fammcommerce.si\/hr\/izdelek\/235-70-r16-106t-onyx-ny-at187\/\" \/>\n<meta property=\"og:locale\" content=\"hr_HR\" \/>\n<meta property=\"og:type\" content=\"article\" \/>\n<meta property=\"og:title\" content=\"235\/70 R16 106T ONYX NY-AT187 - Famm Co.\" \/>\n<meta property=\"og:description\" content=\"ONYX NY-AT187 pnevmatika je off-road pnevmatika namenjena 4x4 in SUV vozilom. Odli\u010den oprijem na off-road povr\u0161inah ter izjemne lastnosti pri zaviranju tako na mokri kot na suhi podlagi. Lastnosti \u0160tirje kanali Blazinice z visoko gostoto s spojino iz silicijevega dioksida Spremenljiv vzorec in optimiziran dizajn odtisa Oja\u010dana sredinska rebra Najlonski trak brez spojev Prednosti Prepre\u010duje &quot;aquaplaning&quot; z izbolj\u0161animi in odprtimi ramenskimi re\u017eami Omogo\u010da gladko vo\u017enjo, nizek hrup in odli\u010den oprijem na suhih in mokrih cestah Vrhunsko udobje in tiha vo\u017enja Zagotavlja stabilnost krmiljenja in udobno vo\u017enjo Eenakomernost tekalne plasti in stabilnost pri visokih hitrostih\" \/>\n<meta property=\"og:url\" content=\"https:\/\/www.fammcommerce.si\/hr\/izdelek\/235-70-r16-106t-onyx-ny-at187\/\" \/>\n<meta property=\"og:site_name\" content=\"Famm Co.\" \/>\n<meta property=\"article:modified_time\" content=\"2025-05-15T07:41:39+00:00\" \/>\n<meta property=\"og:image\" content=\"https:\/\/www.fammcommerce.si\/wp-content\/uploads\/2020\/09\/NY-AT187.jpg\" \/>\n\t<meta property=\"og:image:width\" content=\"1024\" \/>\n\t<meta property=\"og:image:height\" content=\"1024\" \/>\n\t<meta property=\"og:image:type\" content=\"image\/jpeg\" \/>\n<meta name=\"twitter:card\" content=\"summary_large_image\" \/>\n<script type=\"application\/ld+json\" class=\"yoast-schema-graph\">{\"@context\":\"https:\/\/schema.org\",\"@graph\":[{\"@type\":\"WebPage\",\"@id\":\"https:\/\/www.fammcommerce.si\/hr\/izdelek\/235-70-r16-106t-onyx-ny-at187\/\",\"url\":\"https:\/\/www.fammcommerce.si\/hr\/izdelek\/235-70-r16-106t-onyx-ny-at187\/\",\"name\":\"235\/70 R16 106T ONYX NY-AT187 - Famm Co.\",\"isPartOf\":{\"@id\":\"https:\/\/www.fammcommerce.si\/hr\/#website\"},\"primaryImageOfPage\":{\"@id\":\"https:\/\/www.fammcommerce.si\/hr\/izdelek\/235-70-r16-106t-onyx-ny-at187\/#primaryimage\"},\"image\":{\"@id\":\"https:\/\/www.fammcommerce.si\/hr\/izdelek\/235-70-r16-106t-onyx-ny-at187\/#primaryimage\"},\"thumbnailUrl\":\"https:\/\/www.fammcommerce.si\/wp-content\/uploads\/2020\/09\/NY-AT187.jpg\",\"datePublished\":\"2021-08-28T04:33:26+00:00\",\"dateModified\":\"2025-05-15T07:41:39+00:00\",\"breadcrumb\":{\"@id\":\"https:\/\/www.fammcommerce.si\/hr\/izdelek\/235-70-r16-106t-onyx-ny-at187\/#breadcrumb\"},\"inLanguage\":\"hr\",\"potentialAction\":[{\"@type\":\"ReadAction\",\"target\":[\"https:\/\/www.fammcommerce.si\/hr\/izdelek\/235-70-r16-106t-onyx-ny-at187\/\"]}]},{\"@type\":\"ImageObject\",\"inLanguage\":\"hr\",\"@id\":\"https:\/\/www.fammcommerce.si\/hr\/izdelek\/235-70-r16-106t-onyx-ny-at187\/#primaryimage\",\"url\":\"https:\/\/www.fammcommerce.si\/wp-content\/uploads\/2020\/09\/NY-AT187.jpg\",\"contentUrl\":\"https:\/\/www.fammcommerce.si\/wp-content\/uploads\/2020\/09\/NY-AT187.jpg\",\"width\":1024,\"height\":1024},{\"@type\":\"BreadcrumbList\",\"@id\":\"https:\/\/www.fammcommerce.si\/hr\/izdelek\/235-70-r16-106t-onyx-ny-at187\/#breadcrumb\",\"itemListElement\":[{\"@type\":\"ListItem\",\"position\":1,\"name\":\"Domov\",\"item\":\"https:\/\/www.fammcommerce.si\/hr\/\"},{\"@type\":\"ListItem\",\"position\":2,\"name\":\"Trgovina\",\"item\":\"https:\/\/www.fammcommerce.si\/trgovina\/\"},{\"@type\":\"ListItem\",\"position\":3,\"name\":\"Celoletne pnevmatike\",\"item\":\"https:\/\/www.fammcommerce.si\/hr\/product-category\/celoletne-pnevmatike\/\"},{\"@type\":\"ListItem\",\"position\":4,\"name\":\"235\/70 R16 106T ONYX NY-AT187\"}]},{\"@type\":\"WebSite\",\"@id\":\"https:\/\/www.fammcommerce.si\/hr\/#website\",\"url\":\"https:\/\/www.fammcommerce.si\/hr\/\",\"name\":\"Famm Co.\",\"description\":\"Strokovnjaki za pnevmatike\",\"publisher\":{\"@id\":\"https:\/\/www.fammcommerce.si\/hr\/#organization\"},\"potentialAction\":[{\"@type\":\"SearchAction\",\"target\":{\"@type\":\"EntryPoint\",\"urlTemplate\":\"https:\/\/www.fammcommerce.si\/hr\/?s={search_term_string}\"},\"query-input\":{\"@type\":\"PropertyValueSpecification\",\"valueRequired\":true,\"valueName\":\"search_term_string\"}}],\"inLanguage\":\"hr\"},{\"@type\":\"Organization\",\"@id\":\"https:\/\/www.fammcommerce.si\/hr\/#organization\",\"name\":\"Famm Co.\",\"url\":\"https:\/\/www.fammcommerce.si\/hr\/\",\"logo\":{\"@type\":\"ImageObject\",\"inLanguage\":\"hr\",\"@id\":\"https:\/\/www.fammcommerce.si\/hr\/#\/schema\/logo\/image\/\",\"url\":\"https:\/\/www.fammcommerce.si\/wp-content\/uploads\/2020\/06\/fammco-logo-web-sized.jpg\",\"contentUrl\":\"https:\/\/www.fammcommerce.si\/wp-content\/uploads\/2020\/06\/fammco-logo-web-sized.jpg\",\"width\":129,\"height\":52,\"caption\":\"Famm Co.\"},\"image\":{\"@id\":\"https:\/\/www.fammcommerce.si\/hr\/#\/schema\/logo\/image\/\"}}]}<\/script>\n<!-- \/ Yoast SEO plugin. -->","yoast_head_json":{"title":"235\/70 R16 106T ONYX NY-AT187 - Famm Co.","robots":{"index":"index","follow":"follow","max-snippet":"max-snippet:-1","max-image-preview":"max-image-preview:large","max-video-preview":"max-video-preview:-1"},"canonical":"https:\/\/www.fammcommerce.si\/hr\/izdelek\/235-70-r16-106t-onyx-ny-at187\/","og_locale":"hr_HR","og_type":"article","og_title":"235\/70 R16 106T ONYX NY-AT187 - Famm Co.","og_description":"ONYX NY-AT187 pnevmatika je off-road pnevmatika namenjena 4x4 in SUV vozilom. Odli\u010den oprijem na off-road povr\u0161inah ter izjemne lastnosti pri zaviranju tako na mokri kot na suhi podlagi. Lastnosti \u0160tirje kanali Blazinice z visoko gostoto s spojino iz silicijevega dioksida Spremenljiv vzorec in optimiziran dizajn odtisa Oja\u010dana sredinska rebra Najlonski trak brez spojev Prednosti Prepre\u010duje \"aquaplaning\" z izbolj\u0161animi in odprtimi ramenskimi re\u017eami Omogo\u010da gladko vo\u017enjo, nizek hrup in odli\u010den oprijem na suhih in mokrih cestah Vrhunsko udobje in tiha vo\u017enja Zagotavlja stabilnost krmiljenja in udobno vo\u017enjo Eenakomernost tekalne plasti in stabilnost pri visokih hitrostih","og_url":"https:\/\/www.fammcommerce.si\/hr\/izdelek\/235-70-r16-106t-onyx-ny-at187\/","og_site_name":"Famm Co.","article_modified_time":"2025-05-15T07:41:39+00:00","og_image":[{"width":1024,"height":1024,"url":"https:\/\/www.fammcommerce.si\/wp-content\/uploads\/2020\/09\/NY-AT187.jpg","type":"image\/jpeg"}],"twitter_card":"summary_large_image","schema":{"@context":"https:\/\/schema.org","@graph":[{"@type":"WebPage","@id":"https:\/\/www.fammcommerce.si\/hr\/izdelek\/235-70-r16-106t-onyx-ny-at187\/","url":"https:\/\/www.fammcommerce.si\/hr\/izdelek\/235-70-r16-106t-onyx-ny-at187\/","name":"235\/70 R16 106T ONYX NY-AT187 - Famm Co.","isPartOf":{"@id":"https:\/\/www.fammcommerce.si\/hr\/#website"},"primaryImageOfPage":{"@id":"https:\/\/www.fammcommerce.si\/hr\/izdelek\/235-70-r16-106t-onyx-ny-at187\/#primaryimage"},"image":{"@id":"https:\/\/www.fammcommerce.si\/hr\/izdelek\/235-70-r16-106t-onyx-ny-at187\/#primaryimage"},"thumbnailUrl":"https:\/\/www.fammcommerce.si\/wp-content\/uploads\/2020\/09\/NY-AT187.jpg","datePublished":"2021-08-28T04:33:26+00:00","dateModified":"2025-05-15T07:41:39+00:00","breadcrumb":{"@id":"https:\/\/www.fammcommerce.si\/hr\/izdelek\/235-70-r16-106t-onyx-ny-at187\/#breadcrumb"},"inLanguage":"hr","potentialAction":[{"@type":"ReadAction","target":["https:\/\/www.fammcommerce.si\/hr\/izdelek\/235-70-r16-106t-onyx-ny-at187\/"]}]},{"@type":"ImageObject","inLanguage":"hr","@id":"https:\/\/www.fammcommerce.si\/hr\/izdelek\/235-70-r16-106t-onyx-ny-at187\/#primaryimage","url":"https:\/\/www.fammcommerce.si\/wp-content\/uploads\/2020\/09\/NY-AT187.jpg","contentUrl":"https:\/\/www.fammcommerce.si\/wp-content\/uploads\/2020\/09\/NY-AT187.jpg","width":1024,"height":1024},{"@type":"BreadcrumbList","@id":"https:\/\/www.fammcommerce.si\/hr\/izdelek\/235-70-r16-106t-onyx-ny-at187\/#breadcrumb","itemListElement":[{"@type":"ListItem","position":1,"name":"Domov","item":"https:\/\/www.fammcommerce.si\/hr\/"},{"@type":"ListItem","position":2,"name":"Trgovina","item":"https:\/\/www.fammcommerce.si\/trgovina\/"},{"@type":"ListItem","position":3,"name":"Celoletne pnevmatike","item":"https:\/\/www.fammcommerce.si\/hr\/product-category\/celoletne-pnevmatike\/"},{"@type":"ListItem","position":4,"name":"235\/70 R16 106T ONYX NY-AT187"}]},{"@type":"WebSite","@id":"https:\/\/www.fammcommerce.si\/hr\/#website","url":"https:\/\/www.fammcommerce.si\/hr\/","name":"Famm Co.","description":"Strokovnjaki za pnevmatike","publisher":{"@id":"https:\/\/www.fammcommerce.si\/hr\/#organization"},"potentialAction":[{"@type":"SearchAction","target":{"@type":"EntryPoint","urlTemplate":"https:\/\/www.fammcommerce.si\/hr\/?s={search_term_string}"},"query-input":{"@type":"PropertyValueSpecification","valueRequired":true,"valueName":"search_term_string"}}],"inLanguage":"hr"},{"@type":"Organization","@id":"https:\/\/www.fammcommerce.si\/hr\/#organization","name":"Famm Co.","url":"https:\/\/www.fammcommerce.si\/hr\/","logo":{"@type":"ImageObject","inLanguage":"hr","@id":"https:\/\/www.fammcommerce.si\/hr\/#\/schema\/logo\/image\/","url":"https:\/\/www.fammcommerce.si\/wp-content\/uploads\/2020\/06\/fammco-logo-web-sized.jpg","contentUrl":"https:\/\/www.fammcommerce.si\/wp-content\/uploads\/2020\/06\/fammco-logo-web-sized.jpg","width":129,"height":52,"caption":"Famm Co."},"image":{"@id":"https:\/\/www.fammcommerce.si\/hr\/#\/schema\/logo\/image\/"}}]}},"_links":{"self":[{"href":"https:\/\/www.fammcommerce.si\/hr\/wp-json\/wp\/v2\/product\/9463","targetHints":{"allow":["GET"]}}],"collection":[{"href":"https:\/\/www.fammcommerce.si\/hr\/wp-json\/wp\/v2\/product"}],"about":[{"href":"https:\/\/www.fammcommerce.si\/hr\/wp-json\/wp\/v2\/types\/product"}],"wp:featuredmedia":[{"embeddable":true,"href":"https:\/\/www.fammcommerce.si\/hr\/wp-json\/wp\/v2\/media\/9464"}],"wp:attachment":[{"href":"https:\/\/www.fammcommerce.si\/hr\/wp-json\/wp\/v2\/media?parent=9463"}],"wp:term":[{"taxonomy":"product_brand","embeddable":true,"href":"https:\/\/www.fammcommerce.si\/hr\/wp-json\/wp\/v2\/product_brand?post=9463"},{"taxonomy":"product_cat","embeddable":true,"href":"https:\/\/www.fammcommerce.si\/hr\/wp-json\/wp\/v2\/product_cat?post=9463"},{"taxonomy":"product_tag","embeddable":true,"href":"https:\/\/www.fammcommerce.si\/hr\/wp-json\/wp\/v2\/product_tag?post=9463"}],"curies":[{"name":"wp","href":"https:\/\/api.w.org\/{rel}","templated":true}]}}