{"id":2924,"date":"2024-01-15T06:34:13","date_gmt":"2024-01-15T05:34:13","guid":{"rendered":"https:\/\/fammcommerce.si\/izdelek\/235-65-r17-108v-yokohama-rv02\/"},"modified":"2026-03-22T09:41:45","modified_gmt":"2026-03-22T08:41:45","slug":"235-65-r17-108v-yokohama-rv02","status":"publish","type":"product","link":"https:\/\/www.fammcommerce.si\/hr\/izdelek\/235-65-r17-108v-yokohama-rv02\/","title":{"rendered":"235\/65 R17 108V YOKOHAMA RV02"},"content":{"rendered":"","protected":false},"excerpt":{"rendered":"<p>Uporaba:<br \/>\nmajhni mestni terenci<br \/>\nvi\u0161ija osebna vozila<br \/>\nPrednosti:<br \/>\nEkstremen oprijem na mokrem in suhem z okoljsko u\u010dinkovitostjo<br \/>\nVar\u010devanje z gorivom tudi pri dinami\u010dni vo\u017enji<br \/>\nOdli\u010dne vozne lastnosti z zanesljivim upravljanjem in visokim udobjem<br \/>\nDalj\u0161a \u017eivljenjska doba<\/p>\n<p>Lastnosti:<br \/>\nnano BLEND zmes z &#8220;Pomaran\u010dnim oljem&#8221;<br \/>\nPodloga za var\u010devanje z gorivom<br \/>\nExtra mo\u010dni profil<br \/>\nZasnova nizke hrupnosti<br \/>\nLahka zasnova<br \/>\nTiha in udobna vo\u017enja<\/p>\n<p>Letna avtomobilska pnevmatika Bluearth RV-02, znamke Yokohama, je namenjena SUV vozilom. Odlikuje jo nizka raven hrupa, manj vibracij ob vo\u017enji ter dober oprijem na mokri podlagi. Oja\u010ditev ramenskega dela tekalne plasti pove\u010duje stabilnost, asimetri\u010dna izvedba tekalne plasti za CUV pa omogo\u010da vrhunsko upravljanje. Pnevmatika je okrepljena s pomaran\u010dnim oljem, ki ustvarja optimalno ravnovesje med porabo goriva in odpornostjo proti obrabi. Zagotavlja izbolj\u0161ano odvajanje vode in se pona\u0161a z var\u010dnostjo porabe goriva tudi pri dinami\u010dni vo\u017enji.<\/p>\n","protected":false},"featured_media":3632,"template":"","meta":{"_acf_changed":false,"site-sidebar-layout":"default","site-content-layout":"","ast-site-content-layout":"","site-content-style":"default","site-sidebar-style":"default","ast-global-header-display":"","ast-banner-title-visibility":"","ast-main-header-display":"","ast-hfb-above-header-display":"","ast-hfb-below-header-display":"","ast-hfb-mobile-header-display":"","site-post-title":"","ast-breadcrumbs-content":"","ast-featured-img":"","footer-sml-layout":"","theme-transparent-header-meta":"","adv-header-id-meta":"","stick-header-meta":"","header-above-stick-meta":"","header-main-stick-meta":"","header-below-stick-meta":"","astra-migrate-meta-layouts":"default","ast-page-background-enabled":"default","ast-page-background-meta":{"desktop":{"background-color":"","background-image":"","background-repeat":"repeat","background-position":"center center","background-size":"auto","background-attachment":"scroll","background-type":"","background-media":"","overlay-type":"","overlay-color":"","overlay-opacity":"","overlay-gradient":""},"tablet":{"background-color":"","background-image":"","background-repeat":"repeat","background-position":"center center","background-size":"auto","background-attachment":"scroll","background-type":"","background-media":"","overlay-type":"","overlay-color":"","overlay-opacity":"","overlay-gradient":""},"mobile":{"background-color":"","background-image":"","background-repeat":"repeat","background-position":"center center","background-size":"auto","background-attachment":"scroll","background-type":"","background-media":"","overlay-type":"","overlay-color":"","overlay-opacity":"","overlay-gradient":""}},"ast-content-background-meta":{"desktop":{"background-color":"var(--ast-global-color-5)","background-image":"","background-repeat":"repeat","background-position":"center center","background-size":"auto","background-attachment":"scroll","background-type":"","background-media":"","overlay-type":"","overlay-color":"","overlay-opacity":"","overlay-gradient":""},"tablet":{"background-color":"var(--ast-global-color-5)","background-image":"","background-repeat":"repeat","background-position":"center center","background-size":"auto","background-attachment":"scroll","background-type":"","background-media":"","overlay-type":"","overlay-color":"","overlay-opacity":"","overlay-gradient":""},"mobile":{"background-color":"var(--ast-global-color-5)","background-image":"","background-repeat":"repeat","background-position":"center center","background-size":"auto","background-attachment":"scroll","background-type":"","background-media":"","overlay-type":"","overlay-color":"","overlay-opacity":"","overlay-gradient":""}}},"product_brand":[],"product_cat":[289],"product_tag":[392,349],"class_list":{"0":"post-2924","1":"product","2":"type-product","3":"status-publish","4":"has-post-thumbnail","6":"product_cat-letne-pnevmatike","7":"product_tag-rv02","8":"product_tag-yokohama","9":"pa_dimenzija-648","10":"desktop-align-center","11":"tablet-align-left","12":"mobile-align-left","13":"ast-product-gallery-layout-first-image-large","14":"ast-product-gallery-with-no-image","15":"ast-product-tabs-layout-accordion","17":"first","18":"outofstock","19":"taxable","20":"shipping-taxable","21":"purchasable","22":"product-type-simple"},"acf":[],"yoast_head":"<!-- This site is optimized with the Yoast SEO plugin v27.1.1 - https:\/\/yoast.com\/product\/yoast-seo-wordpress\/ -->\n<title>235\/65 R17 108V YOKOHAMA RV02 - Famm Co.<\/title>\n<meta name=\"robots\" content=\"index, follow, max-snippet:-1, max-image-preview:large, max-video-preview:-1\" \/>\n<link rel=\"canonical\" href=\"https:\/\/www.fammcommerce.si\/hr\/izdelek\/235-65-r17-108v-yokohama-rv02\/\" \/>\n<meta property=\"og:locale\" content=\"hr_HR\" \/>\n<meta property=\"og:type\" content=\"article\" \/>\n<meta property=\"og:title\" content=\"235\/65 R17 108V YOKOHAMA RV02 - Famm Co.\" \/>\n<meta property=\"og:description\" content=\"Uporaba: majhni mestni terenci vi\u0161ija osebna vozila Prednosti: Ekstremen oprijem na mokrem in suhem z okoljsko u\u010dinkovitostjo Var\u010devanje z gorivom tudi pri dinami\u010dni vo\u017enji Odli\u010dne vozne lastnosti z zanesljivim upravljanjem in visokim udobjem Dalj\u0161a \u017eivljenjska doba Lastnosti: nano BLEND zmes z &quot;Pomaran\u010dnim oljem&quot; Podloga za var\u010devanje z gorivom Extra mo\u010dni profil Zasnova nizke hrupnosti Lahka zasnova Tiha in udobna vo\u017enja Letna avtomobilska pnevmatika Bluearth RV-02, znamke Yokohama, je namenjena SUV vozilom. Odlikuje jo nizka raven hrupa, manj vibracij ob vo\u017enji ter dober oprijem na mokri podlagi. Oja\u010ditev ramenskega dela tekalne plasti pove\u010duje stabilnost, asimetri\u010dna izvedba tekalne plasti za CUV pa omogo\u010da vrhunsko upravljanje. Pnevmatika je okrepljena s pomaran\u010dnim oljem, ki ustvarja optimalno ravnovesje med porabo goriva in odpornostjo proti obrabi. Zagotavlja izbolj\u0161ano odvajanje vode in se pona\u0161a z var\u010dnostjo porabe goriva tudi pri dinami\u010dni vo\u017enji.\" \/>\n<meta property=\"og:url\" content=\"https:\/\/www.fammcommerce.si\/hr\/izdelek\/235-65-r17-108v-yokohama-rv02\/\" \/>\n<meta property=\"og:site_name\" content=\"Famm Co.\" \/>\n<meta property=\"article:modified_time\" content=\"2026-03-22T08:41:45+00:00\" \/>\n<meta property=\"og:image\" content=\"https:\/\/www.fammcommerce.si\/wp-content\/uploads\/2020\/07\/RV02.jpg\" \/>\n\t<meta property=\"og:image:width\" content=\"1024\" \/>\n\t<meta property=\"og:image:height\" content=\"1024\" \/>\n\t<meta property=\"og:image:type\" content=\"image\/jpeg\" \/>\n<meta name=\"twitter:card\" content=\"summary_large_image\" \/>\n<script type=\"application\/ld+json\" class=\"yoast-schema-graph\">{\"@context\":\"https:\/\/schema.org\",\"@graph\":[{\"@type\":\"WebPage\",\"@id\":\"https:\/\/www.fammcommerce.si\/hr\/izdelek\/235-65-r17-108v-yokohama-rv02\/\",\"url\":\"https:\/\/www.fammcommerce.si\/hr\/izdelek\/235-65-r17-108v-yokohama-rv02\/\",\"name\":\"235\/65 R17 108V YOKOHAMA RV02 - Famm Co.\",\"isPartOf\":{\"@id\":\"https:\/\/www.fammcommerce.si\/hr\/#website\"},\"primaryImageOfPage\":{\"@id\":\"https:\/\/www.fammcommerce.si\/hr\/izdelek\/235-65-r17-108v-yokohama-rv02\/#primaryimage\"},\"image\":{\"@id\":\"https:\/\/www.fammcommerce.si\/hr\/izdelek\/235-65-r17-108v-yokohama-rv02\/#primaryimage\"},\"thumbnailUrl\":\"https:\/\/www.fammcommerce.si\/wp-content\/uploads\/2020\/07\/RV02.jpg\",\"datePublished\":\"2024-01-15T05:34:13+00:00\",\"dateModified\":\"2026-03-22T08:41:45+00:00\",\"breadcrumb\":{\"@id\":\"https:\/\/www.fammcommerce.si\/hr\/izdelek\/235-65-r17-108v-yokohama-rv02\/#breadcrumb\"},\"inLanguage\":\"hr\",\"potentialAction\":[{\"@type\":\"ReadAction\",\"target\":[\"https:\/\/www.fammcommerce.si\/hr\/izdelek\/235-65-r17-108v-yokohama-rv02\/\"]}]},{\"@type\":\"ImageObject\",\"inLanguage\":\"hr\",\"@id\":\"https:\/\/www.fammcommerce.si\/hr\/izdelek\/235-65-r17-108v-yokohama-rv02\/#primaryimage\",\"url\":\"https:\/\/www.fammcommerce.si\/wp-content\/uploads\/2020\/07\/RV02.jpg\",\"contentUrl\":\"https:\/\/www.fammcommerce.si\/wp-content\/uploads\/2020\/07\/RV02.jpg\",\"width\":1024,\"height\":1024},{\"@type\":\"BreadcrumbList\",\"@id\":\"https:\/\/www.fammcommerce.si\/hr\/izdelek\/235-65-r17-108v-yokohama-rv02\/#breadcrumb\",\"itemListElement\":[{\"@type\":\"ListItem\",\"position\":1,\"name\":\"Domov\",\"item\":\"https:\/\/www.fammcommerce.si\/hr\/\"},{\"@type\":\"ListItem\",\"position\":2,\"name\":\"Trgovina\",\"item\":\"https:\/\/www.fammcommerce.si\/trgovina\/\"},{\"@type\":\"ListItem\",\"position\":3,\"name\":\"Letne pnevmatike\",\"item\":\"https:\/\/www.fammcommerce.si\/hr\/product-category\/letne-pnevmatike\/\"},{\"@type\":\"ListItem\",\"position\":4,\"name\":\"235\/65 R17 108V YOKOHAMA RV02\"}]},{\"@type\":\"WebSite\",\"@id\":\"https:\/\/www.fammcommerce.si\/hr\/#website\",\"url\":\"https:\/\/www.fammcommerce.si\/hr\/\",\"name\":\"Famm Co.\",\"description\":\"Strokovnjaki za pnevmatike\",\"publisher\":{\"@id\":\"https:\/\/www.fammcommerce.si\/hr\/#organization\"},\"potentialAction\":[{\"@type\":\"SearchAction\",\"target\":{\"@type\":\"EntryPoint\",\"urlTemplate\":\"https:\/\/www.fammcommerce.si\/hr\/?s={search_term_string}\"},\"query-input\":{\"@type\":\"PropertyValueSpecification\",\"valueRequired\":true,\"valueName\":\"search_term_string\"}}],\"inLanguage\":\"hr\"},{\"@type\":\"Organization\",\"@id\":\"https:\/\/www.fammcommerce.si\/hr\/#organization\",\"name\":\"Famm Co.\",\"url\":\"https:\/\/www.fammcommerce.si\/hr\/\",\"logo\":{\"@type\":\"ImageObject\",\"inLanguage\":\"hr\",\"@id\":\"https:\/\/www.fammcommerce.si\/hr\/#\/schema\/logo\/image\/\",\"url\":\"https:\/\/www.fammcommerce.si\/wp-content\/uploads\/2020\/06\/fammco-logo-web-sized.jpg\",\"contentUrl\":\"https:\/\/www.fammcommerce.si\/wp-content\/uploads\/2020\/06\/fammco-logo-web-sized.jpg\",\"width\":129,\"height\":52,\"caption\":\"Famm Co.\"},\"image\":{\"@id\":\"https:\/\/www.fammcommerce.si\/hr\/#\/schema\/logo\/image\/\"}}]}<\/script>\n<!-- \/ Yoast SEO plugin. -->","yoast_head_json":{"title":"235\/65 R17 108V YOKOHAMA RV02 - Famm Co.","robots":{"index":"index","follow":"follow","max-snippet":"max-snippet:-1","max-image-preview":"max-image-preview:large","max-video-preview":"max-video-preview:-1"},"canonical":"https:\/\/www.fammcommerce.si\/hr\/izdelek\/235-65-r17-108v-yokohama-rv02\/","og_locale":"hr_HR","og_type":"article","og_title":"235\/65 R17 108V YOKOHAMA RV02 - Famm Co.","og_description":"Uporaba: majhni mestni terenci vi\u0161ija osebna vozila Prednosti: Ekstremen oprijem na mokrem in suhem z okoljsko u\u010dinkovitostjo Var\u010devanje z gorivom tudi pri dinami\u010dni vo\u017enji Odli\u010dne vozne lastnosti z zanesljivim upravljanjem in visokim udobjem Dalj\u0161a \u017eivljenjska doba Lastnosti: nano BLEND zmes z \"Pomaran\u010dnim oljem\" Podloga za var\u010devanje z gorivom Extra mo\u010dni profil Zasnova nizke hrupnosti Lahka zasnova Tiha in udobna vo\u017enja Letna avtomobilska pnevmatika Bluearth RV-02, znamke Yokohama, je namenjena SUV vozilom. Odlikuje jo nizka raven hrupa, manj vibracij ob vo\u017enji ter dober oprijem na mokri podlagi. Oja\u010ditev ramenskega dela tekalne plasti pove\u010duje stabilnost, asimetri\u010dna izvedba tekalne plasti za CUV pa omogo\u010da vrhunsko upravljanje. Pnevmatika je okrepljena s pomaran\u010dnim oljem, ki ustvarja optimalno ravnovesje med porabo goriva in odpornostjo proti obrabi. Zagotavlja izbolj\u0161ano odvajanje vode in se pona\u0161a z var\u010dnostjo porabe goriva tudi pri dinami\u010dni vo\u017enji.","og_url":"https:\/\/www.fammcommerce.si\/hr\/izdelek\/235-65-r17-108v-yokohama-rv02\/","og_site_name":"Famm Co.","article_modified_time":"2026-03-22T08:41:45+00:00","og_image":[{"width":1024,"height":1024,"url":"https:\/\/www.fammcommerce.si\/wp-content\/uploads\/2020\/07\/RV02.jpg","type":"image\/jpeg"}],"twitter_card":"summary_large_image","schema":{"@context":"https:\/\/schema.org","@graph":[{"@type":"WebPage","@id":"https:\/\/www.fammcommerce.si\/hr\/izdelek\/235-65-r17-108v-yokohama-rv02\/","url":"https:\/\/www.fammcommerce.si\/hr\/izdelek\/235-65-r17-108v-yokohama-rv02\/","name":"235\/65 R17 108V YOKOHAMA RV02 - Famm Co.","isPartOf":{"@id":"https:\/\/www.fammcommerce.si\/hr\/#website"},"primaryImageOfPage":{"@id":"https:\/\/www.fammcommerce.si\/hr\/izdelek\/235-65-r17-108v-yokohama-rv02\/#primaryimage"},"image":{"@id":"https:\/\/www.fammcommerce.si\/hr\/izdelek\/235-65-r17-108v-yokohama-rv02\/#primaryimage"},"thumbnailUrl":"https:\/\/www.fammcommerce.si\/wp-content\/uploads\/2020\/07\/RV02.jpg","datePublished":"2024-01-15T05:34:13+00:00","dateModified":"2026-03-22T08:41:45+00:00","breadcrumb":{"@id":"https:\/\/www.fammcommerce.si\/hr\/izdelek\/235-65-r17-108v-yokohama-rv02\/#breadcrumb"},"inLanguage":"hr","potentialAction":[{"@type":"ReadAction","target":["https:\/\/www.fammcommerce.si\/hr\/izdelek\/235-65-r17-108v-yokohama-rv02\/"]}]},{"@type":"ImageObject","inLanguage":"hr","@id":"https:\/\/www.fammcommerce.si\/hr\/izdelek\/235-65-r17-108v-yokohama-rv02\/#primaryimage","url":"https:\/\/www.fammcommerce.si\/wp-content\/uploads\/2020\/07\/RV02.jpg","contentUrl":"https:\/\/www.fammcommerce.si\/wp-content\/uploads\/2020\/07\/RV02.jpg","width":1024,"height":1024},{"@type":"BreadcrumbList","@id":"https:\/\/www.fammcommerce.si\/hr\/izdelek\/235-65-r17-108v-yokohama-rv02\/#breadcrumb","itemListElement":[{"@type":"ListItem","position":1,"name":"Domov","item":"https:\/\/www.fammcommerce.si\/hr\/"},{"@type":"ListItem","position":2,"name":"Trgovina","item":"https:\/\/www.fammcommerce.si\/trgovina\/"},{"@type":"ListItem","position":3,"name":"Letne pnevmatike","item":"https:\/\/www.fammcommerce.si\/hr\/product-category\/letne-pnevmatike\/"},{"@type":"ListItem","position":4,"name":"235\/65 R17 108V YOKOHAMA RV02"}]},{"@type":"WebSite","@id":"https:\/\/www.fammcommerce.si\/hr\/#website","url":"https:\/\/www.fammcommerce.si\/hr\/","name":"Famm Co.","description":"Strokovnjaki za pnevmatike","publisher":{"@id":"https:\/\/www.fammcommerce.si\/hr\/#organization"},"potentialAction":[{"@type":"SearchAction","target":{"@type":"EntryPoint","urlTemplate":"https:\/\/www.fammcommerce.si\/hr\/?s={search_term_string}"},"query-input":{"@type":"PropertyValueSpecification","valueRequired":true,"valueName":"search_term_string"}}],"inLanguage":"hr"},{"@type":"Organization","@id":"https:\/\/www.fammcommerce.si\/hr\/#organization","name":"Famm Co.","url":"https:\/\/www.fammcommerce.si\/hr\/","logo":{"@type":"ImageObject","inLanguage":"hr","@id":"https:\/\/www.fammcommerce.si\/hr\/#\/schema\/logo\/image\/","url":"https:\/\/www.fammcommerce.si\/wp-content\/uploads\/2020\/06\/fammco-logo-web-sized.jpg","contentUrl":"https:\/\/www.fammcommerce.si\/wp-content\/uploads\/2020\/06\/fammco-logo-web-sized.jpg","width":129,"height":52,"caption":"Famm Co."},"image":{"@id":"https:\/\/www.fammcommerce.si\/hr\/#\/schema\/logo\/image\/"}}]}},"_links":{"self":[{"href":"https:\/\/www.fammcommerce.si\/hr\/wp-json\/wp\/v2\/product\/2924","targetHints":{"allow":["GET"]}}],"collection":[{"href":"https:\/\/www.fammcommerce.si\/hr\/wp-json\/wp\/v2\/product"}],"about":[{"href":"https:\/\/www.fammcommerce.si\/hr\/wp-json\/wp\/v2\/types\/product"}],"wp:featuredmedia":[{"embeddable":true,"href":"https:\/\/www.fammcommerce.si\/hr\/wp-json\/wp\/v2\/media\/3632"}],"wp:attachment":[{"href":"https:\/\/www.fammcommerce.si\/hr\/wp-json\/wp\/v2\/media?parent=2924"}],"wp:term":[{"taxonomy":"product_brand","embeddable":true,"href":"https:\/\/www.fammcommerce.si\/hr\/wp-json\/wp\/v2\/product_brand?post=2924"},{"taxonomy":"product_cat","embeddable":true,"href":"https:\/\/www.fammcommerce.si\/hr\/wp-json\/wp\/v2\/product_cat?post=2924"},{"taxonomy":"product_tag","embeddable":true,"href":"https:\/\/www.fammcommerce.si\/hr\/wp-json\/wp\/v2\/product_tag?post=2924"}],"curies":[{"name":"wp","href":"https:\/\/api.w.org\/{rel}","templated":true}]}}