{"id":2835,"date":"2021-11-22T06:34:15","date_gmt":"2021-11-22T05:34:15","guid":{"rendered":"https:\/\/fammcommerce.si\/izdelek\/235-55-r17-99y-yokohama-v105\/"},"modified":"2026-03-19T09:41:46","modified_gmt":"2026-03-19T08:41:46","slug":"235-55-r17-99y-yokohama-v105s","status":"publish","type":"product","link":"https:\/\/www.fammcommerce.si\/hr\/izdelek\/235-55-r17-99y-yokohama-v105s\/","title":{"rendered":"235\/55 R17 99Y YOKOHAMA V105S"},"content":{"rendered":"","protected":false},"excerpt":{"rendered":"<p>Premium pnevmatika za visoke hitrosti, preko 300 km\/h (odvisno od velikosti), primerna za zmogljiva vozila. ADVAN Sport zagotavlja visoko stopnjo uravnote\u017eenosti vseh klju\u010dnih lastnosti, ki zagotavljajo izjemen oprijem na mokrem cesti\u0161\u010du, omogo\u010dajo \u0161porten na\u010din vo\u017enje in visoko stopnjo udobja. <\/p>\n<p>Prednosti:<br \/>\nPopolno razmerje \u0161potnosti in udobja<br \/>\nOdli\u010den oprijem na mokrih podlagah<br \/>\nNizek kotalni upor za ni\u017ejo porabo goriva<br \/>\nNizek zunanji hrup pnevmatike<br \/>\nKvaliteta dokazana v \u0161tevilnih prvih vgradnjah<\/p>\n<p>Lastnosti<br \/>\nNajnovej\u0161e YOKOHAMA napredne tehnologije za \u0161portnost in udobje<br \/>\nOkolju prijazne tehnologije<br \/>\nZasnova s skupnim razvojem z vrhunskimi proizvajalci vozil<\/p>\n","protected":false},"featured_media":3610,"template":"","meta":{"_acf_changed":false,"site-sidebar-layout":"default","site-content-layout":"","ast-site-content-layout":"","site-content-style":"default","site-sidebar-style":"default","ast-global-header-display":"","ast-banner-title-visibility":"","ast-main-header-display":"","ast-hfb-above-header-display":"","ast-hfb-below-header-display":"","ast-hfb-mobile-header-display":"","site-post-title":"","ast-breadcrumbs-content":"","ast-featured-img":"","footer-sml-layout":"","theme-transparent-header-meta":"","adv-header-id-meta":"","stick-header-meta":"","header-above-stick-meta":"","header-main-stick-meta":"","header-below-stick-meta":"","astra-migrate-meta-layouts":"default","ast-page-background-enabled":"default","ast-page-background-meta":{"desktop":{"background-color":"","background-image":"","background-repeat":"repeat","background-position":"center center","background-size":"auto","background-attachment":"scroll","background-type":"","background-media":"","overlay-type":"","overlay-color":"","overlay-opacity":"","overlay-gradient":""},"tablet":{"background-color":"","background-image":"","background-repeat":"repeat","background-position":"center center","background-size":"auto","background-attachment":"scroll","background-type":"","background-media":"","overlay-type":"","overlay-color":"","overlay-opacity":"","overlay-gradient":""},"mobile":{"background-color":"","background-image":"","background-repeat":"repeat","background-position":"center center","background-size":"auto","background-attachment":"scroll","background-type":"","background-media":"","overlay-type":"","overlay-color":"","overlay-opacity":"","overlay-gradient":""}},"ast-content-background-meta":{"desktop":{"background-color":"var(--ast-global-color-5)","background-image":"","background-repeat":"repeat","background-position":"center center","background-size":"auto","background-attachment":"scroll","background-type":"","background-media":"","overlay-type":"","overlay-color":"","overlay-opacity":"","overlay-gradient":""},"tablet":{"background-color":"var(--ast-global-color-5)","background-image":"","background-repeat":"repeat","background-position":"center center","background-size":"auto","background-attachment":"scroll","background-type":"","background-media":"","overlay-type":"","overlay-color":"","overlay-opacity":"","overlay-gradient":""},"mobile":{"background-color":"var(--ast-global-color-5)","background-image":"","background-repeat":"repeat","background-position":"center center","background-size":"auto","background-attachment":"scroll","background-type":"","background-media":"","overlay-type":"","overlay-color":"","overlay-opacity":"","overlay-gradient":""}}},"product_brand":[],"product_cat":[289],"product_tag":[386,349],"class_list":{"0":"post-2835","1":"product","2":"type-product","3":"status-publish","4":"has-post-thumbnail","6":"product_cat-letne-pnevmatike","7":"product_tag-v105","8":"product_tag-yokohama","9":"pa_dimenzija-647","10":"desktop-align-center","11":"tablet-align-left","12":"mobile-align-left","13":"ast-product-gallery-layout-first-image-large","14":"ast-product-gallery-with-no-image","15":"ast-product-tabs-layout-accordion","17":"first","18":"outofstock","19":"taxable","20":"shipping-taxable","21":"purchasable","22":"product-type-simple"},"acf":[],"yoast_head":"<!-- This site is optimized with the Yoast SEO plugin v27.1.1 - https:\/\/yoast.com\/product\/yoast-seo-wordpress\/ -->\n<title>235\/55 R17 99Y YOKOHAMA V105S - Famm Co.<\/title>\n<meta name=\"robots\" content=\"index, follow, max-snippet:-1, max-image-preview:large, max-video-preview:-1\" \/>\n<link rel=\"canonical\" href=\"https:\/\/www.fammcommerce.si\/hr\/izdelek\/235-55-r17-99y-yokohama-v105s\/\" \/>\n<meta property=\"og:locale\" content=\"hr_HR\" \/>\n<meta property=\"og:type\" content=\"article\" \/>\n<meta property=\"og:title\" content=\"235\/55 R17 99Y YOKOHAMA V105S - Famm Co.\" \/>\n<meta property=\"og:description\" content=\"Premium pnevmatika za visoke hitrosti, preko 300 km\/h (odvisno od velikosti), primerna za zmogljiva vozila. ADVAN Sport zagotavlja visoko stopnjo uravnote\u017eenosti vseh klju\u010dnih lastnosti, ki zagotavljajo izjemen oprijem na mokrem cesti\u0161\u010du, omogo\u010dajo \u0161porten na\u010din vo\u017enje in visoko stopnjo udobja.  Prednosti: Popolno razmerje \u0161potnosti in udobja Odli\u010den oprijem na mokrih podlagah Nizek kotalni upor za ni\u017ejo porabo goriva Nizek zunanji hrup pnevmatike Kvaliteta dokazana v \u0161tevilnih prvih vgradnjah Lastnosti Najnovej\u0161e YOKOHAMA napredne tehnologije za \u0161portnost in udobje Okolju prijazne tehnologije Zasnova s skupnim razvojem z vrhunskimi proizvajalci vozil\" \/>\n<meta property=\"og:url\" content=\"https:\/\/www.fammcommerce.si\/hr\/izdelek\/235-55-r17-99y-yokohama-v105s\/\" \/>\n<meta property=\"og:site_name\" content=\"Famm Co.\" \/>\n<meta property=\"article:modified_time\" content=\"2026-03-19T08:41:46+00:00\" \/>\n<meta property=\"og:image\" content=\"https:\/\/www.fammcommerce.si\/wp-content\/uploads\/2020\/07\/V105.jpg\" \/>\n\t<meta property=\"og:image:width\" content=\"1024\" \/>\n\t<meta property=\"og:image:height\" content=\"1024\" \/>\n\t<meta property=\"og:image:type\" content=\"image\/jpeg\" \/>\n<meta name=\"twitter:card\" content=\"summary_large_image\" \/>\n<script type=\"application\/ld+json\" class=\"yoast-schema-graph\">{\"@context\":\"https:\/\/schema.org\",\"@graph\":[{\"@type\":\"WebPage\",\"@id\":\"https:\/\/www.fammcommerce.si\/hr\/izdelek\/235-55-r17-99y-yokohama-v105s\/\",\"url\":\"https:\/\/www.fammcommerce.si\/hr\/izdelek\/235-55-r17-99y-yokohama-v105s\/\",\"name\":\"235\/55 R17 99Y YOKOHAMA V105S - Famm Co.\",\"isPartOf\":{\"@id\":\"https:\/\/www.fammcommerce.si\/hr\/#website\"},\"primaryImageOfPage\":{\"@id\":\"https:\/\/www.fammcommerce.si\/hr\/izdelek\/235-55-r17-99y-yokohama-v105s\/#primaryimage\"},\"image\":{\"@id\":\"https:\/\/www.fammcommerce.si\/hr\/izdelek\/235-55-r17-99y-yokohama-v105s\/#primaryimage\"},\"thumbnailUrl\":\"https:\/\/www.fammcommerce.si\/wp-content\/uploads\/2020\/07\/V105.jpg\",\"datePublished\":\"2021-11-22T05:34:15+00:00\",\"dateModified\":\"2026-03-19T08:41:46+00:00\",\"breadcrumb\":{\"@id\":\"https:\/\/www.fammcommerce.si\/hr\/izdelek\/235-55-r17-99y-yokohama-v105s\/#breadcrumb\"},\"inLanguage\":\"hr\",\"potentialAction\":[{\"@type\":\"ReadAction\",\"target\":[\"https:\/\/www.fammcommerce.si\/hr\/izdelek\/235-55-r17-99y-yokohama-v105s\/\"]}]},{\"@type\":\"ImageObject\",\"inLanguage\":\"hr\",\"@id\":\"https:\/\/www.fammcommerce.si\/hr\/izdelek\/235-55-r17-99y-yokohama-v105s\/#primaryimage\",\"url\":\"https:\/\/www.fammcommerce.si\/wp-content\/uploads\/2020\/07\/V105.jpg\",\"contentUrl\":\"https:\/\/www.fammcommerce.si\/wp-content\/uploads\/2020\/07\/V105.jpg\",\"width\":1024,\"height\":1024},{\"@type\":\"BreadcrumbList\",\"@id\":\"https:\/\/www.fammcommerce.si\/hr\/izdelek\/235-55-r17-99y-yokohama-v105s\/#breadcrumb\",\"itemListElement\":[{\"@type\":\"ListItem\",\"position\":1,\"name\":\"Domov\",\"item\":\"https:\/\/www.fammcommerce.si\/hr\/\"},{\"@type\":\"ListItem\",\"position\":2,\"name\":\"Trgovina\",\"item\":\"https:\/\/www.fammcommerce.si\/trgovina\/\"},{\"@type\":\"ListItem\",\"position\":3,\"name\":\"Letne pnevmatike\",\"item\":\"https:\/\/www.fammcommerce.si\/hr\/product-category\/letne-pnevmatike\/\"},{\"@type\":\"ListItem\",\"position\":4,\"name\":\"235\/55 R17 99Y YOKOHAMA V105S\"}]},{\"@type\":\"WebSite\",\"@id\":\"https:\/\/www.fammcommerce.si\/hr\/#website\",\"url\":\"https:\/\/www.fammcommerce.si\/hr\/\",\"name\":\"Famm Co.\",\"description\":\"Strokovnjaki za pnevmatike\",\"publisher\":{\"@id\":\"https:\/\/www.fammcommerce.si\/hr\/#organization\"},\"potentialAction\":[{\"@type\":\"SearchAction\",\"target\":{\"@type\":\"EntryPoint\",\"urlTemplate\":\"https:\/\/www.fammcommerce.si\/hr\/?s={search_term_string}\"},\"query-input\":{\"@type\":\"PropertyValueSpecification\",\"valueRequired\":true,\"valueName\":\"search_term_string\"}}],\"inLanguage\":\"hr\"},{\"@type\":\"Organization\",\"@id\":\"https:\/\/www.fammcommerce.si\/hr\/#organization\",\"name\":\"Famm Co.\",\"url\":\"https:\/\/www.fammcommerce.si\/hr\/\",\"logo\":{\"@type\":\"ImageObject\",\"inLanguage\":\"hr\",\"@id\":\"https:\/\/www.fammcommerce.si\/hr\/#\/schema\/logo\/image\/\",\"url\":\"https:\/\/www.fammcommerce.si\/wp-content\/uploads\/2020\/06\/fammco-logo-web-sized.jpg\",\"contentUrl\":\"https:\/\/www.fammcommerce.si\/wp-content\/uploads\/2020\/06\/fammco-logo-web-sized.jpg\",\"width\":129,\"height\":52,\"caption\":\"Famm Co.\"},\"image\":{\"@id\":\"https:\/\/www.fammcommerce.si\/hr\/#\/schema\/logo\/image\/\"}}]}<\/script>\n<!-- \/ Yoast SEO plugin. -->","yoast_head_json":{"title":"235\/55 R17 99Y YOKOHAMA V105S - Famm Co.","robots":{"index":"index","follow":"follow","max-snippet":"max-snippet:-1","max-image-preview":"max-image-preview:large","max-video-preview":"max-video-preview:-1"},"canonical":"https:\/\/www.fammcommerce.si\/hr\/izdelek\/235-55-r17-99y-yokohama-v105s\/","og_locale":"hr_HR","og_type":"article","og_title":"235\/55 R17 99Y YOKOHAMA V105S - Famm Co.","og_description":"Premium pnevmatika za visoke hitrosti, preko 300 km\/h (odvisno od velikosti), primerna za zmogljiva vozila. ADVAN Sport zagotavlja visoko stopnjo uravnote\u017eenosti vseh klju\u010dnih lastnosti, ki zagotavljajo izjemen oprijem na mokrem cesti\u0161\u010du, omogo\u010dajo \u0161porten na\u010din vo\u017enje in visoko stopnjo udobja.  Prednosti: Popolno razmerje \u0161potnosti in udobja Odli\u010den oprijem na mokrih podlagah Nizek kotalni upor za ni\u017ejo porabo goriva Nizek zunanji hrup pnevmatike Kvaliteta dokazana v \u0161tevilnih prvih vgradnjah Lastnosti Najnovej\u0161e YOKOHAMA napredne tehnologije za \u0161portnost in udobje Okolju prijazne tehnologije Zasnova s skupnim razvojem z vrhunskimi proizvajalci vozil","og_url":"https:\/\/www.fammcommerce.si\/hr\/izdelek\/235-55-r17-99y-yokohama-v105s\/","og_site_name":"Famm Co.","article_modified_time":"2026-03-19T08:41:46+00:00","og_image":[{"width":1024,"height":1024,"url":"https:\/\/www.fammcommerce.si\/wp-content\/uploads\/2020\/07\/V105.jpg","type":"image\/jpeg"}],"twitter_card":"summary_large_image","schema":{"@context":"https:\/\/schema.org","@graph":[{"@type":"WebPage","@id":"https:\/\/www.fammcommerce.si\/hr\/izdelek\/235-55-r17-99y-yokohama-v105s\/","url":"https:\/\/www.fammcommerce.si\/hr\/izdelek\/235-55-r17-99y-yokohama-v105s\/","name":"235\/55 R17 99Y YOKOHAMA V105S - Famm Co.","isPartOf":{"@id":"https:\/\/www.fammcommerce.si\/hr\/#website"},"primaryImageOfPage":{"@id":"https:\/\/www.fammcommerce.si\/hr\/izdelek\/235-55-r17-99y-yokohama-v105s\/#primaryimage"},"image":{"@id":"https:\/\/www.fammcommerce.si\/hr\/izdelek\/235-55-r17-99y-yokohama-v105s\/#primaryimage"},"thumbnailUrl":"https:\/\/www.fammcommerce.si\/wp-content\/uploads\/2020\/07\/V105.jpg","datePublished":"2021-11-22T05:34:15+00:00","dateModified":"2026-03-19T08:41:46+00:00","breadcrumb":{"@id":"https:\/\/www.fammcommerce.si\/hr\/izdelek\/235-55-r17-99y-yokohama-v105s\/#breadcrumb"},"inLanguage":"hr","potentialAction":[{"@type":"ReadAction","target":["https:\/\/www.fammcommerce.si\/hr\/izdelek\/235-55-r17-99y-yokohama-v105s\/"]}]},{"@type":"ImageObject","inLanguage":"hr","@id":"https:\/\/www.fammcommerce.si\/hr\/izdelek\/235-55-r17-99y-yokohama-v105s\/#primaryimage","url":"https:\/\/www.fammcommerce.si\/wp-content\/uploads\/2020\/07\/V105.jpg","contentUrl":"https:\/\/www.fammcommerce.si\/wp-content\/uploads\/2020\/07\/V105.jpg","width":1024,"height":1024},{"@type":"BreadcrumbList","@id":"https:\/\/www.fammcommerce.si\/hr\/izdelek\/235-55-r17-99y-yokohama-v105s\/#breadcrumb","itemListElement":[{"@type":"ListItem","position":1,"name":"Domov","item":"https:\/\/www.fammcommerce.si\/hr\/"},{"@type":"ListItem","position":2,"name":"Trgovina","item":"https:\/\/www.fammcommerce.si\/trgovina\/"},{"@type":"ListItem","position":3,"name":"Letne pnevmatike","item":"https:\/\/www.fammcommerce.si\/hr\/product-category\/letne-pnevmatike\/"},{"@type":"ListItem","position":4,"name":"235\/55 R17 99Y YOKOHAMA V105S"}]},{"@type":"WebSite","@id":"https:\/\/www.fammcommerce.si\/hr\/#website","url":"https:\/\/www.fammcommerce.si\/hr\/","name":"Famm Co.","description":"Strokovnjaki za pnevmatike","publisher":{"@id":"https:\/\/www.fammcommerce.si\/hr\/#organization"},"potentialAction":[{"@type":"SearchAction","target":{"@type":"EntryPoint","urlTemplate":"https:\/\/www.fammcommerce.si\/hr\/?s={search_term_string}"},"query-input":{"@type":"PropertyValueSpecification","valueRequired":true,"valueName":"search_term_string"}}],"inLanguage":"hr"},{"@type":"Organization","@id":"https:\/\/www.fammcommerce.si\/hr\/#organization","name":"Famm Co.","url":"https:\/\/www.fammcommerce.si\/hr\/","logo":{"@type":"ImageObject","inLanguage":"hr","@id":"https:\/\/www.fammcommerce.si\/hr\/#\/schema\/logo\/image\/","url":"https:\/\/www.fammcommerce.si\/wp-content\/uploads\/2020\/06\/fammco-logo-web-sized.jpg","contentUrl":"https:\/\/www.fammcommerce.si\/wp-content\/uploads\/2020\/06\/fammco-logo-web-sized.jpg","width":129,"height":52,"caption":"Famm Co."},"image":{"@id":"https:\/\/www.fammcommerce.si\/hr\/#\/schema\/logo\/image\/"}}]}},"_links":{"self":[{"href":"https:\/\/www.fammcommerce.si\/hr\/wp-json\/wp\/v2\/product\/2835","targetHints":{"allow":["GET"]}}],"collection":[{"href":"https:\/\/www.fammcommerce.si\/hr\/wp-json\/wp\/v2\/product"}],"about":[{"href":"https:\/\/www.fammcommerce.si\/hr\/wp-json\/wp\/v2\/types\/product"}],"wp:featuredmedia":[{"embeddable":true,"href":"https:\/\/www.fammcommerce.si\/hr\/wp-json\/wp\/v2\/media\/3610"}],"wp:attachment":[{"href":"https:\/\/www.fammcommerce.si\/hr\/wp-json\/wp\/v2\/media?parent=2835"}],"wp:term":[{"taxonomy":"product_brand","embeddable":true,"href":"https:\/\/www.fammcommerce.si\/hr\/wp-json\/wp\/v2\/product_brand?post=2835"},{"taxonomy":"product_cat","embeddable":true,"href":"https:\/\/www.fammcommerce.si\/hr\/wp-json\/wp\/v2\/product_cat?post=2835"},{"taxonomy":"product_tag","embeddable":true,"href":"https:\/\/www.fammcommerce.si\/hr\/wp-json\/wp\/v2\/product_tag?post=2835"}],"curies":[{"name":"wp","href":"https:\/\/api.w.org\/{rel}","templated":true}]}}