{"id":2651,"date":"2024-11-13T08:21:48","date_gmt":"2024-11-13T07:21:48","guid":{"rendered":"https:\/\/fammcommerce.si\/izdelek\/225-45-r17-94w-xl-duraturn-mozzosport\/"},"modified":"2026-03-15T09:40:57","modified_gmt":"2026-03-15T08:40:57","slug":"225-45-r17-94w-xl-duraturn-mozzosport","status":"publish","type":"product","link":"https:\/\/www.fammcommerce.si\/hr\/izdelek\/225-45-r17-94w-xl-duraturn-mozzosport\/","title":{"rendered":"225\/45 R17 94W XL DURATURN MOZZOSPORT"},"content":{"rendered":"","protected":false},"excerpt":{"rendered":"<p>Mozzo Sport je zasnovan za dana\u0161nje \u0161portne limuzine in coupe-je. Pnevmatike so izjemno zmogljive, imajo dolgo \u017eivljenjsko dobo in omogo\u010dajo gladko tiho vo\u017enjo. Z Mozzo Sport pnevmatiko lahko pri\u010dakujete odli\u010dno upravljanje in odli\u010den oprijem v mokrih in suhih razmerah. Pnevmatika ima dodatno oja\u010dan rob za ve\u010djo nosilnost (oznaka XL). Tehnologija pri Mozzo Sport zagotavlja izjemne zmogljivosti na cesti in udobje na dolgih relacijah.<\/p>\n<p>Zna\u010dilnosti in prednosti:<br \/>\n-4 \u0161iroki \u017elebovi zagotavljajo vrhunsko zmogljivost v mokrih razmerah,<br \/>\n-asimetri\u010dna konstrukcija ramen ob vrtenju pove\u010duje u\u010dinkovitost pri manevriranju,<br \/>\n-napredna tehnologija za zmanj\u0161anje hrupa ustvarja mirno in bolj prijetno vo\u017enjo,<br \/>\n-dvojna najlonska spiralna folija ohranja enakomernost za nemoteno vo\u017enjo.<\/p>\n","protected":false},"featured_media":3481,"template":"","meta":{"_acf_changed":false,"site-sidebar-layout":"default","site-content-layout":"","ast-site-content-layout":"","site-content-style":"default","site-sidebar-style":"default","ast-global-header-display":"","ast-banner-title-visibility":"","ast-main-header-display":"","ast-hfb-above-header-display":"","ast-hfb-below-header-display":"","ast-hfb-mobile-header-display":"","site-post-title":"","ast-breadcrumbs-content":"","ast-featured-img":"","footer-sml-layout":"","theme-transparent-header-meta":"","adv-header-id-meta":"","stick-header-meta":"","header-above-stick-meta":"","header-main-stick-meta":"","header-below-stick-meta":"","astra-migrate-meta-layouts":"default","ast-page-background-enabled":"default","ast-page-background-meta":{"desktop":{"background-color":"","background-image":"","background-repeat":"repeat","background-position":"center center","background-size":"auto","background-attachment":"scroll","background-type":"","background-media":"","overlay-type":"","overlay-color":"","overlay-opacity":"","overlay-gradient":""},"tablet":{"background-color":"","background-image":"","background-repeat":"repeat","background-position":"center center","background-size":"auto","background-attachment":"scroll","background-type":"","background-media":"","overlay-type":"","overlay-color":"","overlay-opacity":"","overlay-gradient":""},"mobile":{"background-color":"","background-image":"","background-repeat":"repeat","background-position":"center center","background-size":"auto","background-attachment":"scroll","background-type":"","background-media":"","overlay-type":"","overlay-color":"","overlay-opacity":"","overlay-gradient":""}},"ast-content-background-meta":{"desktop":{"background-color":"var(--ast-global-color-5)","background-image":"","background-repeat":"repeat","background-position":"center center","background-size":"auto","background-attachment":"scroll","background-type":"","background-media":"","overlay-type":"","overlay-color":"","overlay-opacity":"","overlay-gradient":""},"tablet":{"background-color":"var(--ast-global-color-5)","background-image":"","background-repeat":"repeat","background-position":"center center","background-size":"auto","background-attachment":"scroll","background-type":"","background-media":"","overlay-type":"","overlay-color":"","overlay-opacity":"","overlay-gradient":""},"mobile":{"background-color":"var(--ast-global-color-5)","background-image":"","background-repeat":"repeat","background-position":"center center","background-size":"auto","background-attachment":"scroll","background-type":"","background-media":"","overlay-type":"","overlay-color":"","overlay-opacity":"","overlay-gradient":""}}},"product_brand":[],"product_cat":[289],"product_tag":[340,358],"class_list":{"0":"post-2651","1":"product","2":"type-product","3":"status-publish","4":"has-post-thumbnail","6":"product_cat-letne-pnevmatike","7":"product_tag-duraturn","8":"product_tag-mozzosport","9":"pa_dimenzija-621","10":"desktop-align-center","11":"tablet-align-left","12":"mobile-align-left","13":"ast-product-gallery-layout-first-image-large","14":"ast-product-gallery-with-no-image","15":"ast-product-tabs-layout-accordion","17":"first","18":"outofstock","19":"taxable","20":"shipping-taxable","21":"purchasable","22":"product-type-simple"},"acf":[],"yoast_head":"<!-- This site is optimized with the Yoast SEO plugin v27.1.1 - https:\/\/yoast.com\/product\/yoast-seo-wordpress\/ -->\n<title>225\/45 R17 94W XL DURATURN MOZZOSPORT - Famm Co.<\/title>\n<meta name=\"robots\" content=\"index, follow, max-snippet:-1, max-image-preview:large, max-video-preview:-1\" \/>\n<link rel=\"canonical\" href=\"https:\/\/www.fammcommerce.si\/hr\/izdelek\/225-45-r17-94w-xl-duraturn-mozzosport\/\" \/>\n<meta property=\"og:locale\" content=\"hr_HR\" \/>\n<meta property=\"og:type\" content=\"article\" \/>\n<meta property=\"og:title\" content=\"225\/45 R17 94W XL DURATURN MOZZOSPORT - Famm Co.\" \/>\n<meta property=\"og:description\" content=\"Mozzo Sport je zasnovan za dana\u0161nje \u0161portne limuzine in coupe-je. Pnevmatike so izjemno zmogljive, imajo dolgo \u017eivljenjsko dobo in omogo\u010dajo gladko tiho vo\u017enjo. Z Mozzo Sport pnevmatiko lahko pri\u010dakujete odli\u010dno upravljanje in odli\u010den oprijem v mokrih in suhih razmerah. Pnevmatika ima dodatno oja\u010dan rob za ve\u010djo nosilnost (oznaka XL). Tehnologija pri Mozzo Sport zagotavlja izjemne zmogljivosti na cesti in udobje na dolgih relacijah. Zna\u010dilnosti in prednosti: -4 \u0161iroki \u017elebovi zagotavljajo vrhunsko zmogljivost v mokrih razmerah, -asimetri\u010dna konstrukcija ramen ob vrtenju pove\u010duje u\u010dinkovitost pri manevriranju, -napredna tehnologija za zmanj\u0161anje hrupa ustvarja mirno in bolj prijetno vo\u017enjo, -dvojna najlonska spiralna folija ohranja enakomernost za nemoteno vo\u017enjo.\" \/>\n<meta property=\"og:url\" content=\"https:\/\/www.fammcommerce.si\/hr\/izdelek\/225-45-r17-94w-xl-duraturn-mozzosport\/\" \/>\n<meta property=\"og:site_name\" content=\"Famm Co.\" \/>\n<meta property=\"article:modified_time\" content=\"2026-03-15T08:40:57+00:00\" \/>\n<meta property=\"og:image\" content=\"https:\/\/www.fammcommerce.si\/wp-content\/uploads\/2020\/07\/MOZZOSPORT.jpg\" \/>\n\t<meta property=\"og:image:width\" content=\"1024\" \/>\n\t<meta property=\"og:image:height\" content=\"1024\" \/>\n\t<meta property=\"og:image:type\" content=\"image\/jpeg\" \/>\n<meta name=\"twitter:card\" content=\"summary_large_image\" \/>\n<script type=\"application\/ld+json\" class=\"yoast-schema-graph\">{\"@context\":\"https:\/\/schema.org\",\"@graph\":[{\"@type\":\"WebPage\",\"@id\":\"https:\/\/www.fammcommerce.si\/hr\/izdelek\/225-45-r17-94w-xl-duraturn-mozzosport\/\",\"url\":\"https:\/\/www.fammcommerce.si\/hr\/izdelek\/225-45-r17-94w-xl-duraturn-mozzosport\/\",\"name\":\"225\/45 R17 94W XL DURATURN MOZZOSPORT - Famm Co.\",\"isPartOf\":{\"@id\":\"https:\/\/www.fammcommerce.si\/hr\/#website\"},\"primaryImageOfPage\":{\"@id\":\"https:\/\/www.fammcommerce.si\/hr\/izdelek\/225-45-r17-94w-xl-duraturn-mozzosport\/#primaryimage\"},\"image\":{\"@id\":\"https:\/\/www.fammcommerce.si\/hr\/izdelek\/225-45-r17-94w-xl-duraturn-mozzosport\/#primaryimage\"},\"thumbnailUrl\":\"https:\/\/www.fammcommerce.si\/wp-content\/uploads\/2020\/07\/MOZZOSPORT.jpg\",\"datePublished\":\"2024-11-13T07:21:48+00:00\",\"dateModified\":\"2026-03-15T08:40:57+00:00\",\"breadcrumb\":{\"@id\":\"https:\/\/www.fammcommerce.si\/hr\/izdelek\/225-45-r17-94w-xl-duraturn-mozzosport\/#breadcrumb\"},\"inLanguage\":\"hr\",\"potentialAction\":[{\"@type\":\"ReadAction\",\"target\":[\"https:\/\/www.fammcommerce.si\/hr\/izdelek\/225-45-r17-94w-xl-duraturn-mozzosport\/\"]}]},{\"@type\":\"ImageObject\",\"inLanguage\":\"hr\",\"@id\":\"https:\/\/www.fammcommerce.si\/hr\/izdelek\/225-45-r17-94w-xl-duraturn-mozzosport\/#primaryimage\",\"url\":\"https:\/\/www.fammcommerce.si\/wp-content\/uploads\/2020\/07\/MOZZOSPORT.jpg\",\"contentUrl\":\"https:\/\/www.fammcommerce.si\/wp-content\/uploads\/2020\/07\/MOZZOSPORT.jpg\",\"width\":1024,\"height\":1024},{\"@type\":\"BreadcrumbList\",\"@id\":\"https:\/\/www.fammcommerce.si\/hr\/izdelek\/225-45-r17-94w-xl-duraturn-mozzosport\/#breadcrumb\",\"itemListElement\":[{\"@type\":\"ListItem\",\"position\":1,\"name\":\"Domov\",\"item\":\"https:\/\/www.fammcommerce.si\/hr\/\"},{\"@type\":\"ListItem\",\"position\":2,\"name\":\"Trgovina\",\"item\":\"https:\/\/www.fammcommerce.si\/trgovina\/\"},{\"@type\":\"ListItem\",\"position\":3,\"name\":\"Letne pnevmatike\",\"item\":\"https:\/\/www.fammcommerce.si\/hr\/product-category\/letne-pnevmatike\/\"},{\"@type\":\"ListItem\",\"position\":4,\"name\":\"225\/45 R17 94W XL DURATURN MOZZOSPORT\"}]},{\"@type\":\"WebSite\",\"@id\":\"https:\/\/www.fammcommerce.si\/hr\/#website\",\"url\":\"https:\/\/www.fammcommerce.si\/hr\/\",\"name\":\"Famm Co.\",\"description\":\"Strokovnjaki za pnevmatike\",\"publisher\":{\"@id\":\"https:\/\/www.fammcommerce.si\/hr\/#organization\"},\"potentialAction\":[{\"@type\":\"SearchAction\",\"target\":{\"@type\":\"EntryPoint\",\"urlTemplate\":\"https:\/\/www.fammcommerce.si\/hr\/?s={search_term_string}\"},\"query-input\":{\"@type\":\"PropertyValueSpecification\",\"valueRequired\":true,\"valueName\":\"search_term_string\"}}],\"inLanguage\":\"hr\"},{\"@type\":\"Organization\",\"@id\":\"https:\/\/www.fammcommerce.si\/hr\/#organization\",\"name\":\"Famm Co.\",\"url\":\"https:\/\/www.fammcommerce.si\/hr\/\",\"logo\":{\"@type\":\"ImageObject\",\"inLanguage\":\"hr\",\"@id\":\"https:\/\/www.fammcommerce.si\/hr\/#\/schema\/logo\/image\/\",\"url\":\"https:\/\/www.fammcommerce.si\/wp-content\/uploads\/2020\/06\/fammco-logo-web-sized.jpg\",\"contentUrl\":\"https:\/\/www.fammcommerce.si\/wp-content\/uploads\/2020\/06\/fammco-logo-web-sized.jpg\",\"width\":129,\"height\":52,\"caption\":\"Famm Co.\"},\"image\":{\"@id\":\"https:\/\/www.fammcommerce.si\/hr\/#\/schema\/logo\/image\/\"}}]}<\/script>\n<!-- \/ Yoast SEO plugin. -->","yoast_head_json":{"title":"225\/45 R17 94W XL DURATURN MOZZOSPORT - Famm Co.","robots":{"index":"index","follow":"follow","max-snippet":"max-snippet:-1","max-image-preview":"max-image-preview:large","max-video-preview":"max-video-preview:-1"},"canonical":"https:\/\/www.fammcommerce.si\/hr\/izdelek\/225-45-r17-94w-xl-duraturn-mozzosport\/","og_locale":"hr_HR","og_type":"article","og_title":"225\/45 R17 94W XL DURATURN MOZZOSPORT - Famm Co.","og_description":"Mozzo Sport je zasnovan za dana\u0161nje \u0161portne limuzine in coupe-je. Pnevmatike so izjemno zmogljive, imajo dolgo \u017eivljenjsko dobo in omogo\u010dajo gladko tiho vo\u017enjo. Z Mozzo Sport pnevmatiko lahko pri\u010dakujete odli\u010dno upravljanje in odli\u010den oprijem v mokrih in suhih razmerah. Pnevmatika ima dodatno oja\u010dan rob za ve\u010djo nosilnost (oznaka XL). Tehnologija pri Mozzo Sport zagotavlja izjemne zmogljivosti na cesti in udobje na dolgih relacijah. Zna\u010dilnosti in prednosti: -4 \u0161iroki \u017elebovi zagotavljajo vrhunsko zmogljivost v mokrih razmerah, -asimetri\u010dna konstrukcija ramen ob vrtenju pove\u010duje u\u010dinkovitost pri manevriranju, -napredna tehnologija za zmanj\u0161anje hrupa ustvarja mirno in bolj prijetno vo\u017enjo, -dvojna najlonska spiralna folija ohranja enakomernost za nemoteno vo\u017enjo.","og_url":"https:\/\/www.fammcommerce.si\/hr\/izdelek\/225-45-r17-94w-xl-duraturn-mozzosport\/","og_site_name":"Famm Co.","article_modified_time":"2026-03-15T08:40:57+00:00","og_image":[{"width":1024,"height":1024,"url":"https:\/\/www.fammcommerce.si\/wp-content\/uploads\/2020\/07\/MOZZOSPORT.jpg","type":"image\/jpeg"}],"twitter_card":"summary_large_image","schema":{"@context":"https:\/\/schema.org","@graph":[{"@type":"WebPage","@id":"https:\/\/www.fammcommerce.si\/hr\/izdelek\/225-45-r17-94w-xl-duraturn-mozzosport\/","url":"https:\/\/www.fammcommerce.si\/hr\/izdelek\/225-45-r17-94w-xl-duraturn-mozzosport\/","name":"225\/45 R17 94W XL DURATURN MOZZOSPORT - Famm Co.","isPartOf":{"@id":"https:\/\/www.fammcommerce.si\/hr\/#website"},"primaryImageOfPage":{"@id":"https:\/\/www.fammcommerce.si\/hr\/izdelek\/225-45-r17-94w-xl-duraturn-mozzosport\/#primaryimage"},"image":{"@id":"https:\/\/www.fammcommerce.si\/hr\/izdelek\/225-45-r17-94w-xl-duraturn-mozzosport\/#primaryimage"},"thumbnailUrl":"https:\/\/www.fammcommerce.si\/wp-content\/uploads\/2020\/07\/MOZZOSPORT.jpg","datePublished":"2024-11-13T07:21:48+00:00","dateModified":"2026-03-15T08:40:57+00:00","breadcrumb":{"@id":"https:\/\/www.fammcommerce.si\/hr\/izdelek\/225-45-r17-94w-xl-duraturn-mozzosport\/#breadcrumb"},"inLanguage":"hr","potentialAction":[{"@type":"ReadAction","target":["https:\/\/www.fammcommerce.si\/hr\/izdelek\/225-45-r17-94w-xl-duraturn-mozzosport\/"]}]},{"@type":"ImageObject","inLanguage":"hr","@id":"https:\/\/www.fammcommerce.si\/hr\/izdelek\/225-45-r17-94w-xl-duraturn-mozzosport\/#primaryimage","url":"https:\/\/www.fammcommerce.si\/wp-content\/uploads\/2020\/07\/MOZZOSPORT.jpg","contentUrl":"https:\/\/www.fammcommerce.si\/wp-content\/uploads\/2020\/07\/MOZZOSPORT.jpg","width":1024,"height":1024},{"@type":"BreadcrumbList","@id":"https:\/\/www.fammcommerce.si\/hr\/izdelek\/225-45-r17-94w-xl-duraturn-mozzosport\/#breadcrumb","itemListElement":[{"@type":"ListItem","position":1,"name":"Domov","item":"https:\/\/www.fammcommerce.si\/hr\/"},{"@type":"ListItem","position":2,"name":"Trgovina","item":"https:\/\/www.fammcommerce.si\/trgovina\/"},{"@type":"ListItem","position":3,"name":"Letne pnevmatike","item":"https:\/\/www.fammcommerce.si\/hr\/product-category\/letne-pnevmatike\/"},{"@type":"ListItem","position":4,"name":"225\/45 R17 94W XL DURATURN MOZZOSPORT"}]},{"@type":"WebSite","@id":"https:\/\/www.fammcommerce.si\/hr\/#website","url":"https:\/\/www.fammcommerce.si\/hr\/","name":"Famm Co.","description":"Strokovnjaki za pnevmatike","publisher":{"@id":"https:\/\/www.fammcommerce.si\/hr\/#organization"},"potentialAction":[{"@type":"SearchAction","target":{"@type":"EntryPoint","urlTemplate":"https:\/\/www.fammcommerce.si\/hr\/?s={search_term_string}"},"query-input":{"@type":"PropertyValueSpecification","valueRequired":true,"valueName":"search_term_string"}}],"inLanguage":"hr"},{"@type":"Organization","@id":"https:\/\/www.fammcommerce.si\/hr\/#organization","name":"Famm Co.","url":"https:\/\/www.fammcommerce.si\/hr\/","logo":{"@type":"ImageObject","inLanguage":"hr","@id":"https:\/\/www.fammcommerce.si\/hr\/#\/schema\/logo\/image\/","url":"https:\/\/www.fammcommerce.si\/wp-content\/uploads\/2020\/06\/fammco-logo-web-sized.jpg","contentUrl":"https:\/\/www.fammcommerce.si\/wp-content\/uploads\/2020\/06\/fammco-logo-web-sized.jpg","width":129,"height":52,"caption":"Famm Co."},"image":{"@id":"https:\/\/www.fammcommerce.si\/hr\/#\/schema\/logo\/image\/"}}]}},"_links":{"self":[{"href":"https:\/\/www.fammcommerce.si\/hr\/wp-json\/wp\/v2\/product\/2651","targetHints":{"allow":["GET"]}}],"collection":[{"href":"https:\/\/www.fammcommerce.si\/hr\/wp-json\/wp\/v2\/product"}],"about":[{"href":"https:\/\/www.fammcommerce.si\/hr\/wp-json\/wp\/v2\/types\/product"}],"wp:featuredmedia":[{"embeddable":true,"href":"https:\/\/www.fammcommerce.si\/hr\/wp-json\/wp\/v2\/media\/3481"}],"wp:attachment":[{"href":"https:\/\/www.fammcommerce.si\/hr\/wp-json\/wp\/v2\/media?parent=2651"}],"wp:term":[{"taxonomy":"product_brand","embeddable":true,"href":"https:\/\/www.fammcommerce.si\/hr\/wp-json\/wp\/v2\/product_brand?post=2651"},{"taxonomy":"product_cat","embeddable":true,"href":"https:\/\/www.fammcommerce.si\/hr\/wp-json\/wp\/v2\/product_cat?post=2651"},{"taxonomy":"product_tag","embeddable":true,"href":"https:\/\/www.fammcommerce.si\/hr\/wp-json\/wp\/v2\/product_tag?post=2651"}],"curies":[{"name":"wp","href":"https:\/\/api.w.org\/{rel}","templated":true}]}}