{"id":25230,"date":"2024-07-22T00:06:28","date_gmt":"2024-07-21T22:06:28","guid":{"rendered":"https:\/\/www.fammcommerce.si\/izdelek\/215-50-r17-95v-yokohama-v906\/"},"modified":"2026-03-24T09:41:14","modified_gmt":"2026-03-24T08:41:14","slug":"215-50-r17-95v-yokohama-v906","status":"publish","type":"product","link":"https:\/\/www.fammcommerce.si\/hr\/izdelek\/215-50-r17-95v-yokohama-v906\/","title":{"rendered":"215\/50 R17 95V YOKOHAMA V906"},"content":{"rendered":"","protected":false},"excerpt":{"rendered":"<p>Nova zimska pnevmatika \u201cW*drive V906\u201d je zasnovana za maksimalno stabilnost va\u0161ega vozila tako na ledu kot tudi v snegu. Profil pnevmatike je zasnovan tako, da omogo\u010da odli\u010dne performance pri izpodrivanju snega in vode, kar vam omogo\u010da varno in udobno vo\u017enjo tudi ob najbolj neugodnih vremenskih pogojih. Pnevmatika je zgrajena iz najsodobnej\u0161ih materialov, kar vklju\u010duje mikro siliko in pomaran\u010dno olje. Kot rezultat pnevmatika \u201cW*drive V905\u201d dosega odli\u010dne rezultate tako na zasne\u017eenem kot tudi mokrem cesti\u0161\u010du, \u0161e vedno pa pnevmatika dosega izjemne rezultate tudi na suhem cesti\u0161\u010du. Nova sestava pnevmatike ter la\u017eja zasnova pripomoreta k manj\u0161emu trenju, kar omogo\u010da manj\u0161o porabo goriva.<\/p>\n","protected":false},"featured_media":25602,"template":"","meta":{"_acf_changed":false,"site-sidebar-layout":"default","site-content-layout":"","ast-site-content-layout":"","site-content-style":"default","site-sidebar-style":"default","ast-global-header-display":"","ast-banner-title-visibility":"","ast-main-header-display":"","ast-hfb-above-header-display":"","ast-hfb-below-header-display":"","ast-hfb-mobile-header-display":"","site-post-title":"","ast-breadcrumbs-content":"","ast-featured-img":"","footer-sml-layout":"","theme-transparent-header-meta":"","adv-header-id-meta":"","stick-header-meta":"","header-above-stick-meta":"","header-main-stick-meta":"","header-below-stick-meta":"","astra-migrate-meta-layouts":"default","ast-page-background-enabled":"default","ast-page-background-meta":{"desktop":{"background-color":"","background-image":"","background-repeat":"repeat","background-position":"center center","background-size":"auto","background-attachment":"scroll","background-type":"","background-media":"","overlay-type":"","overlay-color":"","overlay-opacity":"","overlay-gradient":""},"tablet":{"background-color":"","background-image":"","background-repeat":"repeat","background-position":"center center","background-size":"auto","background-attachment":"scroll","background-type":"","background-media":"","overlay-type":"","overlay-color":"","overlay-opacity":"","overlay-gradient":""},"mobile":{"background-color":"","background-image":"","background-repeat":"repeat","background-position":"center center","background-size":"auto","background-attachment":"scroll","background-type":"","background-media":"","overlay-type":"","overlay-color":"","overlay-opacity":"","overlay-gradient":""}},"ast-content-background-meta":{"desktop":{"background-color":"var(--ast-global-color-5)","background-image":"","background-repeat":"repeat","background-position":"center center","background-size":"auto","background-attachment":"scroll","background-type":"","background-media":"","overlay-type":"","overlay-color":"","overlay-opacity":"","overlay-gradient":""},"tablet":{"background-color":"var(--ast-global-color-5)","background-image":"","background-repeat":"repeat","background-position":"center center","background-size":"auto","background-attachment":"scroll","background-type":"","background-media":"","overlay-type":"","overlay-color":"","overlay-opacity":"","overlay-gradient":""},"mobile":{"background-color":"var(--ast-global-color-5)","background-image":"","background-repeat":"repeat","background-position":"center center","background-size":"auto","background-attachment":"scroll","background-type":"","background-media":"","overlay-type":"","overlay-color":"","overlay-opacity":"","overlay-gradient":""}}},"product_brand":[],"product_cat":[223],"product_tag":[1069,349],"class_list":{"0":"post-25230","1":"product","2":"type-product","3":"status-publish","4":"has-post-thumbnail","6":"product_cat-zimske-pnevmatike","7":"product_tag-v906","8":"product_tag-yokohama","9":"pa_dimenzija-751","10":"desktop-align-center","11":"tablet-align-left","12":"mobile-align-left","13":"ast-product-gallery-layout-first-image-large","14":"ast-product-gallery-with-no-image","15":"ast-product-tabs-layout-accordion","17":"first","18":"outofstock","19":"taxable","20":"shipping-taxable","21":"purchasable","22":"product-type-simple"},"acf":[],"yoast_head":"<!-- This site is optimized with the Yoast SEO plugin v27.1.1 - https:\/\/yoast.com\/product\/yoast-seo-wordpress\/ -->\n<title>215\/50 R17 95V YOKOHAMA V906 - Famm Co.<\/title>\n<meta name=\"robots\" content=\"index, follow, max-snippet:-1, max-image-preview:large, max-video-preview:-1\" \/>\n<link rel=\"canonical\" href=\"https:\/\/www.fammcommerce.si\/hr\/izdelek\/215-50-r17-95v-yokohama-v906\/\" \/>\n<meta property=\"og:locale\" content=\"hr_HR\" \/>\n<meta property=\"og:type\" content=\"article\" \/>\n<meta property=\"og:title\" content=\"215\/50 R17 95V YOKOHAMA V906 - Famm Co.\" \/>\n<meta property=\"og:description\" content=\"Nova zimska pnevmatika \u201cW*drive V906\u201d je zasnovana za maksimalno stabilnost va\u0161ega vozila tako na ledu kot tudi v snegu. Profil pnevmatike je zasnovan tako, da omogo\u010da odli\u010dne performance pri izpodrivanju snega in vode, kar vam omogo\u010da varno in udobno vo\u017enjo tudi ob najbolj neugodnih vremenskih pogojih. Pnevmatika je zgrajena iz najsodobnej\u0161ih materialov, kar vklju\u010duje mikro siliko in pomaran\u010dno olje. Kot rezultat pnevmatika \u201cW*drive V905\u201d dosega odli\u010dne rezultate tako na zasne\u017eenem kot tudi mokrem cesti\u0161\u010du, \u0161e vedno pa pnevmatika dosega izjemne rezultate tudi na suhem cesti\u0161\u010du. Nova sestava pnevmatike ter la\u017eja zasnova pripomoreta k manj\u0161emu trenju, kar omogo\u010da manj\u0161o porabo goriva.\" \/>\n<meta property=\"og:url\" content=\"https:\/\/www.fammcommerce.si\/hr\/izdelek\/215-50-r17-95v-yokohama-v906\/\" \/>\n<meta property=\"og:site_name\" content=\"Famm Co.\" \/>\n<meta property=\"article:modified_time\" content=\"2026-03-24T08:41:14+00:00\" \/>\n<meta property=\"og:image\" content=\"https:\/\/www.fammcommerce.si\/wp-content\/uploads\/2022\/02\/V906-scaled.jpg\" \/>\n\t<meta property=\"og:image:width\" content=\"1707\" \/>\n\t<meta property=\"og:image:height\" content=\"2560\" \/>\n\t<meta property=\"og:image:type\" content=\"image\/jpeg\" \/>\n<meta name=\"twitter:card\" content=\"summary_large_image\" \/>\n<script type=\"application\/ld+json\" class=\"yoast-schema-graph\">{\"@context\":\"https:\/\/schema.org\",\"@graph\":[{\"@type\":\"WebPage\",\"@id\":\"https:\/\/www.fammcommerce.si\/hr\/izdelek\/215-50-r17-95v-yokohama-v906\/\",\"url\":\"https:\/\/www.fammcommerce.si\/hr\/izdelek\/215-50-r17-95v-yokohama-v906\/\",\"name\":\"215\/50 R17 95V YOKOHAMA V906 - Famm Co.\",\"isPartOf\":{\"@id\":\"https:\/\/www.fammcommerce.si\/hr\/#website\"},\"primaryImageOfPage\":{\"@id\":\"https:\/\/www.fammcommerce.si\/hr\/izdelek\/215-50-r17-95v-yokohama-v906\/#primaryimage\"},\"image\":{\"@id\":\"https:\/\/www.fammcommerce.si\/hr\/izdelek\/215-50-r17-95v-yokohama-v906\/#primaryimage\"},\"thumbnailUrl\":\"https:\/\/www.fammcommerce.si\/wp-content\/uploads\/2022\/02\/V906-scaled.jpg\",\"datePublished\":\"2024-07-21T22:06:28+00:00\",\"dateModified\":\"2026-03-24T08:41:14+00:00\",\"breadcrumb\":{\"@id\":\"https:\/\/www.fammcommerce.si\/hr\/izdelek\/215-50-r17-95v-yokohama-v906\/#breadcrumb\"},\"inLanguage\":\"hr\",\"potentialAction\":[{\"@type\":\"ReadAction\",\"target\":[\"https:\/\/www.fammcommerce.si\/hr\/izdelek\/215-50-r17-95v-yokohama-v906\/\"]}]},{\"@type\":\"ImageObject\",\"inLanguage\":\"hr\",\"@id\":\"https:\/\/www.fammcommerce.si\/hr\/izdelek\/215-50-r17-95v-yokohama-v906\/#primaryimage\",\"url\":\"https:\/\/www.fammcommerce.si\/wp-content\/uploads\/2022\/02\/V906-scaled.jpg\",\"contentUrl\":\"https:\/\/www.fammcommerce.si\/wp-content\/uploads\/2022\/02\/V906-scaled.jpg\",\"width\":1707,\"height\":2560},{\"@type\":\"BreadcrumbList\",\"@id\":\"https:\/\/www.fammcommerce.si\/hr\/izdelek\/215-50-r17-95v-yokohama-v906\/#breadcrumb\",\"itemListElement\":[{\"@type\":\"ListItem\",\"position\":1,\"name\":\"Domov\",\"item\":\"https:\/\/www.fammcommerce.si\/hr\/\"},{\"@type\":\"ListItem\",\"position\":2,\"name\":\"Trgovina\",\"item\":\"https:\/\/www.fammcommerce.si\/trgovina\/\"},{\"@type\":\"ListItem\",\"position\":3,\"name\":\"Zimske pnevmatike\",\"item\":\"https:\/\/www.fammcommerce.si\/hr\/product-category\/zimske-pnevmatike\/\"},{\"@type\":\"ListItem\",\"position\":4,\"name\":\"215\/50 R17 95V YOKOHAMA V906\"}]},{\"@type\":\"WebSite\",\"@id\":\"https:\/\/www.fammcommerce.si\/hr\/#website\",\"url\":\"https:\/\/www.fammcommerce.si\/hr\/\",\"name\":\"Famm Co.\",\"description\":\"Strokovnjaki za pnevmatike\",\"publisher\":{\"@id\":\"https:\/\/www.fammcommerce.si\/hr\/#organization\"},\"potentialAction\":[{\"@type\":\"SearchAction\",\"target\":{\"@type\":\"EntryPoint\",\"urlTemplate\":\"https:\/\/www.fammcommerce.si\/hr\/?s={search_term_string}\"},\"query-input\":{\"@type\":\"PropertyValueSpecification\",\"valueRequired\":true,\"valueName\":\"search_term_string\"}}],\"inLanguage\":\"hr\"},{\"@type\":\"Organization\",\"@id\":\"https:\/\/www.fammcommerce.si\/hr\/#organization\",\"name\":\"Famm Co.\",\"url\":\"https:\/\/www.fammcommerce.si\/hr\/\",\"logo\":{\"@type\":\"ImageObject\",\"inLanguage\":\"hr\",\"@id\":\"https:\/\/www.fammcommerce.si\/hr\/#\/schema\/logo\/image\/\",\"url\":\"https:\/\/www.fammcommerce.si\/wp-content\/uploads\/2020\/06\/fammco-logo-web-sized.jpg\",\"contentUrl\":\"https:\/\/www.fammcommerce.si\/wp-content\/uploads\/2020\/06\/fammco-logo-web-sized.jpg\",\"width\":129,\"height\":52,\"caption\":\"Famm Co.\"},\"image\":{\"@id\":\"https:\/\/www.fammcommerce.si\/hr\/#\/schema\/logo\/image\/\"}}]}<\/script>\n<!-- \/ Yoast SEO plugin. -->","yoast_head_json":{"title":"215\/50 R17 95V YOKOHAMA V906 - Famm Co.","robots":{"index":"index","follow":"follow","max-snippet":"max-snippet:-1","max-image-preview":"max-image-preview:large","max-video-preview":"max-video-preview:-1"},"canonical":"https:\/\/www.fammcommerce.si\/hr\/izdelek\/215-50-r17-95v-yokohama-v906\/","og_locale":"hr_HR","og_type":"article","og_title":"215\/50 R17 95V YOKOHAMA V906 - Famm Co.","og_description":"Nova zimska pnevmatika \u201cW*drive V906\u201d je zasnovana za maksimalno stabilnost va\u0161ega vozila tako na ledu kot tudi v snegu. Profil pnevmatike je zasnovan tako, da omogo\u010da odli\u010dne performance pri izpodrivanju snega in vode, kar vam omogo\u010da varno in udobno vo\u017enjo tudi ob najbolj neugodnih vremenskih pogojih. Pnevmatika je zgrajena iz najsodobnej\u0161ih materialov, kar vklju\u010duje mikro siliko in pomaran\u010dno olje. Kot rezultat pnevmatika \u201cW*drive V905\u201d dosega odli\u010dne rezultate tako na zasne\u017eenem kot tudi mokrem cesti\u0161\u010du, \u0161e vedno pa pnevmatika dosega izjemne rezultate tudi na suhem cesti\u0161\u010du. Nova sestava pnevmatike ter la\u017eja zasnova pripomoreta k manj\u0161emu trenju, kar omogo\u010da manj\u0161o porabo goriva.","og_url":"https:\/\/www.fammcommerce.si\/hr\/izdelek\/215-50-r17-95v-yokohama-v906\/","og_site_name":"Famm Co.","article_modified_time":"2026-03-24T08:41:14+00:00","og_image":[{"width":1707,"height":2560,"url":"https:\/\/www.fammcommerce.si\/wp-content\/uploads\/2022\/02\/V906-scaled.jpg","type":"image\/jpeg"}],"twitter_card":"summary_large_image","schema":{"@context":"https:\/\/schema.org","@graph":[{"@type":"WebPage","@id":"https:\/\/www.fammcommerce.si\/hr\/izdelek\/215-50-r17-95v-yokohama-v906\/","url":"https:\/\/www.fammcommerce.si\/hr\/izdelek\/215-50-r17-95v-yokohama-v906\/","name":"215\/50 R17 95V YOKOHAMA V906 - Famm Co.","isPartOf":{"@id":"https:\/\/www.fammcommerce.si\/hr\/#website"},"primaryImageOfPage":{"@id":"https:\/\/www.fammcommerce.si\/hr\/izdelek\/215-50-r17-95v-yokohama-v906\/#primaryimage"},"image":{"@id":"https:\/\/www.fammcommerce.si\/hr\/izdelek\/215-50-r17-95v-yokohama-v906\/#primaryimage"},"thumbnailUrl":"https:\/\/www.fammcommerce.si\/wp-content\/uploads\/2022\/02\/V906-scaled.jpg","datePublished":"2024-07-21T22:06:28+00:00","dateModified":"2026-03-24T08:41:14+00:00","breadcrumb":{"@id":"https:\/\/www.fammcommerce.si\/hr\/izdelek\/215-50-r17-95v-yokohama-v906\/#breadcrumb"},"inLanguage":"hr","potentialAction":[{"@type":"ReadAction","target":["https:\/\/www.fammcommerce.si\/hr\/izdelek\/215-50-r17-95v-yokohama-v906\/"]}]},{"@type":"ImageObject","inLanguage":"hr","@id":"https:\/\/www.fammcommerce.si\/hr\/izdelek\/215-50-r17-95v-yokohama-v906\/#primaryimage","url":"https:\/\/www.fammcommerce.si\/wp-content\/uploads\/2022\/02\/V906-scaled.jpg","contentUrl":"https:\/\/www.fammcommerce.si\/wp-content\/uploads\/2022\/02\/V906-scaled.jpg","width":1707,"height":2560},{"@type":"BreadcrumbList","@id":"https:\/\/www.fammcommerce.si\/hr\/izdelek\/215-50-r17-95v-yokohama-v906\/#breadcrumb","itemListElement":[{"@type":"ListItem","position":1,"name":"Domov","item":"https:\/\/www.fammcommerce.si\/hr\/"},{"@type":"ListItem","position":2,"name":"Trgovina","item":"https:\/\/www.fammcommerce.si\/trgovina\/"},{"@type":"ListItem","position":3,"name":"Zimske pnevmatike","item":"https:\/\/www.fammcommerce.si\/hr\/product-category\/zimske-pnevmatike\/"},{"@type":"ListItem","position":4,"name":"215\/50 R17 95V YOKOHAMA V906"}]},{"@type":"WebSite","@id":"https:\/\/www.fammcommerce.si\/hr\/#website","url":"https:\/\/www.fammcommerce.si\/hr\/","name":"Famm Co.","description":"Strokovnjaki za pnevmatike","publisher":{"@id":"https:\/\/www.fammcommerce.si\/hr\/#organization"},"potentialAction":[{"@type":"SearchAction","target":{"@type":"EntryPoint","urlTemplate":"https:\/\/www.fammcommerce.si\/hr\/?s={search_term_string}"},"query-input":{"@type":"PropertyValueSpecification","valueRequired":true,"valueName":"search_term_string"}}],"inLanguage":"hr"},{"@type":"Organization","@id":"https:\/\/www.fammcommerce.si\/hr\/#organization","name":"Famm Co.","url":"https:\/\/www.fammcommerce.si\/hr\/","logo":{"@type":"ImageObject","inLanguage":"hr","@id":"https:\/\/www.fammcommerce.si\/hr\/#\/schema\/logo\/image\/","url":"https:\/\/www.fammcommerce.si\/wp-content\/uploads\/2020\/06\/fammco-logo-web-sized.jpg","contentUrl":"https:\/\/www.fammcommerce.si\/wp-content\/uploads\/2020\/06\/fammco-logo-web-sized.jpg","width":129,"height":52,"caption":"Famm Co."},"image":{"@id":"https:\/\/www.fammcommerce.si\/hr\/#\/schema\/logo\/image\/"}}]}},"_links":{"self":[{"href":"https:\/\/www.fammcommerce.si\/hr\/wp-json\/wp\/v2\/product\/25230","targetHints":{"allow":["GET"]}}],"collection":[{"href":"https:\/\/www.fammcommerce.si\/hr\/wp-json\/wp\/v2\/product"}],"about":[{"href":"https:\/\/www.fammcommerce.si\/hr\/wp-json\/wp\/v2\/types\/product"}],"wp:featuredmedia":[{"embeddable":true,"href":"https:\/\/www.fammcommerce.si\/hr\/wp-json\/wp\/v2\/media\/25602"}],"wp:attachment":[{"href":"https:\/\/www.fammcommerce.si\/hr\/wp-json\/wp\/v2\/media?parent=25230"}],"wp:term":[{"taxonomy":"product_brand","embeddable":true,"href":"https:\/\/www.fammcommerce.si\/hr\/wp-json\/wp\/v2\/product_brand?post=25230"},{"taxonomy":"product_cat","embeddable":true,"href":"https:\/\/www.fammcommerce.si\/hr\/wp-json\/wp\/v2\/product_cat?post=25230"},{"taxonomy":"product_tag","embeddable":true,"href":"https:\/\/www.fammcommerce.si\/hr\/wp-json\/wp\/v2\/product_tag?post=25230"}],"curies":[{"name":"wp","href":"https:\/\/api.w.org\/{rel}","templated":true}]}}