{"id":25127,"date":"2024-11-13T08:06:15","date_gmt":"2024-11-13T07:06:15","guid":{"rendered":"https:\/\/www.fammcommerce.si\/izdelek\/520-85-r42-157d-alliance-agristar-ii-70\/"},"modified":"2026-03-10T09:42:03","modified_gmt":"2026-03-10T08:42:03","slug":"520-85-r42-157d-alliance-agristar-ii-70","status":"publish","type":"product","link":"https:\/\/www.fammcommerce.si\/hr\/izdelek\/520-85-r42-157d-alliance-agristar-ii-70\/","title":{"rendered":"520\/85 R42 157D Alliance AGRISTAR II 70"},"content":{"rendered":"","protected":false},"excerpt":{"rendered":"<p>Pnevmatika Agristar II, je premium izdelek podjetja Alliance (Yokohama OHT). V tem modelu so zdru\u017eene vse najnaprednej\u0161e in najnovej\u0161e tehnologije. Odli\u010dno se obnese pri delu na polju in vo\u017enji po cesti. Patentirana &#8220;StratifiedLayer&#8221; tehnologija zagotavlja mirno vo\u017enjo na asfaltiranih povr\u0161inah in obenem odli\u010dne samo-\u010distilne lastnosti pri delu na polju in v gozdu.<\/p>\n","protected":false},"featured_media":1596,"template":"","meta":{"_acf_changed":false,"site-sidebar-layout":"default","site-content-layout":"","ast-site-content-layout":"","site-content-style":"default","site-sidebar-style":"default","ast-global-header-display":"","ast-banner-title-visibility":"","ast-main-header-display":"","ast-hfb-above-header-display":"","ast-hfb-below-header-display":"","ast-hfb-mobile-header-display":"","site-post-title":"","ast-breadcrumbs-content":"","ast-featured-img":"","footer-sml-layout":"","theme-transparent-header-meta":"","adv-header-id-meta":"","stick-header-meta":"","header-above-stick-meta":"","header-main-stick-meta":"","header-below-stick-meta":"","astra-migrate-meta-layouts":"default","ast-page-background-enabled":"default","ast-page-background-meta":{"desktop":{"background-color":"","background-image":"","background-repeat":"repeat","background-position":"center center","background-size":"auto","background-attachment":"scroll","background-type":"","background-media":"","overlay-type":"","overlay-color":"","overlay-opacity":"","overlay-gradient":""},"tablet":{"background-color":"","background-image":"","background-repeat":"repeat","background-position":"center center","background-size":"auto","background-attachment":"scroll","background-type":"","background-media":"","overlay-type":"","overlay-color":"","overlay-opacity":"","overlay-gradient":""},"mobile":{"background-color":"","background-image":"","background-repeat":"repeat","background-position":"center center","background-size":"auto","background-attachment":"scroll","background-type":"","background-media":"","overlay-type":"","overlay-color":"","overlay-opacity":"","overlay-gradient":""}},"ast-content-background-meta":{"desktop":{"background-color":"var(--ast-global-color-5)","background-image":"","background-repeat":"repeat","background-position":"center center","background-size":"auto","background-attachment":"scroll","background-type":"","background-media":"","overlay-type":"","overlay-color":"","overlay-opacity":"","overlay-gradient":""},"tablet":{"background-color":"var(--ast-global-color-5)","background-image":"","background-repeat":"repeat","background-position":"center center","background-size":"auto","background-attachment":"scroll","background-type":"","background-media":"","overlay-type":"","overlay-color":"","overlay-opacity":"","overlay-gradient":""},"mobile":{"background-color":"var(--ast-global-color-5)","background-image":"","background-repeat":"repeat","background-position":"center center","background-size":"auto","background-attachment":"scroll","background-type":"","background-media":"","overlay-type":"","overlay-color":"","overlay-opacity":"","overlay-gradient":""}}},"product_brand":[],"product_cat":[26],"product_tag":[296,247,198,205,270],"class_list":{"0":"post-25127","1":"product","2":"type-product","3":"status-publish","4":"has-post-thumbnail","6":"product_cat-traktorske-pnevmatike","7":"product_tag-agristar2","8":"product_tag-alliance","9":"product_tag-kmetijska-traktorska-pnevmatika","10":"product_tag-pogonska-pnevmatika","11":"product_tag-radialna-pnevmatika","12":"pa_dimenzija-742","13":"desktop-align-center","14":"tablet-align-left","15":"mobile-align-left","16":"ast-product-gallery-layout-first-image-large","17":"ast-product-gallery-with-no-image","18":"ast-product-tabs-layout-accordion","20":"first","21":"outofstock","22":"taxable","23":"shipping-taxable","24":"purchasable","25":"product-type-simple"},"acf":[],"yoast_head":"<!-- This site is optimized with the Yoast SEO plugin v27.1.1 - https:\/\/yoast.com\/product\/yoast-seo-wordpress\/ -->\n<title>520\/85 R42 157D Alliance AGRISTAR II 70 - Famm Co.<\/title>\n<meta name=\"robots\" content=\"index, follow, max-snippet:-1, max-image-preview:large, max-video-preview:-1\" \/>\n<link rel=\"canonical\" href=\"https:\/\/www.fammcommerce.si\/hr\/izdelek\/520-85-r42-157d-alliance-agristar-ii-70\/\" \/>\n<meta property=\"og:locale\" content=\"hr_HR\" \/>\n<meta property=\"og:type\" content=\"article\" \/>\n<meta property=\"og:title\" content=\"520\/85 R42 157D Alliance AGRISTAR II 70 - Famm Co.\" \/>\n<meta property=\"og:description\" content=\"Pnevmatika Agristar II, je premium izdelek podjetja Alliance (Yokohama OHT). V tem modelu so zdru\u017eene vse najnaprednej\u0161e in najnovej\u0161e tehnologije. Odli\u010dno se obnese pri delu na polju in vo\u017enji po cesti. Patentirana &quot;StratifiedLayer&quot; tehnologija zagotavlja mirno vo\u017enjo na asfaltiranih povr\u0161inah in obenem odli\u010dne samo-\u010distilne lastnosti pri delu na polju in v gozdu.\" \/>\n<meta property=\"og:url\" content=\"https:\/\/www.fammcommerce.si\/hr\/izdelek\/520-85-r42-157d-alliance-agristar-ii-70\/\" \/>\n<meta property=\"og:site_name\" content=\"Famm Co.\" \/>\n<meta property=\"article:modified_time\" content=\"2026-03-10T08:42:03+00:00\" \/>\n<meta property=\"og:image\" content=\"https:\/\/www.fammcommerce.si\/wp-content\/uploads\/2020\/04\/AGRISTAR2.jpg\" \/>\n\t<meta property=\"og:image:width\" content=\"1024\" \/>\n\t<meta property=\"og:image:height\" content=\"1024\" \/>\n\t<meta property=\"og:image:type\" content=\"image\/jpeg\" \/>\n<meta name=\"twitter:card\" content=\"summary_large_image\" \/>\n<script type=\"application\/ld+json\" class=\"yoast-schema-graph\">{\"@context\":\"https:\/\/schema.org\",\"@graph\":[{\"@type\":\"WebPage\",\"@id\":\"https:\/\/www.fammcommerce.si\/hr\/izdelek\/520-85-r42-157d-alliance-agristar-ii-70\/\",\"url\":\"https:\/\/www.fammcommerce.si\/hr\/izdelek\/520-85-r42-157d-alliance-agristar-ii-70\/\",\"name\":\"520\/85 R42 157D Alliance AGRISTAR II 70 - Famm Co.\",\"isPartOf\":{\"@id\":\"https:\/\/www.fammcommerce.si\/hr\/#website\"},\"primaryImageOfPage\":{\"@id\":\"https:\/\/www.fammcommerce.si\/hr\/izdelek\/520-85-r42-157d-alliance-agristar-ii-70\/#primaryimage\"},\"image\":{\"@id\":\"https:\/\/www.fammcommerce.si\/hr\/izdelek\/520-85-r42-157d-alliance-agristar-ii-70\/#primaryimage\"},\"thumbnailUrl\":\"https:\/\/www.fammcommerce.si\/wp-content\/uploads\/2020\/04\/AGRISTAR2.jpg\",\"datePublished\":\"2024-11-13T07:06:15+00:00\",\"dateModified\":\"2026-03-10T08:42:03+00:00\",\"breadcrumb\":{\"@id\":\"https:\/\/www.fammcommerce.si\/hr\/izdelek\/520-85-r42-157d-alliance-agristar-ii-70\/#breadcrumb\"},\"inLanguage\":\"hr\",\"potentialAction\":[{\"@type\":\"ReadAction\",\"target\":[\"https:\/\/www.fammcommerce.si\/hr\/izdelek\/520-85-r42-157d-alliance-agristar-ii-70\/\"]}]},{\"@type\":\"ImageObject\",\"inLanguage\":\"hr\",\"@id\":\"https:\/\/www.fammcommerce.si\/hr\/izdelek\/520-85-r42-157d-alliance-agristar-ii-70\/#primaryimage\",\"url\":\"https:\/\/www.fammcommerce.si\/wp-content\/uploads\/2020\/04\/AGRISTAR2.jpg\",\"contentUrl\":\"https:\/\/www.fammcommerce.si\/wp-content\/uploads\/2020\/04\/AGRISTAR2.jpg\",\"width\":1024,\"height\":1024,\"caption\":\"AGRISTAR2\"},{\"@type\":\"BreadcrumbList\",\"@id\":\"https:\/\/www.fammcommerce.si\/hr\/izdelek\/520-85-r42-157d-alliance-agristar-ii-70\/#breadcrumb\",\"itemListElement\":[{\"@type\":\"ListItem\",\"position\":1,\"name\":\"Domov\",\"item\":\"https:\/\/www.fammcommerce.si\/hr\/\"},{\"@type\":\"ListItem\",\"position\":2,\"name\":\"Trgovina\",\"item\":\"https:\/\/www.fammcommerce.si\/trgovina\/\"},{\"@type\":\"ListItem\",\"position\":3,\"name\":\"Traktorske pnevmatike\",\"item\":\"https:\/\/www.fammcommerce.si\/hr\/product-category\/traktorske-pnevmatike\/\"},{\"@type\":\"ListItem\",\"position\":4,\"name\":\"520\/85 R42 157D Alliance AGRISTAR II 70\"}]},{\"@type\":\"WebSite\",\"@id\":\"https:\/\/www.fammcommerce.si\/hr\/#website\",\"url\":\"https:\/\/www.fammcommerce.si\/hr\/\",\"name\":\"Famm Co.\",\"description\":\"Strokovnjaki za pnevmatike\",\"publisher\":{\"@id\":\"https:\/\/www.fammcommerce.si\/hr\/#organization\"},\"potentialAction\":[{\"@type\":\"SearchAction\",\"target\":{\"@type\":\"EntryPoint\",\"urlTemplate\":\"https:\/\/www.fammcommerce.si\/hr\/?s={search_term_string}\"},\"query-input\":{\"@type\":\"PropertyValueSpecification\",\"valueRequired\":true,\"valueName\":\"search_term_string\"}}],\"inLanguage\":\"hr\"},{\"@type\":\"Organization\",\"@id\":\"https:\/\/www.fammcommerce.si\/hr\/#organization\",\"name\":\"Famm Co.\",\"url\":\"https:\/\/www.fammcommerce.si\/hr\/\",\"logo\":{\"@type\":\"ImageObject\",\"inLanguage\":\"hr\",\"@id\":\"https:\/\/www.fammcommerce.si\/hr\/#\/schema\/logo\/image\/\",\"url\":\"https:\/\/www.fammcommerce.si\/wp-content\/uploads\/2020\/06\/fammco-logo-web-sized.jpg\",\"contentUrl\":\"https:\/\/www.fammcommerce.si\/wp-content\/uploads\/2020\/06\/fammco-logo-web-sized.jpg\",\"width\":129,\"height\":52,\"caption\":\"Famm Co.\"},\"image\":{\"@id\":\"https:\/\/www.fammcommerce.si\/hr\/#\/schema\/logo\/image\/\"}}]}<\/script>\n<!-- \/ Yoast SEO plugin. -->","yoast_head_json":{"title":"520\/85 R42 157D Alliance AGRISTAR II 70 - Famm Co.","robots":{"index":"index","follow":"follow","max-snippet":"max-snippet:-1","max-image-preview":"max-image-preview:large","max-video-preview":"max-video-preview:-1"},"canonical":"https:\/\/www.fammcommerce.si\/hr\/izdelek\/520-85-r42-157d-alliance-agristar-ii-70\/","og_locale":"hr_HR","og_type":"article","og_title":"520\/85 R42 157D Alliance AGRISTAR II 70 - Famm Co.","og_description":"Pnevmatika Agristar II, je premium izdelek podjetja Alliance (Yokohama OHT). V tem modelu so zdru\u017eene vse najnaprednej\u0161e in najnovej\u0161e tehnologije. Odli\u010dno se obnese pri delu na polju in vo\u017enji po cesti. Patentirana \"StratifiedLayer\" tehnologija zagotavlja mirno vo\u017enjo na asfaltiranih povr\u0161inah in obenem odli\u010dne samo-\u010distilne lastnosti pri delu na polju in v gozdu.","og_url":"https:\/\/www.fammcommerce.si\/hr\/izdelek\/520-85-r42-157d-alliance-agristar-ii-70\/","og_site_name":"Famm Co.","article_modified_time":"2026-03-10T08:42:03+00:00","og_image":[{"width":1024,"height":1024,"url":"https:\/\/www.fammcommerce.si\/wp-content\/uploads\/2020\/04\/AGRISTAR2.jpg","type":"image\/jpeg"}],"twitter_card":"summary_large_image","schema":{"@context":"https:\/\/schema.org","@graph":[{"@type":"WebPage","@id":"https:\/\/www.fammcommerce.si\/hr\/izdelek\/520-85-r42-157d-alliance-agristar-ii-70\/","url":"https:\/\/www.fammcommerce.si\/hr\/izdelek\/520-85-r42-157d-alliance-agristar-ii-70\/","name":"520\/85 R42 157D Alliance AGRISTAR II 70 - Famm Co.","isPartOf":{"@id":"https:\/\/www.fammcommerce.si\/hr\/#website"},"primaryImageOfPage":{"@id":"https:\/\/www.fammcommerce.si\/hr\/izdelek\/520-85-r42-157d-alliance-agristar-ii-70\/#primaryimage"},"image":{"@id":"https:\/\/www.fammcommerce.si\/hr\/izdelek\/520-85-r42-157d-alliance-agristar-ii-70\/#primaryimage"},"thumbnailUrl":"https:\/\/www.fammcommerce.si\/wp-content\/uploads\/2020\/04\/AGRISTAR2.jpg","datePublished":"2024-11-13T07:06:15+00:00","dateModified":"2026-03-10T08:42:03+00:00","breadcrumb":{"@id":"https:\/\/www.fammcommerce.si\/hr\/izdelek\/520-85-r42-157d-alliance-agristar-ii-70\/#breadcrumb"},"inLanguage":"hr","potentialAction":[{"@type":"ReadAction","target":["https:\/\/www.fammcommerce.si\/hr\/izdelek\/520-85-r42-157d-alliance-agristar-ii-70\/"]}]},{"@type":"ImageObject","inLanguage":"hr","@id":"https:\/\/www.fammcommerce.si\/hr\/izdelek\/520-85-r42-157d-alliance-agristar-ii-70\/#primaryimage","url":"https:\/\/www.fammcommerce.si\/wp-content\/uploads\/2020\/04\/AGRISTAR2.jpg","contentUrl":"https:\/\/www.fammcommerce.si\/wp-content\/uploads\/2020\/04\/AGRISTAR2.jpg","width":1024,"height":1024,"caption":"AGRISTAR2"},{"@type":"BreadcrumbList","@id":"https:\/\/www.fammcommerce.si\/hr\/izdelek\/520-85-r42-157d-alliance-agristar-ii-70\/#breadcrumb","itemListElement":[{"@type":"ListItem","position":1,"name":"Domov","item":"https:\/\/www.fammcommerce.si\/hr\/"},{"@type":"ListItem","position":2,"name":"Trgovina","item":"https:\/\/www.fammcommerce.si\/trgovina\/"},{"@type":"ListItem","position":3,"name":"Traktorske pnevmatike","item":"https:\/\/www.fammcommerce.si\/hr\/product-category\/traktorske-pnevmatike\/"},{"@type":"ListItem","position":4,"name":"520\/85 R42 157D Alliance AGRISTAR II 70"}]},{"@type":"WebSite","@id":"https:\/\/www.fammcommerce.si\/hr\/#website","url":"https:\/\/www.fammcommerce.si\/hr\/","name":"Famm Co.","description":"Strokovnjaki za pnevmatike","publisher":{"@id":"https:\/\/www.fammcommerce.si\/hr\/#organization"},"potentialAction":[{"@type":"SearchAction","target":{"@type":"EntryPoint","urlTemplate":"https:\/\/www.fammcommerce.si\/hr\/?s={search_term_string}"},"query-input":{"@type":"PropertyValueSpecification","valueRequired":true,"valueName":"search_term_string"}}],"inLanguage":"hr"},{"@type":"Organization","@id":"https:\/\/www.fammcommerce.si\/hr\/#organization","name":"Famm Co.","url":"https:\/\/www.fammcommerce.si\/hr\/","logo":{"@type":"ImageObject","inLanguage":"hr","@id":"https:\/\/www.fammcommerce.si\/hr\/#\/schema\/logo\/image\/","url":"https:\/\/www.fammcommerce.si\/wp-content\/uploads\/2020\/06\/fammco-logo-web-sized.jpg","contentUrl":"https:\/\/www.fammcommerce.si\/wp-content\/uploads\/2020\/06\/fammco-logo-web-sized.jpg","width":129,"height":52,"caption":"Famm Co."},"image":{"@id":"https:\/\/www.fammcommerce.si\/hr\/#\/schema\/logo\/image\/"}}]}},"_links":{"self":[{"href":"https:\/\/www.fammcommerce.si\/hr\/wp-json\/wp\/v2\/product\/25127","targetHints":{"allow":["GET"]}}],"collection":[{"href":"https:\/\/www.fammcommerce.si\/hr\/wp-json\/wp\/v2\/product"}],"about":[{"href":"https:\/\/www.fammcommerce.si\/hr\/wp-json\/wp\/v2\/types\/product"}],"wp:featuredmedia":[{"embeddable":true,"href":"https:\/\/www.fammcommerce.si\/hr\/wp-json\/wp\/v2\/media\/1596"}],"wp:attachment":[{"href":"https:\/\/www.fammcommerce.si\/hr\/wp-json\/wp\/v2\/media?parent=25127"}],"wp:term":[{"taxonomy":"product_brand","embeddable":true,"href":"https:\/\/www.fammcommerce.si\/hr\/wp-json\/wp\/v2\/product_brand?post=25127"},{"taxonomy":"product_cat","embeddable":true,"href":"https:\/\/www.fammcommerce.si\/hr\/wp-json\/wp\/v2\/product_cat?post=25127"},{"taxonomy":"product_tag","embeddable":true,"href":"https:\/\/www.fammcommerce.si\/hr\/wp-json\/wp\/v2\/product_tag?post=25127"}],"curies":[{"name":"wp","href":"https:\/\/api.w.org\/{rel}","templated":true}]}}