{"id":2395,"date":"2024-11-13T08:04:56","date_gmt":"2024-11-13T07:04:56","guid":{"rendered":"https:\/\/fammcommerce.si\/izdelek\/112-24-10pr-119a8-125a2-alliance-356\/"},"modified":"2026-04-04T09:40:21","modified_gmt":"2026-04-04T07:40:21","slug":"112-24-10pr-119a8-125a2-alliance-356","status":"publish","type":"product","link":"https:\/\/www.fammcommerce.si\/hr\/izdelek\/112-24-10pr-119a8-125a2-alliance-356\/","title":{"rendered":"11,2-24 10PR 119A8\/125A2 Alliance 356"},"content":{"rendered":"","protected":false},"excerpt":{"rendered":"<p>Pnevmatika Alliance 356 je moderna diagonalna gozdarska pnevmatika za visoko zmogljive traktorje, ki opravljajo te\u017eavna dela v gozdu ali te\u017eja dela v kmetijstvu. Pnevmatika se v kmetijstvu uporablja tudi kot gradbena pnevmatika. Pnevmatika Alliance 356 je zasnovana tako, da jo odlikuje odli\u010den oprijem, majhna zdrsljivost in majhna poraba goriva. Glavna sestavna lastnost pnevmatike Alliance 356 je mo\u010dno najlonsko ogrodje, jekleni pasovi, visoki profilni bloki, mo\u010dni in debeli stranski zidovi, posebna gumena zmes in za\u0161\u010dita pred blatom. Vse navedene karakteristike zagotavljajo tako dolgo delovanje pod te\u017ekimi pogoji pri delu v gozdu kot tudi gladko in dolgo dobo delovanja pri opravilih v kmetijstvu.<\/p>\n","protected":false},"featured_media":1502,"template":"","meta":{"_acf_changed":false,"site-sidebar-layout":"default","site-content-layout":"","ast-site-content-layout":"","site-content-style":"default","site-sidebar-style":"default","ast-global-header-display":"","ast-banner-title-visibility":"","ast-main-header-display":"","ast-hfb-above-header-display":"","ast-hfb-below-header-display":"","ast-hfb-mobile-header-display":"","site-post-title":"","ast-breadcrumbs-content":"","ast-featured-img":"","footer-sml-layout":"","theme-transparent-header-meta":"","adv-header-id-meta":"","stick-header-meta":"","header-above-stick-meta":"","header-main-stick-meta":"","header-below-stick-meta":"","astra-migrate-meta-layouts":"default","ast-page-background-enabled":"default","ast-page-background-meta":{"desktop":{"background-color":"","background-image":"","background-repeat":"repeat","background-position":"center center","background-size":"auto","background-attachment":"scroll","background-type":"","background-media":"","overlay-type":"","overlay-color":"","overlay-opacity":"","overlay-gradient":""},"tablet":{"background-color":"","background-image":"","background-repeat":"repeat","background-position":"center center","background-size":"auto","background-attachment":"scroll","background-type":"","background-media":"","overlay-type":"","overlay-color":"","overlay-opacity":"","overlay-gradient":""},"mobile":{"background-color":"","background-image":"","background-repeat":"repeat","background-position":"center center","background-size":"auto","background-attachment":"scroll","background-type":"","background-media":"","overlay-type":"","overlay-color":"","overlay-opacity":"","overlay-gradient":""}},"ast-content-background-meta":{"desktop":{"background-color":"var(--ast-global-color-5)","background-image":"","background-repeat":"repeat","background-position":"center center","background-size":"auto","background-attachment":"scroll","background-type":"","background-media":"","overlay-type":"","overlay-color":"","overlay-opacity":"","overlay-gradient":""},"tablet":{"background-color":"var(--ast-global-color-5)","background-image":"","background-repeat":"repeat","background-position":"center center","background-size":"auto","background-attachment":"scroll","background-type":"","background-media":"","overlay-type":"","overlay-color":"","overlay-opacity":"","overlay-gradient":""},"mobile":{"background-color":"var(--ast-global-color-5)","background-image":"","background-repeat":"repeat","background-position":"center center","background-size":"auto","background-attachment":"scroll","background-type":"","background-media":"","overlay-type":"","overlay-color":"","overlay-opacity":"","overlay-gradient":""}}},"product_brand":[],"product_cat":[26],"product_tag":[272,247,199,265,205],"class_list":{"0":"post-2395","1":"product","2":"type-product","3":"status-publish","4":"has-post-thumbnail","6":"product_cat-traktorske-pnevmatike","7":"product_tag-272","8":"product_tag-alliance","9":"product_tag-diagonalna-pnevmatika","10":"product_tag-gozdarska-traktorska-pnevmatika","11":"product_tag-pogonska-pnevmatika","12":"pa_dimenzija-661","13":"desktop-align-center","14":"tablet-align-left","15":"mobile-align-left","16":"ast-product-gallery-layout-first-image-large","17":"ast-product-gallery-with-no-image","18":"ast-product-tabs-layout-accordion","20":"first","21":"instock","22":"taxable","23":"shipping-taxable","24":"purchasable","25":"product-type-simple"},"acf":[],"yoast_head":"<!-- This site is optimized with the Yoast SEO plugin v27.1.1 - https:\/\/yoast.com\/product\/yoast-seo-wordpress\/ -->\n<title>11,2-24 10PR 119A8\/125A2 Alliance 356 - Famm Co.<\/title>\n<meta name=\"robots\" content=\"index, follow, max-snippet:-1, max-image-preview:large, max-video-preview:-1\" \/>\n<link rel=\"canonical\" href=\"https:\/\/www.fammcommerce.si\/hr\/izdelek\/112-24-10pr-119a8-125a2-alliance-356\/\" \/>\n<meta property=\"og:locale\" content=\"hr_HR\" \/>\n<meta property=\"og:type\" content=\"article\" \/>\n<meta property=\"og:title\" content=\"11,2-24 10PR 119A8\/125A2 Alliance 356 - Famm Co.\" \/>\n<meta property=\"og:description\" content=\"Pnevmatika Alliance 356 je moderna diagonalna gozdarska pnevmatika za visoko zmogljive traktorje, ki opravljajo te\u017eavna dela v gozdu ali te\u017eja dela v kmetijstvu. Pnevmatika se v kmetijstvu uporablja tudi kot gradbena pnevmatika. Pnevmatika Alliance 356 je zasnovana tako, da jo odlikuje odli\u010den oprijem, majhna zdrsljivost in majhna poraba goriva. Glavna sestavna lastnost pnevmatike Alliance 356 je mo\u010dno najlonsko ogrodje, jekleni pasovi, visoki profilni bloki, mo\u010dni in debeli stranski zidovi, posebna gumena zmes in za\u0161\u010dita pred blatom. Vse navedene karakteristike zagotavljajo tako dolgo delovanje pod te\u017ekimi pogoji pri delu v gozdu kot tudi gladko in dolgo dobo delovanja pri opravilih v kmetijstvu.\" \/>\n<meta property=\"og:url\" content=\"https:\/\/www.fammcommerce.si\/hr\/izdelek\/112-24-10pr-119a8-125a2-alliance-356\/\" \/>\n<meta property=\"og:site_name\" content=\"Famm Co.\" \/>\n<meta property=\"article:modified_time\" content=\"2026-04-04T07:40:21+00:00\" \/>\n<meta property=\"og:image\" content=\"https:\/\/www.fammcommerce.si\/wp-content\/uploads\/2020\/04\/356.jpg\" \/>\n\t<meta property=\"og:image:width\" content=\"1024\" \/>\n\t<meta property=\"og:image:height\" content=\"1024\" \/>\n\t<meta property=\"og:image:type\" content=\"image\/jpeg\" \/>\n<meta name=\"twitter:card\" content=\"summary_large_image\" \/>\n<script type=\"application\/ld+json\" class=\"yoast-schema-graph\">{\"@context\":\"https:\/\/schema.org\",\"@graph\":[{\"@type\":\"WebPage\",\"@id\":\"https:\/\/www.fammcommerce.si\/hr\/izdelek\/112-24-10pr-119a8-125a2-alliance-356\/\",\"url\":\"https:\/\/www.fammcommerce.si\/hr\/izdelek\/112-24-10pr-119a8-125a2-alliance-356\/\",\"name\":\"11,2-24 10PR 119A8\/125A2 Alliance 356 - Famm Co.\",\"isPartOf\":{\"@id\":\"https:\/\/www.fammcommerce.si\/hr\/#website\"},\"primaryImageOfPage\":{\"@id\":\"https:\/\/www.fammcommerce.si\/hr\/izdelek\/112-24-10pr-119a8-125a2-alliance-356\/#primaryimage\"},\"image\":{\"@id\":\"https:\/\/www.fammcommerce.si\/hr\/izdelek\/112-24-10pr-119a8-125a2-alliance-356\/#primaryimage\"},\"thumbnailUrl\":\"https:\/\/www.fammcommerce.si\/wp-content\/uploads\/2020\/04\/356.jpg\",\"datePublished\":\"2024-11-13T07:04:56+00:00\",\"dateModified\":\"2026-04-04T07:40:21+00:00\",\"breadcrumb\":{\"@id\":\"https:\/\/www.fammcommerce.si\/hr\/izdelek\/112-24-10pr-119a8-125a2-alliance-356\/#breadcrumb\"},\"inLanguage\":\"hr\",\"potentialAction\":[{\"@type\":\"ReadAction\",\"target\":[\"https:\/\/www.fammcommerce.si\/hr\/izdelek\/112-24-10pr-119a8-125a2-alliance-356\/\"]}]},{\"@type\":\"ImageObject\",\"inLanguage\":\"hr\",\"@id\":\"https:\/\/www.fammcommerce.si\/hr\/izdelek\/112-24-10pr-119a8-125a2-alliance-356\/#primaryimage\",\"url\":\"https:\/\/www.fammcommerce.si\/wp-content\/uploads\/2020\/04\/356.jpg\",\"contentUrl\":\"https:\/\/www.fammcommerce.si\/wp-content\/uploads\/2020\/04\/356.jpg\",\"width\":1024,\"height\":1024},{\"@type\":\"BreadcrumbList\",\"@id\":\"https:\/\/www.fammcommerce.si\/hr\/izdelek\/112-24-10pr-119a8-125a2-alliance-356\/#breadcrumb\",\"itemListElement\":[{\"@type\":\"ListItem\",\"position\":1,\"name\":\"Domov\",\"item\":\"https:\/\/www.fammcommerce.si\/hr\/\"},{\"@type\":\"ListItem\",\"position\":2,\"name\":\"Trgovina\",\"item\":\"https:\/\/www.fammcommerce.si\/trgovina\/\"},{\"@type\":\"ListItem\",\"position\":3,\"name\":\"Traktorske pnevmatike\",\"item\":\"https:\/\/www.fammcommerce.si\/hr\/product-category\/traktorske-pnevmatike\/\"},{\"@type\":\"ListItem\",\"position\":4,\"name\":\"11,2-24 10PR 119A8\/125A2 Alliance 356\"}]},{\"@type\":\"WebSite\",\"@id\":\"https:\/\/www.fammcommerce.si\/hr\/#website\",\"url\":\"https:\/\/www.fammcommerce.si\/hr\/\",\"name\":\"Famm Co.\",\"description\":\"Strokovnjaki za pnevmatike\",\"publisher\":{\"@id\":\"https:\/\/www.fammcommerce.si\/hr\/#organization\"},\"potentialAction\":[{\"@type\":\"SearchAction\",\"target\":{\"@type\":\"EntryPoint\",\"urlTemplate\":\"https:\/\/www.fammcommerce.si\/hr\/?s={search_term_string}\"},\"query-input\":{\"@type\":\"PropertyValueSpecification\",\"valueRequired\":true,\"valueName\":\"search_term_string\"}}],\"inLanguage\":\"hr\"},{\"@type\":\"Organization\",\"@id\":\"https:\/\/www.fammcommerce.si\/hr\/#organization\",\"name\":\"Famm Co.\",\"url\":\"https:\/\/www.fammcommerce.si\/hr\/\",\"logo\":{\"@type\":\"ImageObject\",\"inLanguage\":\"hr\",\"@id\":\"https:\/\/www.fammcommerce.si\/hr\/#\/schema\/logo\/image\/\",\"url\":\"https:\/\/www.fammcommerce.si\/wp-content\/uploads\/2020\/06\/fammco-logo-web-sized.jpg\",\"contentUrl\":\"https:\/\/www.fammcommerce.si\/wp-content\/uploads\/2020\/06\/fammco-logo-web-sized.jpg\",\"width\":129,\"height\":52,\"caption\":\"Famm Co.\"},\"image\":{\"@id\":\"https:\/\/www.fammcommerce.si\/hr\/#\/schema\/logo\/image\/\"}}]}<\/script>\n<!-- \/ Yoast SEO plugin. -->","yoast_head_json":{"title":"11,2-24 10PR 119A8\/125A2 Alliance 356 - Famm Co.","robots":{"index":"index","follow":"follow","max-snippet":"max-snippet:-1","max-image-preview":"max-image-preview:large","max-video-preview":"max-video-preview:-1"},"canonical":"https:\/\/www.fammcommerce.si\/hr\/izdelek\/112-24-10pr-119a8-125a2-alliance-356\/","og_locale":"hr_HR","og_type":"article","og_title":"11,2-24 10PR 119A8\/125A2 Alliance 356 - Famm Co.","og_description":"Pnevmatika Alliance 356 je moderna diagonalna gozdarska pnevmatika za visoko zmogljive traktorje, ki opravljajo te\u017eavna dela v gozdu ali te\u017eja dela v kmetijstvu. Pnevmatika se v kmetijstvu uporablja tudi kot gradbena pnevmatika. Pnevmatika Alliance 356 je zasnovana tako, da jo odlikuje odli\u010den oprijem, majhna zdrsljivost in majhna poraba goriva. Glavna sestavna lastnost pnevmatike Alliance 356 je mo\u010dno najlonsko ogrodje, jekleni pasovi, visoki profilni bloki, mo\u010dni in debeli stranski zidovi, posebna gumena zmes in za\u0161\u010dita pred blatom. Vse navedene karakteristike zagotavljajo tako dolgo delovanje pod te\u017ekimi pogoji pri delu v gozdu kot tudi gladko in dolgo dobo delovanja pri opravilih v kmetijstvu.","og_url":"https:\/\/www.fammcommerce.si\/hr\/izdelek\/112-24-10pr-119a8-125a2-alliance-356\/","og_site_name":"Famm Co.","article_modified_time":"2026-04-04T07:40:21+00:00","og_image":[{"width":1024,"height":1024,"url":"https:\/\/www.fammcommerce.si\/wp-content\/uploads\/2020\/04\/356.jpg","type":"image\/jpeg"}],"twitter_card":"summary_large_image","schema":{"@context":"https:\/\/schema.org","@graph":[{"@type":"WebPage","@id":"https:\/\/www.fammcommerce.si\/hr\/izdelek\/112-24-10pr-119a8-125a2-alliance-356\/","url":"https:\/\/www.fammcommerce.si\/hr\/izdelek\/112-24-10pr-119a8-125a2-alliance-356\/","name":"11,2-24 10PR 119A8\/125A2 Alliance 356 - Famm Co.","isPartOf":{"@id":"https:\/\/www.fammcommerce.si\/hr\/#website"},"primaryImageOfPage":{"@id":"https:\/\/www.fammcommerce.si\/hr\/izdelek\/112-24-10pr-119a8-125a2-alliance-356\/#primaryimage"},"image":{"@id":"https:\/\/www.fammcommerce.si\/hr\/izdelek\/112-24-10pr-119a8-125a2-alliance-356\/#primaryimage"},"thumbnailUrl":"https:\/\/www.fammcommerce.si\/wp-content\/uploads\/2020\/04\/356.jpg","datePublished":"2024-11-13T07:04:56+00:00","dateModified":"2026-04-04T07:40:21+00:00","breadcrumb":{"@id":"https:\/\/www.fammcommerce.si\/hr\/izdelek\/112-24-10pr-119a8-125a2-alliance-356\/#breadcrumb"},"inLanguage":"hr","potentialAction":[{"@type":"ReadAction","target":["https:\/\/www.fammcommerce.si\/hr\/izdelek\/112-24-10pr-119a8-125a2-alliance-356\/"]}]},{"@type":"ImageObject","inLanguage":"hr","@id":"https:\/\/www.fammcommerce.si\/hr\/izdelek\/112-24-10pr-119a8-125a2-alliance-356\/#primaryimage","url":"https:\/\/www.fammcommerce.si\/wp-content\/uploads\/2020\/04\/356.jpg","contentUrl":"https:\/\/www.fammcommerce.si\/wp-content\/uploads\/2020\/04\/356.jpg","width":1024,"height":1024},{"@type":"BreadcrumbList","@id":"https:\/\/www.fammcommerce.si\/hr\/izdelek\/112-24-10pr-119a8-125a2-alliance-356\/#breadcrumb","itemListElement":[{"@type":"ListItem","position":1,"name":"Domov","item":"https:\/\/www.fammcommerce.si\/hr\/"},{"@type":"ListItem","position":2,"name":"Trgovina","item":"https:\/\/www.fammcommerce.si\/trgovina\/"},{"@type":"ListItem","position":3,"name":"Traktorske pnevmatike","item":"https:\/\/www.fammcommerce.si\/hr\/product-category\/traktorske-pnevmatike\/"},{"@type":"ListItem","position":4,"name":"11,2-24 10PR 119A8\/125A2 Alliance 356"}]},{"@type":"WebSite","@id":"https:\/\/www.fammcommerce.si\/hr\/#website","url":"https:\/\/www.fammcommerce.si\/hr\/","name":"Famm Co.","description":"Strokovnjaki za pnevmatike","publisher":{"@id":"https:\/\/www.fammcommerce.si\/hr\/#organization"},"potentialAction":[{"@type":"SearchAction","target":{"@type":"EntryPoint","urlTemplate":"https:\/\/www.fammcommerce.si\/hr\/?s={search_term_string}"},"query-input":{"@type":"PropertyValueSpecification","valueRequired":true,"valueName":"search_term_string"}}],"inLanguage":"hr"},{"@type":"Organization","@id":"https:\/\/www.fammcommerce.si\/hr\/#organization","name":"Famm Co.","url":"https:\/\/www.fammcommerce.si\/hr\/","logo":{"@type":"ImageObject","inLanguage":"hr","@id":"https:\/\/www.fammcommerce.si\/hr\/#\/schema\/logo\/image\/","url":"https:\/\/www.fammcommerce.si\/wp-content\/uploads\/2020\/06\/fammco-logo-web-sized.jpg","contentUrl":"https:\/\/www.fammcommerce.si\/wp-content\/uploads\/2020\/06\/fammco-logo-web-sized.jpg","width":129,"height":52,"caption":"Famm Co."},"image":{"@id":"https:\/\/www.fammcommerce.si\/hr\/#\/schema\/logo\/image\/"}}]}},"_links":{"self":[{"href":"https:\/\/www.fammcommerce.si\/hr\/wp-json\/wp\/v2\/product\/2395","targetHints":{"allow":["GET"]}}],"collection":[{"href":"https:\/\/www.fammcommerce.si\/hr\/wp-json\/wp\/v2\/product"}],"about":[{"href":"https:\/\/www.fammcommerce.si\/hr\/wp-json\/wp\/v2\/types\/product"}],"wp:featuredmedia":[{"embeddable":true,"href":"https:\/\/www.fammcommerce.si\/hr\/wp-json\/wp\/v2\/media\/1502"}],"wp:attachment":[{"href":"https:\/\/www.fammcommerce.si\/hr\/wp-json\/wp\/v2\/media?parent=2395"}],"wp:term":[{"taxonomy":"product_brand","embeddable":true,"href":"https:\/\/www.fammcommerce.si\/hr\/wp-json\/wp\/v2\/product_brand?post=2395"},{"taxonomy":"product_cat","embeddable":true,"href":"https:\/\/www.fammcommerce.si\/hr\/wp-json\/wp\/v2\/product_cat?post=2395"},{"taxonomy":"product_tag","embeddable":true,"href":"https:\/\/www.fammcommerce.si\/hr\/wp-json\/wp\/v2\/product_tag?post=2395"}],"curies":[{"name":"wp","href":"https:\/\/api.w.org\/{rel}","templated":true}]}}