{"id":2311,"date":"2024-11-13T07:36:43","date_gmt":"2024-11-13T06:36:43","guid":{"rendered":"https:\/\/fammcommerce.si\/izdelek\/315-80-r225-154-150m-aeolus-hn352\/"},"modified":"2026-05-01T09:40:04","modified_gmt":"2026-05-01T07:40:04","slug":"315-80-r225-156-150k-aeolus-hn352","status":"publish","type":"product","link":"https:\/\/www.fammcommerce.si\/hr\/izdelek\/315-80-r225-156-150k-aeolus-hn352\/","title":{"rendered":"315\/80 R22,5 156\/150K AEOLUS HN352"},"content":{"rendered":"","protected":false},"excerpt":{"rendered":"<p>SODOBNA ODPORNA GRADBENA PNEVMATIKA<br \/>\n\u2022 robustna, zmogljiva, varna in zanesljiva<br \/>\n\u2022 posebno zasnovana troredna blokovska tekalna povr\u0161ina<br \/>\n\u2022 izjemen oprijem na kamnitih, pe\u0161\u010denih ali blatnih tleh<br \/>\n\u2022 samoo\u010di\u0161\u010devalni profil<br \/>\n\u2022 garancija karkase na 3x obnovo (dimenzija 315\/80)<\/p>\n<p>Tovorna pnevmatika za uporabo na gradbi\u0161\u010dih, v gozdu in na slabih poteh. Posebej mo\u010dna karkasa daje tej tovorni gumi posebno odpornost proti mehanskim po\u0161kodbam.<br \/>\nZagotavlja dolgo \u017eivljenjsko dobo in zanesljivo delovanje v najte\u017ejih pogojih uporabe, \u0161e posebej se izka\u017ee na blatnih terenih, kjer pride do izraza u\u010dinkovito \u010di\u0161\u010denje tekalne povr\u0161ine pnevmatike.<\/p>\n","protected":false},"featured_media":4294,"template":"","meta":{"_acf_changed":false,"site-sidebar-layout":"default","site-content-layout":"","ast-site-content-layout":"","site-content-style":"default","site-sidebar-style":"default","ast-global-header-display":"","ast-banner-title-visibility":"","ast-main-header-display":"","ast-hfb-above-header-display":"","ast-hfb-below-header-display":"","ast-hfb-mobile-header-display":"","site-post-title":"","ast-breadcrumbs-content":"","ast-featured-img":"","footer-sml-layout":"","theme-transparent-header-meta":"","adv-header-id-meta":"","stick-header-meta":"","header-above-stick-meta":"","header-main-stick-meta":"","header-below-stick-meta":"","astra-migrate-meta-layouts":"default","ast-page-background-enabled":"default","ast-page-background-meta":{"desktop":{"background-color":"","background-image":"","background-repeat":"repeat","background-position":"center center","background-size":"auto","background-attachment":"scroll","background-type":"","background-media":"","overlay-type":"","overlay-color":"","overlay-opacity":"","overlay-gradient":""},"tablet":{"background-color":"","background-image":"","background-repeat":"repeat","background-position":"center center","background-size":"auto","background-attachment":"scroll","background-type":"","background-media":"","overlay-type":"","overlay-color":"","overlay-opacity":"","overlay-gradient":""},"mobile":{"background-color":"","background-image":"","background-repeat":"repeat","background-position":"center center","background-size":"auto","background-attachment":"scroll","background-type":"","background-media":"","overlay-type":"","overlay-color":"","overlay-opacity":"","overlay-gradient":""}},"ast-content-background-meta":{"desktop":{"background-color":"var(--ast-global-color-5)","background-image":"","background-repeat":"repeat","background-position":"center center","background-size":"auto","background-attachment":"scroll","background-type":"","background-media":"","overlay-type":"","overlay-color":"","overlay-opacity":"","overlay-gradient":""},"tablet":{"background-color":"var(--ast-global-color-5)","background-image":"","background-repeat":"repeat","background-position":"center center","background-size":"auto","background-attachment":"scroll","background-type":"","background-media":"","overlay-type":"","overlay-color":"","overlay-opacity":"","overlay-gradient":""},"mobile":{"background-color":"var(--ast-global-color-5)","background-image":"","background-repeat":"repeat","background-position":"center center","background-size":"auto","background-attachment":"scroll","background-type":"","background-media":"","overlay-type":"","overlay-color":"","overlay-opacity":"","overlay-gradient":""}}},"product_brand":[],"product_cat":[25],"product_tag":[207,210,211,205],"class_list":{"0":"post-2311","1":"product","2":"type-product","3":"status-publish","4":"has-post-thumbnail","6":"product_cat-tovorne-pnevmatike","7":"product_tag-aeolus","8":"product_tag-gradbeni-promet","9":"product_tag-hn352","10":"product_tag-pogonska-pnevmatika","11":"pa_dimenzija-601","12":"desktop-align-center","13":"tablet-align-left","14":"mobile-align-left","15":"ast-product-gallery-layout-first-image-large","16":"ast-product-gallery-with-no-image","17":"ast-product-tabs-layout-accordion","19":"first","20":"instock","21":"taxable","22":"shipping-taxable","23":"purchasable","24":"product-type-simple"},"acf":[],"yoast_head":"<!-- This site is optimized with the Yoast SEO plugin v27.1.1 - https:\/\/yoast.com\/product\/yoast-seo-wordpress\/ -->\n<title>315\/80 R22,5 156\/150K AEOLUS HN352 - Famm Co.<\/title>\n<meta name=\"robots\" content=\"index, follow, max-snippet:-1, max-image-preview:large, max-video-preview:-1\" \/>\n<link rel=\"canonical\" href=\"https:\/\/www.fammcommerce.si\/hr\/izdelek\/315-80-r225-156-150k-aeolus-hn352\/\" \/>\n<meta property=\"og:locale\" content=\"hr_HR\" \/>\n<meta property=\"og:type\" content=\"article\" \/>\n<meta property=\"og:title\" content=\"315\/80 R22,5 156\/150K AEOLUS HN352 - Famm Co.\" \/>\n<meta property=\"og:description\" content=\"SODOBNA ODPORNA GRADBENA PNEVMATIKA \u2022 robustna, zmogljiva, varna in zanesljiva \u2022 posebno zasnovana troredna blokovska tekalna povr\u0161ina \u2022 izjemen oprijem na kamnitih, pe\u0161\u010denih ali blatnih tleh \u2022 samoo\u010di\u0161\u010devalni profil \u2022 garancija karkase na 3x obnovo (dimenzija 315\/80) Tovorna pnevmatika za uporabo na gradbi\u0161\u010dih, v gozdu in na slabih poteh. Posebej mo\u010dna karkasa daje tej tovorni gumi posebno odpornost proti mehanskim po\u0161kodbam. Zagotavlja dolgo \u017eivljenjsko dobo in zanesljivo delovanje v najte\u017ejih pogojih uporabe, \u0161e posebej se izka\u017ee na blatnih terenih, kjer pride do izraza u\u010dinkovito \u010di\u0161\u010denje tekalne povr\u0161ine pnevmatike.\" \/>\n<meta property=\"og:url\" content=\"https:\/\/www.fammcommerce.si\/hr\/izdelek\/315-80-r225-156-150k-aeolus-hn352\/\" \/>\n<meta property=\"og:site_name\" content=\"Famm Co.\" \/>\n<meta property=\"article:modified_time\" content=\"2026-05-01T07:40:04+00:00\" \/>\n<meta property=\"og:image\" content=\"https:\/\/www.fammcommerce.si\/wp-content\/uploads\/2020\/08\/HN352.jpg\" \/>\n\t<meta property=\"og:image:width\" content=\"1024\" \/>\n\t<meta property=\"og:image:height\" content=\"1024\" \/>\n\t<meta property=\"og:image:type\" content=\"image\/jpeg\" \/>\n<meta name=\"twitter:card\" content=\"summary_large_image\" \/>\n<script type=\"application\/ld+json\" class=\"yoast-schema-graph\">{\"@context\":\"https:\/\/schema.org\",\"@graph\":[{\"@type\":\"WebPage\",\"@id\":\"https:\/\/www.fammcommerce.si\/hr\/izdelek\/315-80-r225-156-150k-aeolus-hn352\/\",\"url\":\"https:\/\/www.fammcommerce.si\/hr\/izdelek\/315-80-r225-156-150k-aeolus-hn352\/\",\"name\":\"315\/80 R22,5 156\/150K AEOLUS HN352 - Famm Co.\",\"isPartOf\":{\"@id\":\"https:\/\/www.fammcommerce.si\/hr\/#website\"},\"primaryImageOfPage\":{\"@id\":\"https:\/\/www.fammcommerce.si\/hr\/izdelek\/315-80-r225-156-150k-aeolus-hn352\/#primaryimage\"},\"image\":{\"@id\":\"https:\/\/www.fammcommerce.si\/hr\/izdelek\/315-80-r225-156-150k-aeolus-hn352\/#primaryimage\"},\"thumbnailUrl\":\"https:\/\/www.fammcommerce.si\/wp-content\/uploads\/2020\/08\/HN352.jpg\",\"datePublished\":\"2024-11-13T06:36:43+00:00\",\"dateModified\":\"2026-05-01T07:40:04+00:00\",\"breadcrumb\":{\"@id\":\"https:\/\/www.fammcommerce.si\/hr\/izdelek\/315-80-r225-156-150k-aeolus-hn352\/#breadcrumb\"},\"inLanguage\":\"hr\",\"potentialAction\":[{\"@type\":\"ReadAction\",\"target\":[\"https:\/\/www.fammcommerce.si\/hr\/izdelek\/315-80-r225-156-150k-aeolus-hn352\/\"]}]},{\"@type\":\"ImageObject\",\"inLanguage\":\"hr\",\"@id\":\"https:\/\/www.fammcommerce.si\/hr\/izdelek\/315-80-r225-156-150k-aeolus-hn352\/#primaryimage\",\"url\":\"https:\/\/www.fammcommerce.si\/wp-content\/uploads\/2020\/08\/HN352.jpg\",\"contentUrl\":\"https:\/\/www.fammcommerce.si\/wp-content\/uploads\/2020\/08\/HN352.jpg\",\"width\":1024,\"height\":1024},{\"@type\":\"BreadcrumbList\",\"@id\":\"https:\/\/www.fammcommerce.si\/hr\/izdelek\/315-80-r225-156-150k-aeolus-hn352\/#breadcrumb\",\"itemListElement\":[{\"@type\":\"ListItem\",\"position\":1,\"name\":\"Domov\",\"item\":\"https:\/\/www.fammcommerce.si\/hr\/\"},{\"@type\":\"ListItem\",\"position\":2,\"name\":\"Trgovina\",\"item\":\"https:\/\/www.fammcommerce.si\/trgovina\/\"},{\"@type\":\"ListItem\",\"position\":3,\"name\":\"Tovorne pnevmatike\",\"item\":\"https:\/\/www.fammcommerce.si\/hr\/product-category\/tovorne-pnevmatike\/\"},{\"@type\":\"ListItem\",\"position\":4,\"name\":\"315\/80 R22,5 156\/150K AEOLUS HN352\"}]},{\"@type\":\"WebSite\",\"@id\":\"https:\/\/www.fammcommerce.si\/hr\/#website\",\"url\":\"https:\/\/www.fammcommerce.si\/hr\/\",\"name\":\"Famm Co.\",\"description\":\"Strokovnjaki za pnevmatike\",\"publisher\":{\"@id\":\"https:\/\/www.fammcommerce.si\/hr\/#organization\"},\"potentialAction\":[{\"@type\":\"SearchAction\",\"target\":{\"@type\":\"EntryPoint\",\"urlTemplate\":\"https:\/\/www.fammcommerce.si\/hr\/?s={search_term_string}\"},\"query-input\":{\"@type\":\"PropertyValueSpecification\",\"valueRequired\":true,\"valueName\":\"search_term_string\"}}],\"inLanguage\":\"hr\"},{\"@type\":\"Organization\",\"@id\":\"https:\/\/www.fammcommerce.si\/hr\/#organization\",\"name\":\"Famm Co.\",\"url\":\"https:\/\/www.fammcommerce.si\/hr\/\",\"logo\":{\"@type\":\"ImageObject\",\"inLanguage\":\"hr\",\"@id\":\"https:\/\/www.fammcommerce.si\/hr\/#\/schema\/logo\/image\/\",\"url\":\"https:\/\/www.fammcommerce.si\/wp-content\/uploads\/2020\/06\/fammco-logo-web-sized.jpg\",\"contentUrl\":\"https:\/\/www.fammcommerce.si\/wp-content\/uploads\/2020\/06\/fammco-logo-web-sized.jpg\",\"width\":129,\"height\":52,\"caption\":\"Famm Co.\"},\"image\":{\"@id\":\"https:\/\/www.fammcommerce.si\/hr\/#\/schema\/logo\/image\/\"}}]}<\/script>\n<!-- \/ Yoast SEO plugin. -->","yoast_head_json":{"title":"315\/80 R22,5 156\/150K AEOLUS HN352 - Famm Co.","robots":{"index":"index","follow":"follow","max-snippet":"max-snippet:-1","max-image-preview":"max-image-preview:large","max-video-preview":"max-video-preview:-1"},"canonical":"https:\/\/www.fammcommerce.si\/hr\/izdelek\/315-80-r225-156-150k-aeolus-hn352\/","og_locale":"hr_HR","og_type":"article","og_title":"315\/80 R22,5 156\/150K AEOLUS HN352 - Famm Co.","og_description":"SODOBNA ODPORNA GRADBENA PNEVMATIKA \u2022 robustna, zmogljiva, varna in zanesljiva \u2022 posebno zasnovana troredna blokovska tekalna povr\u0161ina \u2022 izjemen oprijem na kamnitih, pe\u0161\u010denih ali blatnih tleh \u2022 samoo\u010di\u0161\u010devalni profil \u2022 garancija karkase na 3x obnovo (dimenzija 315\/80) Tovorna pnevmatika za uporabo na gradbi\u0161\u010dih, v gozdu in na slabih poteh. Posebej mo\u010dna karkasa daje tej tovorni gumi posebno odpornost proti mehanskim po\u0161kodbam. Zagotavlja dolgo \u017eivljenjsko dobo in zanesljivo delovanje v najte\u017ejih pogojih uporabe, \u0161e posebej se izka\u017ee na blatnih terenih, kjer pride do izraza u\u010dinkovito \u010di\u0161\u010denje tekalne povr\u0161ine pnevmatike.","og_url":"https:\/\/www.fammcommerce.si\/hr\/izdelek\/315-80-r225-156-150k-aeolus-hn352\/","og_site_name":"Famm Co.","article_modified_time":"2026-05-01T07:40:04+00:00","og_image":[{"width":1024,"height":1024,"url":"https:\/\/www.fammcommerce.si\/wp-content\/uploads\/2020\/08\/HN352.jpg","type":"image\/jpeg"}],"twitter_card":"summary_large_image","schema":{"@context":"https:\/\/schema.org","@graph":[{"@type":"WebPage","@id":"https:\/\/www.fammcommerce.si\/hr\/izdelek\/315-80-r225-156-150k-aeolus-hn352\/","url":"https:\/\/www.fammcommerce.si\/hr\/izdelek\/315-80-r225-156-150k-aeolus-hn352\/","name":"315\/80 R22,5 156\/150K AEOLUS HN352 - Famm Co.","isPartOf":{"@id":"https:\/\/www.fammcommerce.si\/hr\/#website"},"primaryImageOfPage":{"@id":"https:\/\/www.fammcommerce.si\/hr\/izdelek\/315-80-r225-156-150k-aeolus-hn352\/#primaryimage"},"image":{"@id":"https:\/\/www.fammcommerce.si\/hr\/izdelek\/315-80-r225-156-150k-aeolus-hn352\/#primaryimage"},"thumbnailUrl":"https:\/\/www.fammcommerce.si\/wp-content\/uploads\/2020\/08\/HN352.jpg","datePublished":"2024-11-13T06:36:43+00:00","dateModified":"2026-05-01T07:40:04+00:00","breadcrumb":{"@id":"https:\/\/www.fammcommerce.si\/hr\/izdelek\/315-80-r225-156-150k-aeolus-hn352\/#breadcrumb"},"inLanguage":"hr","potentialAction":[{"@type":"ReadAction","target":["https:\/\/www.fammcommerce.si\/hr\/izdelek\/315-80-r225-156-150k-aeolus-hn352\/"]}]},{"@type":"ImageObject","inLanguage":"hr","@id":"https:\/\/www.fammcommerce.si\/hr\/izdelek\/315-80-r225-156-150k-aeolus-hn352\/#primaryimage","url":"https:\/\/www.fammcommerce.si\/wp-content\/uploads\/2020\/08\/HN352.jpg","contentUrl":"https:\/\/www.fammcommerce.si\/wp-content\/uploads\/2020\/08\/HN352.jpg","width":1024,"height":1024},{"@type":"BreadcrumbList","@id":"https:\/\/www.fammcommerce.si\/hr\/izdelek\/315-80-r225-156-150k-aeolus-hn352\/#breadcrumb","itemListElement":[{"@type":"ListItem","position":1,"name":"Domov","item":"https:\/\/www.fammcommerce.si\/hr\/"},{"@type":"ListItem","position":2,"name":"Trgovina","item":"https:\/\/www.fammcommerce.si\/trgovina\/"},{"@type":"ListItem","position":3,"name":"Tovorne pnevmatike","item":"https:\/\/www.fammcommerce.si\/hr\/product-category\/tovorne-pnevmatike\/"},{"@type":"ListItem","position":4,"name":"315\/80 R22,5 156\/150K AEOLUS HN352"}]},{"@type":"WebSite","@id":"https:\/\/www.fammcommerce.si\/hr\/#website","url":"https:\/\/www.fammcommerce.si\/hr\/","name":"Famm Co.","description":"Strokovnjaki za pnevmatike","publisher":{"@id":"https:\/\/www.fammcommerce.si\/hr\/#organization"},"potentialAction":[{"@type":"SearchAction","target":{"@type":"EntryPoint","urlTemplate":"https:\/\/www.fammcommerce.si\/hr\/?s={search_term_string}"},"query-input":{"@type":"PropertyValueSpecification","valueRequired":true,"valueName":"search_term_string"}}],"inLanguage":"hr"},{"@type":"Organization","@id":"https:\/\/www.fammcommerce.si\/hr\/#organization","name":"Famm Co.","url":"https:\/\/www.fammcommerce.si\/hr\/","logo":{"@type":"ImageObject","inLanguage":"hr","@id":"https:\/\/www.fammcommerce.si\/hr\/#\/schema\/logo\/image\/","url":"https:\/\/www.fammcommerce.si\/wp-content\/uploads\/2020\/06\/fammco-logo-web-sized.jpg","contentUrl":"https:\/\/www.fammcommerce.si\/wp-content\/uploads\/2020\/06\/fammco-logo-web-sized.jpg","width":129,"height":52,"caption":"Famm Co."},"image":{"@id":"https:\/\/www.fammcommerce.si\/hr\/#\/schema\/logo\/image\/"}}]}},"_links":{"self":[{"href":"https:\/\/www.fammcommerce.si\/hr\/wp-json\/wp\/v2\/product\/2311","targetHints":{"allow":["GET"]}}],"collection":[{"href":"https:\/\/www.fammcommerce.si\/hr\/wp-json\/wp\/v2\/product"}],"about":[{"href":"https:\/\/www.fammcommerce.si\/hr\/wp-json\/wp\/v2\/types\/product"}],"wp:featuredmedia":[{"embeddable":true,"href":"https:\/\/www.fammcommerce.si\/hr\/wp-json\/wp\/v2\/media\/4294"}],"wp:attachment":[{"href":"https:\/\/www.fammcommerce.si\/hr\/wp-json\/wp\/v2\/media?parent=2311"}],"wp:term":[{"taxonomy":"product_brand","embeddable":true,"href":"https:\/\/www.fammcommerce.si\/hr\/wp-json\/wp\/v2\/product_brand?post=2311"},{"taxonomy":"product_cat","embeddable":true,"href":"https:\/\/www.fammcommerce.si\/hr\/wp-json\/wp\/v2\/product_cat?post=2311"},{"taxonomy":"product_tag","embeddable":true,"href":"https:\/\/www.fammcommerce.si\/hr\/wp-json\/wp\/v2\/product_tag?post=2311"}],"curies":[{"name":"wp","href":"https:\/\/api.w.org\/{rel}","templated":true}]}}