{"id":24953,"date":"2022-09-05T06:34:03","date_gmt":"2022-09-05T04:34:03","guid":{"rendered":"https:\/\/www.fammcommerce.si\/izdelek\/275-70-r225-152-148j-ast-tyrex-vc-1\/"},"modified":"2026-04-04T09:40:23","modified_gmt":"2026-04-04T07:40:23","slug":"275-70-r225-152-148j-ast-tyrex-vc-1","status":"publish","type":"product","link":"https:\/\/www.fammcommerce.si\/en\/izdelek\/275-70-r225-152-148j-ast-tyrex-vc-1\/","title":{"rendered":"275\/70 R22,5 152\/148J Ast. TYREX VC-1"},"content":{"rendered":"","protected":false},"excerpt":{"rendered":"<p>za vgradnjo na vodilno in pogonsko os mestnih in primestnih avtobusov.<br \/>\nPnevmatika je zasnovana tako, da zagotavlja maksimalno ekonomi\u010dnost porabe goriva<br \/>\nTekalna plast je bolj trpe\u017ena in odporna obrabi zahvaljujo\u010d SMART-ENDURANCE zmesi iz katere je sestavljena guma<br \/>\nOja\u010dana stranska za\u0161\u010dita, \u0161\u010diti in varuje pnevmatiko pred po\u0161kodbami udarnih jam na cesti\u0161\u010du<br \/>\nVe\u010dja globina profila (22 mm) pnevmatike VC-1 dalj\u0161o \u017eivljenjsko dobo pnevmatike<\/p>\n","protected":false},"featured_media":0,"template":"","meta":{"_acf_changed":false,"site-sidebar-layout":"default","site-content-layout":"","ast-site-content-layout":"","site-content-style":"default","site-sidebar-style":"default","ast-global-header-display":"","ast-banner-title-visibility":"","ast-main-header-display":"","ast-hfb-above-header-display":"","ast-hfb-below-header-display":"","ast-hfb-mobile-header-display":"","site-post-title":"","ast-breadcrumbs-content":"","ast-featured-img":"","footer-sml-layout":"","theme-transparent-header-meta":"","adv-header-id-meta":"","stick-header-meta":"","header-above-stick-meta":"","header-main-stick-meta":"","header-below-stick-meta":"","astra-migrate-meta-layouts":"default","ast-page-background-enabled":"default","ast-page-background-meta":{"desktop":{"background-color":"","background-image":"","background-repeat":"repeat","background-position":"center center","background-size":"auto","background-attachment":"scroll","background-type":"","background-media":"","overlay-type":"","overlay-color":"","overlay-opacity":"","overlay-gradient":""},"tablet":{"background-color":"","background-image":"","background-repeat":"repeat","background-position":"center center","background-size":"auto","background-attachment":"scroll","background-type":"","background-media":"","overlay-type":"","overlay-color":"","overlay-opacity":"","overlay-gradient":""},"mobile":{"background-color":"","background-image":"","background-repeat":"repeat","background-position":"center center","background-size":"auto","background-attachment":"scroll","background-type":"","background-media":"","overlay-type":"","overlay-color":"","overlay-opacity":"","overlay-gradient":""}},"ast-content-background-meta":{"desktop":{"background-color":"var(--ast-global-color-5)","background-image":"","background-repeat":"repeat","background-position":"center center","background-size":"auto","background-attachment":"scroll","background-type":"","background-media":"","overlay-type":"","overlay-color":"","overlay-opacity":"","overlay-gradient":""},"tablet":{"background-color":"var(--ast-global-color-5)","background-image":"","background-repeat":"repeat","background-position":"center center","background-size":"auto","background-attachment":"scroll","background-type":"","background-media":"","overlay-type":"","overlay-color":"","overlay-opacity":"","overlay-gradient":""},"mobile":{"background-color":"var(--ast-global-color-5)","background-image":"","background-repeat":"repeat","background-position":"center center","background-size":"auto","background-attachment":"scroll","background-type":"","background-media":"","overlay-type":"","overlay-color":"","overlay-opacity":"","overlay-gradient":""}}},"product_brand":[],"product_cat":[25],"product_tag":[245,197,206,1009],"class_list":{"0":"post-24953","1":"product","2":"type-product","3":"status-publish","5":"product_cat-tovorne-pnevmatike","6":"product_tag-cordiant","7":"product_tag-prikolica","8":"product_tag-regio-promet","9":"product_tag-vc-1tyrex","10":"pa_dimenzija-680","11":"desktop-align-center","12":"tablet-align-left","13":"mobile-align-left","14":"ast-product-gallery-layout-first-image-large","15":"ast-product-gallery-with-no-image","16":"ast-product-tabs-layout-accordion","18":"first","19":"instock","20":"taxable","21":"shipping-taxable","22":"purchasable","23":"product-type-simple"},"acf":[],"yoast_head":"<!-- This site is optimized with the Yoast SEO plugin v27.1.1 - https:\/\/yoast.com\/product\/yoast-seo-wordpress\/ -->\n<title>275\/70 R22,5 152\/148J Ast. TYREX VC-1 - Famm Co.<\/title>\n<meta name=\"robots\" content=\"index, follow, max-snippet:-1, max-image-preview:large, max-video-preview:-1\" \/>\n<link rel=\"canonical\" href=\"https:\/\/www.fammcommerce.si\/en\/izdelek\/275-70-r225-152-148j-ast-tyrex-vc-1\/\" \/>\n<meta property=\"og:locale\" content=\"en_US\" \/>\n<meta property=\"og:type\" content=\"article\" \/>\n<meta property=\"og:title\" content=\"275\/70 R22,5 152\/148J Ast. TYREX VC-1 - Famm Co.\" \/>\n<meta property=\"og:description\" content=\"za vgradnjo na vodilno in pogonsko os mestnih in primestnih avtobusov. Pnevmatika je zasnovana tako, da zagotavlja maksimalno ekonomi\u010dnost porabe goriva Tekalna plast je bolj trpe\u017ena in odporna obrabi zahvaljujo\u010d SMART-ENDURANCE zmesi iz katere je sestavljena guma Oja\u010dana stranska za\u0161\u010dita, \u0161\u010diti in varuje pnevmatiko pred po\u0161kodbami udarnih jam na cesti\u0161\u010du Ve\u010dja globina profila (22 mm) pnevmatike VC-1 dalj\u0161o \u017eivljenjsko dobo pnevmatike\" \/>\n<meta property=\"og:url\" content=\"https:\/\/www.fammcommerce.si\/en\/izdelek\/275-70-r225-152-148j-ast-tyrex-vc-1\/\" \/>\n<meta property=\"og:site_name\" content=\"Famm Co.\" \/>\n<meta property=\"article:modified_time\" content=\"2026-04-04T07:40:23+00:00\" \/>\n<meta name=\"twitter:card\" content=\"summary_large_image\" \/>\n<script type=\"application\/ld+json\" class=\"yoast-schema-graph\">{\"@context\":\"https:\/\/schema.org\",\"@graph\":[{\"@type\":\"WebPage\",\"@id\":\"https:\/\/www.fammcommerce.si\/en\/izdelek\/275-70-r225-152-148j-ast-tyrex-vc-1\/\",\"url\":\"https:\/\/www.fammcommerce.si\/en\/izdelek\/275-70-r225-152-148j-ast-tyrex-vc-1\/\",\"name\":\"275\/70 R22,5 152\/148J Ast. TYREX VC-1 - Famm Co.\",\"isPartOf\":{\"@id\":\"https:\/\/www.fammcommerce.si\/en\/#website\"},\"datePublished\":\"2022-09-05T04:34:03+00:00\",\"dateModified\":\"2026-04-04T07:40:23+00:00\",\"breadcrumb\":{\"@id\":\"https:\/\/www.fammcommerce.si\/en\/izdelek\/275-70-r225-152-148j-ast-tyrex-vc-1\/#breadcrumb\"},\"inLanguage\":\"en-US\",\"potentialAction\":[{\"@type\":\"ReadAction\",\"target\":[\"https:\/\/www.fammcommerce.si\/en\/izdelek\/275-70-r225-152-148j-ast-tyrex-vc-1\/\"]}]},{\"@type\":\"BreadcrumbList\",\"@id\":\"https:\/\/www.fammcommerce.si\/en\/izdelek\/275-70-r225-152-148j-ast-tyrex-vc-1\/#breadcrumb\",\"itemListElement\":[{\"@type\":\"ListItem\",\"position\":1,\"name\":\"Domov\",\"item\":\"https:\/\/www.fammcommerce.si\/en\/tire-experts-2\/\"},{\"@type\":\"ListItem\",\"position\":2,\"name\":\"Trgovina\",\"item\":\"https:\/\/www.fammcommerce.si\/trgovina\/\"},{\"@type\":\"ListItem\",\"position\":3,\"name\":\"Truck tires\",\"item\":\"https:\/\/www.fammcommerce.si\/en\/product-category\/truck-tires\/\"},{\"@type\":\"ListItem\",\"position\":4,\"name\":\"275\/70 R22,5 152\/148J Ast. TYREX VC-1\"}]},{\"@type\":\"WebSite\",\"@id\":\"https:\/\/www.fammcommerce.si\/en\/#website\",\"url\":\"https:\/\/www.fammcommerce.si\/en\/\",\"name\":\"Famm Co.\",\"description\":\"Strokovnjaki za pnevmatike\",\"publisher\":{\"@id\":\"https:\/\/www.fammcommerce.si\/en\/#organization\"},\"potentialAction\":[{\"@type\":\"SearchAction\",\"target\":{\"@type\":\"EntryPoint\",\"urlTemplate\":\"https:\/\/www.fammcommerce.si\/en\/?s={search_term_string}\"},\"query-input\":{\"@type\":\"PropertyValueSpecification\",\"valueRequired\":true,\"valueName\":\"search_term_string\"}}],\"inLanguage\":\"en-US\"},{\"@type\":\"Organization\",\"@id\":\"https:\/\/www.fammcommerce.si\/en\/#organization\",\"name\":\"Famm Co.\",\"url\":\"https:\/\/www.fammcommerce.si\/en\/\",\"logo\":{\"@type\":\"ImageObject\",\"inLanguage\":\"en-US\",\"@id\":\"https:\/\/www.fammcommerce.si\/en\/#\/schema\/logo\/image\/\",\"url\":\"https:\/\/www.fammcommerce.si\/wp-content\/uploads\/2020\/06\/fammco-logo-web-sized.jpg\",\"contentUrl\":\"https:\/\/www.fammcommerce.si\/wp-content\/uploads\/2020\/06\/fammco-logo-web-sized.jpg\",\"width\":129,\"height\":52,\"caption\":\"Famm Co.\"},\"image\":{\"@id\":\"https:\/\/www.fammcommerce.si\/en\/#\/schema\/logo\/image\/\"}}]}<\/script>\n<!-- \/ Yoast SEO plugin. -->","yoast_head_json":{"title":"275\/70 R22,5 152\/148J Ast. TYREX VC-1 - Famm Co.","robots":{"index":"index","follow":"follow","max-snippet":"max-snippet:-1","max-image-preview":"max-image-preview:large","max-video-preview":"max-video-preview:-1"},"canonical":"https:\/\/www.fammcommerce.si\/en\/izdelek\/275-70-r225-152-148j-ast-tyrex-vc-1\/","og_locale":"en_US","og_type":"article","og_title":"275\/70 R22,5 152\/148J Ast. TYREX VC-1 - Famm Co.","og_description":"za vgradnjo na vodilno in pogonsko os mestnih in primestnih avtobusov. Pnevmatika je zasnovana tako, da zagotavlja maksimalno ekonomi\u010dnost porabe goriva Tekalna plast je bolj trpe\u017ena in odporna obrabi zahvaljujo\u010d SMART-ENDURANCE zmesi iz katere je sestavljena guma Oja\u010dana stranska za\u0161\u010dita, \u0161\u010diti in varuje pnevmatiko pred po\u0161kodbami udarnih jam na cesti\u0161\u010du Ve\u010dja globina profila (22 mm) pnevmatike VC-1 dalj\u0161o \u017eivljenjsko dobo pnevmatike","og_url":"https:\/\/www.fammcommerce.si\/en\/izdelek\/275-70-r225-152-148j-ast-tyrex-vc-1\/","og_site_name":"Famm Co.","article_modified_time":"2026-04-04T07:40:23+00:00","twitter_card":"summary_large_image","schema":{"@context":"https:\/\/schema.org","@graph":[{"@type":"WebPage","@id":"https:\/\/www.fammcommerce.si\/en\/izdelek\/275-70-r225-152-148j-ast-tyrex-vc-1\/","url":"https:\/\/www.fammcommerce.si\/en\/izdelek\/275-70-r225-152-148j-ast-tyrex-vc-1\/","name":"275\/70 R22,5 152\/148J Ast. TYREX VC-1 - Famm Co.","isPartOf":{"@id":"https:\/\/www.fammcommerce.si\/en\/#website"},"datePublished":"2022-09-05T04:34:03+00:00","dateModified":"2026-04-04T07:40:23+00:00","breadcrumb":{"@id":"https:\/\/www.fammcommerce.si\/en\/izdelek\/275-70-r225-152-148j-ast-tyrex-vc-1\/#breadcrumb"},"inLanguage":"en-US","potentialAction":[{"@type":"ReadAction","target":["https:\/\/www.fammcommerce.si\/en\/izdelek\/275-70-r225-152-148j-ast-tyrex-vc-1\/"]}]},{"@type":"BreadcrumbList","@id":"https:\/\/www.fammcommerce.si\/en\/izdelek\/275-70-r225-152-148j-ast-tyrex-vc-1\/#breadcrumb","itemListElement":[{"@type":"ListItem","position":1,"name":"Domov","item":"https:\/\/www.fammcommerce.si\/en\/tire-experts-2\/"},{"@type":"ListItem","position":2,"name":"Trgovina","item":"https:\/\/www.fammcommerce.si\/trgovina\/"},{"@type":"ListItem","position":3,"name":"Truck tires","item":"https:\/\/www.fammcommerce.si\/en\/product-category\/truck-tires\/"},{"@type":"ListItem","position":4,"name":"275\/70 R22,5 152\/148J Ast. TYREX VC-1"}]},{"@type":"WebSite","@id":"https:\/\/www.fammcommerce.si\/en\/#website","url":"https:\/\/www.fammcommerce.si\/en\/","name":"Famm Co.","description":"Strokovnjaki za pnevmatike","publisher":{"@id":"https:\/\/www.fammcommerce.si\/en\/#organization"},"potentialAction":[{"@type":"SearchAction","target":{"@type":"EntryPoint","urlTemplate":"https:\/\/www.fammcommerce.si\/en\/?s={search_term_string}"},"query-input":{"@type":"PropertyValueSpecification","valueRequired":true,"valueName":"search_term_string"}}],"inLanguage":"en-US"},{"@type":"Organization","@id":"https:\/\/www.fammcommerce.si\/en\/#organization","name":"Famm Co.","url":"https:\/\/www.fammcommerce.si\/en\/","logo":{"@type":"ImageObject","inLanguage":"en-US","@id":"https:\/\/www.fammcommerce.si\/en\/#\/schema\/logo\/image\/","url":"https:\/\/www.fammcommerce.si\/wp-content\/uploads\/2020\/06\/fammco-logo-web-sized.jpg","contentUrl":"https:\/\/www.fammcommerce.si\/wp-content\/uploads\/2020\/06\/fammco-logo-web-sized.jpg","width":129,"height":52,"caption":"Famm Co."},"image":{"@id":"https:\/\/www.fammcommerce.si\/en\/#\/schema\/logo\/image\/"}}]}},"_links":{"self":[{"href":"https:\/\/www.fammcommerce.si\/en\/wp-json\/wp\/v2\/product\/24953","targetHints":{"allow":["GET"]}}],"collection":[{"href":"https:\/\/www.fammcommerce.si\/en\/wp-json\/wp\/v2\/product"}],"about":[{"href":"https:\/\/www.fammcommerce.si\/en\/wp-json\/wp\/v2\/types\/product"}],"wp:attachment":[{"href":"https:\/\/www.fammcommerce.si\/en\/wp-json\/wp\/v2\/media?parent=24953"}],"wp:term":[{"taxonomy":"product_brand","embeddable":true,"href":"https:\/\/www.fammcommerce.si\/en\/wp-json\/wp\/v2\/product_brand?post=24953"},{"taxonomy":"product_cat","embeddable":true,"href":"https:\/\/www.fammcommerce.si\/en\/wp-json\/wp\/v2\/product_cat?post=24953"},{"taxonomy":"product_tag","embeddable":true,"href":"https:\/\/www.fammcommerce.si\/en\/wp-json\/wp\/v2\/product_tag?post=24953"}],"curies":[{"name":"wp","href":"https:\/\/api.w.org\/{rel}","templated":true}]}}