{"id":24543,"date":"2024-11-13T08:23:36","date_gmt":"2024-11-13T07:23:36","guid":{"rendered":"https:\/\/www.fammcommerce.si\/izdelek\/195-55-r15-85h-duraturn-mozzo-winter\/"},"modified":"2026-03-16T09:40:10","modified_gmt":"2026-03-16T08:40:10","slug":"195-55-r15-85h-duraturn-mozzo-win","status":"publish","type":"product","link":"https:\/\/www.fammcommerce.si\/en\/izdelek\/195-55-r15-85h-duraturn-mozzo-win\/","title":{"rendered":"195\/55 R15 85H DURATURN Mozzo win"},"content":{"rendered":"","protected":false},"excerpt":{"rendered":"<p>Zimske pnevmatike Mozzo Winter uporabljajo najnovej\u0161o tehnologijo pnevmatik, ki zagotavlja vrhunski oprijem v zimskem \u010dasu. Kljub nizkim stopinjam, pnevmatike Mozzo Winter ohranjajo pro\u017enost in zagotavljajo odli\u010den oprijem na zasne\u017eenih, suhih, ledenih in mokrih cestah. Tekalna povr\u0161ina na pnevmatikah je narejena tako, da spodriva snega in s tem ohranja bolj\u0161i stik s cesti\u0161\u010dem.<\/p>\n<p>Zna\u010dilnosti:<\/p>\n<p>Studless dizajn s cik cak profilom omogo\u010da odli\u010dno vodljivost na snegu<br \/>\nmehkej\u0161a zmes gume, omogo\u010da in ohranja zmogljivost v zimskih temperaturah<br \/>\nV-vzrorec omogo\u010da bolj\u0161i oprijem<\/p>\n","protected":false},"featured_media":3500,"template":"","meta":{"_acf_changed":false,"site-sidebar-layout":"default","site-content-layout":"","ast-site-content-layout":"","site-content-style":"default","site-sidebar-style":"default","ast-global-header-display":"","ast-banner-title-visibility":"","ast-main-header-display":"","ast-hfb-above-header-display":"","ast-hfb-below-header-display":"","ast-hfb-mobile-header-display":"","site-post-title":"","ast-breadcrumbs-content":"","ast-featured-img":"","footer-sml-layout":"","theme-transparent-header-meta":"","adv-header-id-meta":"","stick-header-meta":"","header-above-stick-meta":"","header-main-stick-meta":"","header-below-stick-meta":"","astra-migrate-meta-layouts":"default","ast-page-background-enabled":"default","ast-page-background-meta":{"desktop":{"background-color":"","background-image":"","background-repeat":"repeat","background-position":"center center","background-size":"auto","background-attachment":"scroll","background-type":"","background-media":"","overlay-type":"","overlay-color":"","overlay-opacity":"","overlay-gradient":""},"tablet":{"background-color":"","background-image":"","background-repeat":"repeat","background-position":"center center","background-size":"auto","background-attachment":"scroll","background-type":"","background-media":"","overlay-type":"","overlay-color":"","overlay-opacity":"","overlay-gradient":""},"mobile":{"background-color":"","background-image":"","background-repeat":"repeat","background-position":"center center","background-size":"auto","background-attachment":"scroll","background-type":"","background-media":"","overlay-type":"","overlay-color":"","overlay-opacity":"","overlay-gradient":""}},"ast-content-background-meta":{"desktop":{"background-color":"var(--ast-global-color-5)","background-image":"","background-repeat":"repeat","background-position":"center center","background-size":"auto","background-attachment":"scroll","background-type":"","background-media":"","overlay-type":"","overlay-color":"","overlay-opacity":"","overlay-gradient":""},"tablet":{"background-color":"var(--ast-global-color-5)","background-image":"","background-repeat":"repeat","background-position":"center center","background-size":"auto","background-attachment":"scroll","background-type":"","background-media":"","overlay-type":"","overlay-color":"","overlay-opacity":"","overlay-gradient":""},"mobile":{"background-color":"var(--ast-global-color-5)","background-image":"","background-repeat":"repeat","background-position":"center center","background-size":"auto","background-attachment":"scroll","background-type":"","background-media":"","overlay-type":"","overlay-color":"","overlay-opacity":"","overlay-gradient":""}}},"product_brand":[],"product_cat":[223],"product_tag":[340,365],"class_list":{"0":"post-24543","1":"product","2":"type-product","3":"status-publish","4":"has-post-thumbnail","6":"product_cat-zimske-pnevmatike","7":"product_tag-duraturn","8":"product_tag-mozzo-winter","9":"pa_dimenzija-624","10":"desktop-align-center","11":"tablet-align-left","12":"mobile-align-left","13":"ast-product-gallery-layout-first-image-large","14":"ast-product-gallery-with-no-image","15":"ast-product-tabs-layout-accordion","17":"first","18":"instock","19":"taxable","20":"shipping-taxable","21":"purchasable","22":"product-type-simple"},"acf":[],"yoast_head":"<!-- This site is optimized with the Yoast SEO plugin v27.1.1 - https:\/\/yoast.com\/product\/yoast-seo-wordpress\/ -->\n<title>195\/55 R15 85H DURATURN Mozzo win - Famm Co.<\/title>\n<meta name=\"robots\" content=\"index, follow, max-snippet:-1, max-image-preview:large, max-video-preview:-1\" \/>\n<link rel=\"canonical\" href=\"https:\/\/www.fammcommerce.si\/en\/izdelek\/195-55-r15-85h-duraturn-mozzo-win\/\" \/>\n<meta property=\"og:locale\" content=\"en_US\" \/>\n<meta property=\"og:type\" content=\"article\" \/>\n<meta property=\"og:title\" content=\"195\/55 R15 85H DURATURN Mozzo win - Famm Co.\" \/>\n<meta property=\"og:description\" content=\"Zimske pnevmatike Mozzo Winter uporabljajo najnovej\u0161o tehnologijo pnevmatik, ki zagotavlja vrhunski oprijem v zimskem \u010dasu. Kljub nizkim stopinjam, pnevmatike Mozzo Winter ohranjajo pro\u017enost in zagotavljajo odli\u010den oprijem na zasne\u017eenih, suhih, ledenih in mokrih cestah. Tekalna povr\u0161ina na pnevmatikah je narejena tako, da spodriva snega in s tem ohranja bolj\u0161i stik s cesti\u0161\u010dem. Zna\u010dilnosti: Studless dizajn s cik cak profilom omogo\u010da odli\u010dno vodljivost na snegu mehkej\u0161a zmes gume, omogo\u010da in ohranja zmogljivost v zimskih temperaturah V-vzrorec omogo\u010da bolj\u0161i oprijem\" \/>\n<meta property=\"og:url\" content=\"https:\/\/www.fammcommerce.si\/en\/izdelek\/195-55-r15-85h-duraturn-mozzo-win\/\" \/>\n<meta property=\"og:site_name\" content=\"Famm Co.\" \/>\n<meta property=\"article:modified_time\" content=\"2026-03-16T08:40:10+00:00\" \/>\n<meta property=\"og:image\" content=\"https:\/\/www.fammcommerce.si\/wp-content\/uploads\/2020\/07\/Mozzo-winter.jpg\" \/>\n\t<meta property=\"og:image:width\" content=\"1024\" \/>\n\t<meta property=\"og:image:height\" content=\"1024\" \/>\n\t<meta property=\"og:image:type\" content=\"image\/jpeg\" \/>\n<meta name=\"twitter:card\" content=\"summary_large_image\" \/>\n<script type=\"application\/ld+json\" class=\"yoast-schema-graph\">{\"@context\":\"https:\/\/schema.org\",\"@graph\":[{\"@type\":\"WebPage\",\"@id\":\"https:\/\/www.fammcommerce.si\/en\/izdelek\/195-55-r15-85h-duraturn-mozzo-win\/\",\"url\":\"https:\/\/www.fammcommerce.si\/en\/izdelek\/195-55-r15-85h-duraturn-mozzo-win\/\",\"name\":\"195\/55 R15 85H DURATURN Mozzo win - Famm Co.\",\"isPartOf\":{\"@id\":\"https:\/\/www.fammcommerce.si\/en\/#website\"},\"primaryImageOfPage\":{\"@id\":\"https:\/\/www.fammcommerce.si\/en\/izdelek\/195-55-r15-85h-duraturn-mozzo-win\/#primaryimage\"},\"image\":{\"@id\":\"https:\/\/www.fammcommerce.si\/en\/izdelek\/195-55-r15-85h-duraturn-mozzo-win\/#primaryimage\"},\"thumbnailUrl\":\"https:\/\/www.fammcommerce.si\/wp-content\/uploads\/2020\/07\/Mozzo-winter.jpg\",\"datePublished\":\"2024-11-13T07:23:36+00:00\",\"dateModified\":\"2026-03-16T08:40:10+00:00\",\"breadcrumb\":{\"@id\":\"https:\/\/www.fammcommerce.si\/en\/izdelek\/195-55-r15-85h-duraturn-mozzo-win\/#breadcrumb\"},\"inLanguage\":\"en-US\",\"potentialAction\":[{\"@type\":\"ReadAction\",\"target\":[\"https:\/\/www.fammcommerce.si\/en\/izdelek\/195-55-r15-85h-duraturn-mozzo-win\/\"]}]},{\"@type\":\"ImageObject\",\"inLanguage\":\"en-US\",\"@id\":\"https:\/\/www.fammcommerce.si\/en\/izdelek\/195-55-r15-85h-duraturn-mozzo-win\/#primaryimage\",\"url\":\"https:\/\/www.fammcommerce.si\/wp-content\/uploads\/2020\/07\/Mozzo-winter.jpg\",\"contentUrl\":\"https:\/\/www.fammcommerce.si\/wp-content\/uploads\/2020\/07\/Mozzo-winter.jpg\",\"width\":1024,\"height\":1024},{\"@type\":\"BreadcrumbList\",\"@id\":\"https:\/\/www.fammcommerce.si\/en\/izdelek\/195-55-r15-85h-duraturn-mozzo-win\/#breadcrumb\",\"itemListElement\":[{\"@type\":\"ListItem\",\"position\":1,\"name\":\"Domov\",\"item\":\"https:\/\/www.fammcommerce.si\/en\/tire-experts-2\/\"},{\"@type\":\"ListItem\",\"position\":2,\"name\":\"Trgovina\",\"item\":\"https:\/\/www.fammcommerce.si\/trgovina\/\"},{\"@type\":\"ListItem\",\"position\":3,\"name\":\"Winter tires\",\"item\":\"https:\/\/www.fammcommerce.si\/en\/product-category\/winter-tires\/\"},{\"@type\":\"ListItem\",\"position\":4,\"name\":\"195\/55 R15 85H DURATURN Mozzo win\"}]},{\"@type\":\"WebSite\",\"@id\":\"https:\/\/www.fammcommerce.si\/en\/#website\",\"url\":\"https:\/\/www.fammcommerce.si\/en\/\",\"name\":\"Famm Co.\",\"description\":\"Strokovnjaki za pnevmatike\",\"publisher\":{\"@id\":\"https:\/\/www.fammcommerce.si\/en\/#organization\"},\"potentialAction\":[{\"@type\":\"SearchAction\",\"target\":{\"@type\":\"EntryPoint\",\"urlTemplate\":\"https:\/\/www.fammcommerce.si\/en\/?s={search_term_string}\"},\"query-input\":{\"@type\":\"PropertyValueSpecification\",\"valueRequired\":true,\"valueName\":\"search_term_string\"}}],\"inLanguage\":\"en-US\"},{\"@type\":\"Organization\",\"@id\":\"https:\/\/www.fammcommerce.si\/en\/#organization\",\"name\":\"Famm Co.\",\"url\":\"https:\/\/www.fammcommerce.si\/en\/\",\"logo\":{\"@type\":\"ImageObject\",\"inLanguage\":\"en-US\",\"@id\":\"https:\/\/www.fammcommerce.si\/en\/#\/schema\/logo\/image\/\",\"url\":\"https:\/\/www.fammcommerce.si\/wp-content\/uploads\/2020\/06\/fammco-logo-web-sized.jpg\",\"contentUrl\":\"https:\/\/www.fammcommerce.si\/wp-content\/uploads\/2020\/06\/fammco-logo-web-sized.jpg\",\"width\":129,\"height\":52,\"caption\":\"Famm Co.\"},\"image\":{\"@id\":\"https:\/\/www.fammcommerce.si\/en\/#\/schema\/logo\/image\/\"}}]}<\/script>\n<!-- \/ Yoast SEO plugin. -->","yoast_head_json":{"title":"195\/55 R15 85H DURATURN Mozzo win - Famm Co.","robots":{"index":"index","follow":"follow","max-snippet":"max-snippet:-1","max-image-preview":"max-image-preview:large","max-video-preview":"max-video-preview:-1"},"canonical":"https:\/\/www.fammcommerce.si\/en\/izdelek\/195-55-r15-85h-duraturn-mozzo-win\/","og_locale":"en_US","og_type":"article","og_title":"195\/55 R15 85H DURATURN Mozzo win - Famm Co.","og_description":"Zimske pnevmatike Mozzo Winter uporabljajo najnovej\u0161o tehnologijo pnevmatik, ki zagotavlja vrhunski oprijem v zimskem \u010dasu. Kljub nizkim stopinjam, pnevmatike Mozzo Winter ohranjajo pro\u017enost in zagotavljajo odli\u010den oprijem na zasne\u017eenih, suhih, ledenih in mokrih cestah. Tekalna povr\u0161ina na pnevmatikah je narejena tako, da spodriva snega in s tem ohranja bolj\u0161i stik s cesti\u0161\u010dem. Zna\u010dilnosti: Studless dizajn s cik cak profilom omogo\u010da odli\u010dno vodljivost na snegu mehkej\u0161a zmes gume, omogo\u010da in ohranja zmogljivost v zimskih temperaturah V-vzrorec omogo\u010da bolj\u0161i oprijem","og_url":"https:\/\/www.fammcommerce.si\/en\/izdelek\/195-55-r15-85h-duraturn-mozzo-win\/","og_site_name":"Famm Co.","article_modified_time":"2026-03-16T08:40:10+00:00","og_image":[{"width":1024,"height":1024,"url":"https:\/\/www.fammcommerce.si\/wp-content\/uploads\/2020\/07\/Mozzo-winter.jpg","type":"image\/jpeg"}],"twitter_card":"summary_large_image","schema":{"@context":"https:\/\/schema.org","@graph":[{"@type":"WebPage","@id":"https:\/\/www.fammcommerce.si\/en\/izdelek\/195-55-r15-85h-duraturn-mozzo-win\/","url":"https:\/\/www.fammcommerce.si\/en\/izdelek\/195-55-r15-85h-duraturn-mozzo-win\/","name":"195\/55 R15 85H DURATURN Mozzo win - Famm Co.","isPartOf":{"@id":"https:\/\/www.fammcommerce.si\/en\/#website"},"primaryImageOfPage":{"@id":"https:\/\/www.fammcommerce.si\/en\/izdelek\/195-55-r15-85h-duraturn-mozzo-win\/#primaryimage"},"image":{"@id":"https:\/\/www.fammcommerce.si\/en\/izdelek\/195-55-r15-85h-duraturn-mozzo-win\/#primaryimage"},"thumbnailUrl":"https:\/\/www.fammcommerce.si\/wp-content\/uploads\/2020\/07\/Mozzo-winter.jpg","datePublished":"2024-11-13T07:23:36+00:00","dateModified":"2026-03-16T08:40:10+00:00","breadcrumb":{"@id":"https:\/\/www.fammcommerce.si\/en\/izdelek\/195-55-r15-85h-duraturn-mozzo-win\/#breadcrumb"},"inLanguage":"en-US","potentialAction":[{"@type":"ReadAction","target":["https:\/\/www.fammcommerce.si\/en\/izdelek\/195-55-r15-85h-duraturn-mozzo-win\/"]}]},{"@type":"ImageObject","inLanguage":"en-US","@id":"https:\/\/www.fammcommerce.si\/en\/izdelek\/195-55-r15-85h-duraturn-mozzo-win\/#primaryimage","url":"https:\/\/www.fammcommerce.si\/wp-content\/uploads\/2020\/07\/Mozzo-winter.jpg","contentUrl":"https:\/\/www.fammcommerce.si\/wp-content\/uploads\/2020\/07\/Mozzo-winter.jpg","width":1024,"height":1024},{"@type":"BreadcrumbList","@id":"https:\/\/www.fammcommerce.si\/en\/izdelek\/195-55-r15-85h-duraturn-mozzo-win\/#breadcrumb","itemListElement":[{"@type":"ListItem","position":1,"name":"Domov","item":"https:\/\/www.fammcommerce.si\/en\/tire-experts-2\/"},{"@type":"ListItem","position":2,"name":"Trgovina","item":"https:\/\/www.fammcommerce.si\/trgovina\/"},{"@type":"ListItem","position":3,"name":"Winter tires","item":"https:\/\/www.fammcommerce.si\/en\/product-category\/winter-tires\/"},{"@type":"ListItem","position":4,"name":"195\/55 R15 85H DURATURN Mozzo win"}]},{"@type":"WebSite","@id":"https:\/\/www.fammcommerce.si\/en\/#website","url":"https:\/\/www.fammcommerce.si\/en\/","name":"Famm Co.","description":"Strokovnjaki za pnevmatike","publisher":{"@id":"https:\/\/www.fammcommerce.si\/en\/#organization"},"potentialAction":[{"@type":"SearchAction","target":{"@type":"EntryPoint","urlTemplate":"https:\/\/www.fammcommerce.si\/en\/?s={search_term_string}"},"query-input":{"@type":"PropertyValueSpecification","valueRequired":true,"valueName":"search_term_string"}}],"inLanguage":"en-US"},{"@type":"Organization","@id":"https:\/\/www.fammcommerce.si\/en\/#organization","name":"Famm Co.","url":"https:\/\/www.fammcommerce.si\/en\/","logo":{"@type":"ImageObject","inLanguage":"en-US","@id":"https:\/\/www.fammcommerce.si\/en\/#\/schema\/logo\/image\/","url":"https:\/\/www.fammcommerce.si\/wp-content\/uploads\/2020\/06\/fammco-logo-web-sized.jpg","contentUrl":"https:\/\/www.fammcommerce.si\/wp-content\/uploads\/2020\/06\/fammco-logo-web-sized.jpg","width":129,"height":52,"caption":"Famm Co."},"image":{"@id":"https:\/\/www.fammcommerce.si\/en\/#\/schema\/logo\/image\/"}}]}},"_links":{"self":[{"href":"https:\/\/www.fammcommerce.si\/en\/wp-json\/wp\/v2\/product\/24543","targetHints":{"allow":["GET"]}}],"collection":[{"href":"https:\/\/www.fammcommerce.si\/en\/wp-json\/wp\/v2\/product"}],"about":[{"href":"https:\/\/www.fammcommerce.si\/en\/wp-json\/wp\/v2\/types\/product"}],"wp:featuredmedia":[{"embeddable":true,"href":"https:\/\/www.fammcommerce.si\/en\/wp-json\/wp\/v2\/media\/3500"}],"wp:attachment":[{"href":"https:\/\/www.fammcommerce.si\/en\/wp-json\/wp\/v2\/media?parent=24543"}],"wp:term":[{"taxonomy":"product_brand","embeddable":true,"href":"https:\/\/www.fammcommerce.si\/en\/wp-json\/wp\/v2\/product_brand?post=24543"},{"taxonomy":"product_cat","embeddable":true,"href":"https:\/\/www.fammcommerce.si\/en\/wp-json\/wp\/v2\/product_cat?post=24543"},{"taxonomy":"product_tag","embeddable":true,"href":"https:\/\/www.fammcommerce.si\/en\/wp-json\/wp\/v2\/product_tag?post=24543"}],"curies":[{"name":"wp","href":"https:\/\/api.w.org\/{rel}","templated":true}]}}