{"id":2392,"date":"2022-05-05T06:33:41","date_gmt":"2022-05-05T04:33:41","guid":{"rendered":"https:\/\/fammcommerce.si\/izdelek\/320-90-r50-150d-153a8-tl-alliance-350\/"},"modified":"2026-03-09T09:41:36","modified_gmt":"2026-03-09T08:41:36","slug":"320-90-r50-150d-153a8-tl-alliance-350","status":"publish","type":"product","link":"https:\/\/www.fammcommerce.si\/en\/izdelek\/320-90-r50-150d-153a8-tl-alliance-350\/","title":{"rendered":"320\/90 R50 150D\/153A8 TL Alliance 350"},"content":{"rendered":"","protected":false},"excerpt":{"rendered":"<p>Alliance 350 je radialna traktorska pnevmatika, \u0161e posebej primerna za opravila kot so \u017eetev, spravilo in \u0161kropljenje. Ima zaobljena ramena, ki \u0161\u010ditijo prst in pridelke. Trdna karkasa in togi pasovi zagotavljajo vse prednosti radialne pnevmatike.<\/p>\n","protected":false},"featured_media":1572,"template":"","meta":{"_acf_changed":false,"site-sidebar-layout":"default","site-content-layout":"","ast-site-content-layout":"","site-content-style":"default","site-sidebar-style":"default","ast-global-header-display":"","ast-banner-title-visibility":"","ast-main-header-display":"","ast-hfb-above-header-display":"","ast-hfb-below-header-display":"","ast-hfb-mobile-header-display":"","site-post-title":"","ast-breadcrumbs-content":"","ast-featured-img":"","footer-sml-layout":"","theme-transparent-header-meta":"","adv-header-id-meta":"","stick-header-meta":"","header-above-stick-meta":"","header-main-stick-meta":"","header-below-stick-meta":"","astra-migrate-meta-layouts":"default","ast-page-background-enabled":"default","ast-page-background-meta":{"desktop":{"background-color":"","background-image":"","background-repeat":"repeat","background-position":"center center","background-size":"auto","background-attachment":"scroll","background-type":"","background-media":"","overlay-type":"","overlay-color":"","overlay-opacity":"","overlay-gradient":""},"tablet":{"background-color":"","background-image":"","background-repeat":"repeat","background-position":"center center","background-size":"auto","background-attachment":"scroll","background-type":"","background-media":"","overlay-type":"","overlay-color":"","overlay-opacity":"","overlay-gradient":""},"mobile":{"background-color":"","background-image":"","background-repeat":"repeat","background-position":"center center","background-size":"auto","background-attachment":"scroll","background-type":"","background-media":"","overlay-type":"","overlay-color":"","overlay-opacity":"","overlay-gradient":""}},"ast-content-background-meta":{"desktop":{"background-color":"var(--ast-global-color-5)","background-image":"","background-repeat":"repeat","background-position":"center center","background-size":"auto","background-attachment":"scroll","background-type":"","background-media":"","overlay-type":"","overlay-color":"","overlay-opacity":"","overlay-gradient":""},"tablet":{"background-color":"var(--ast-global-color-5)","background-image":"","background-repeat":"repeat","background-position":"center center","background-size":"auto","background-attachment":"scroll","background-type":"","background-media":"","overlay-type":"","overlay-color":"","overlay-opacity":"","overlay-gradient":""},"mobile":{"background-color":"var(--ast-global-color-5)","background-image":"","background-repeat":"repeat","background-position":"center center","background-size":"auto","background-attachment":"scroll","background-type":"","background-media":"","overlay-type":"","overlay-color":"","overlay-opacity":"","overlay-gradient":""}}},"product_brand":[],"product_cat":[26],"product_tag":[271,247,198,205,270],"class_list":{"0":"post-2392","1":"product","2":"type-product","3":"status-publish","4":"has-post-thumbnail","6":"product_cat-traktorske-pnevmatike","7":"product_tag-271","8":"product_tag-alliance","9":"product_tag-kmetijska-traktorska-pnevmatika","10":"product_tag-pogonska-pnevmatika","11":"product_tag-radialna-pnevmatika","12":"pa_dimenzija-679","13":"desktop-align-center","14":"tablet-align-left","15":"mobile-align-left","16":"ast-product-gallery-layout-first-image-large","17":"ast-product-gallery-with-no-image","18":"ast-product-tabs-layout-accordion","20":"first","21":"outofstock","22":"taxable","23":"shipping-taxable","24":"purchasable","25":"product-type-simple"},"acf":[],"yoast_head":"<!-- This site is optimized with the Yoast SEO plugin v27.1.1 - https:\/\/yoast.com\/product\/yoast-seo-wordpress\/ -->\n<title>320\/90 R50 150D\/153A8 TL Alliance 350 - Famm Co.<\/title>\n<meta name=\"robots\" content=\"index, follow, max-snippet:-1, max-image-preview:large, max-video-preview:-1\" \/>\n<link rel=\"canonical\" href=\"https:\/\/www.fammcommerce.si\/en\/izdelek\/320-90-r50-150d-153a8-tl-alliance-350\/\" \/>\n<meta property=\"og:locale\" content=\"en_US\" \/>\n<meta property=\"og:type\" content=\"article\" \/>\n<meta property=\"og:title\" content=\"320\/90 R50 150D\/153A8 TL Alliance 350 - Famm Co.\" \/>\n<meta property=\"og:description\" content=\"Alliance 350 je radialna traktorska pnevmatika, \u0161e posebej primerna za opravila kot so \u017eetev, spravilo in \u0161kropljenje. Ima zaobljena ramena, ki \u0161\u010ditijo prst in pridelke. Trdna karkasa in togi pasovi zagotavljajo vse prednosti radialne pnevmatike.\" \/>\n<meta property=\"og:url\" content=\"https:\/\/www.fammcommerce.si\/en\/izdelek\/320-90-r50-150d-153a8-tl-alliance-350\/\" \/>\n<meta property=\"og:site_name\" content=\"Famm Co.\" \/>\n<meta property=\"article:modified_time\" content=\"2026-03-09T08:41:36+00:00\" \/>\n<meta property=\"og:image\" content=\"https:\/\/www.fammcommerce.si\/wp-content\/uploads\/2020\/04\/350.jpg\" \/>\n\t<meta property=\"og:image:width\" content=\"1024\" \/>\n\t<meta property=\"og:image:height\" content=\"1024\" \/>\n\t<meta property=\"og:image:type\" content=\"image\/jpeg\" \/>\n<meta name=\"twitter:card\" content=\"summary_large_image\" \/>\n<script type=\"application\/ld+json\" class=\"yoast-schema-graph\">{\"@context\":\"https:\/\/schema.org\",\"@graph\":[{\"@type\":\"WebPage\",\"@id\":\"https:\/\/www.fammcommerce.si\/en\/izdelek\/320-90-r50-150d-153a8-tl-alliance-350\/\",\"url\":\"https:\/\/www.fammcommerce.si\/en\/izdelek\/320-90-r50-150d-153a8-tl-alliance-350\/\",\"name\":\"320\/90 R50 150D\/153A8 TL Alliance 350 - Famm Co.\",\"isPartOf\":{\"@id\":\"https:\/\/www.fammcommerce.si\/en\/#website\"},\"primaryImageOfPage\":{\"@id\":\"https:\/\/www.fammcommerce.si\/en\/izdelek\/320-90-r50-150d-153a8-tl-alliance-350\/#primaryimage\"},\"image\":{\"@id\":\"https:\/\/www.fammcommerce.si\/en\/izdelek\/320-90-r50-150d-153a8-tl-alliance-350\/#primaryimage\"},\"thumbnailUrl\":\"https:\/\/www.fammcommerce.si\/wp-content\/uploads\/2020\/04\/350.jpg\",\"datePublished\":\"2022-05-05T04:33:41+00:00\",\"dateModified\":\"2026-03-09T08:41:36+00:00\",\"breadcrumb\":{\"@id\":\"https:\/\/www.fammcommerce.si\/en\/izdelek\/320-90-r50-150d-153a8-tl-alliance-350\/#breadcrumb\"},\"inLanguage\":\"en-US\",\"potentialAction\":[{\"@type\":\"ReadAction\",\"target\":[\"https:\/\/www.fammcommerce.si\/en\/izdelek\/320-90-r50-150d-153a8-tl-alliance-350\/\"]}]},{\"@type\":\"ImageObject\",\"inLanguage\":\"en-US\",\"@id\":\"https:\/\/www.fammcommerce.si\/en\/izdelek\/320-90-r50-150d-153a8-tl-alliance-350\/#primaryimage\",\"url\":\"https:\/\/www.fammcommerce.si\/wp-content\/uploads\/2020\/04\/350.jpg\",\"contentUrl\":\"https:\/\/www.fammcommerce.si\/wp-content\/uploads\/2020\/04\/350.jpg\",\"width\":1024,\"height\":1024},{\"@type\":\"BreadcrumbList\",\"@id\":\"https:\/\/www.fammcommerce.si\/en\/izdelek\/320-90-r50-150d-153a8-tl-alliance-350\/#breadcrumb\",\"itemListElement\":[{\"@type\":\"ListItem\",\"position\":1,\"name\":\"Domov\",\"item\":\"https:\/\/www.fammcommerce.si\/en\/tire-experts-2\/\"},{\"@type\":\"ListItem\",\"position\":2,\"name\":\"Trgovina\",\"item\":\"https:\/\/www.fammcommerce.si\/trgovina\/\"},{\"@type\":\"ListItem\",\"position\":3,\"name\":\"Tractor tires\",\"item\":\"https:\/\/www.fammcommerce.si\/en\/product-category\/tractor-tires\/\"},{\"@type\":\"ListItem\",\"position\":4,\"name\":\"320\/90 R50 150D\/153A8 TL Alliance 350\"}]},{\"@type\":\"WebSite\",\"@id\":\"https:\/\/www.fammcommerce.si\/en\/#website\",\"url\":\"https:\/\/www.fammcommerce.si\/en\/\",\"name\":\"Famm Co.\",\"description\":\"Strokovnjaki za pnevmatike\",\"publisher\":{\"@id\":\"https:\/\/www.fammcommerce.si\/en\/#organization\"},\"potentialAction\":[{\"@type\":\"SearchAction\",\"target\":{\"@type\":\"EntryPoint\",\"urlTemplate\":\"https:\/\/www.fammcommerce.si\/en\/?s={search_term_string}\"},\"query-input\":{\"@type\":\"PropertyValueSpecification\",\"valueRequired\":true,\"valueName\":\"search_term_string\"}}],\"inLanguage\":\"en-US\"},{\"@type\":\"Organization\",\"@id\":\"https:\/\/www.fammcommerce.si\/en\/#organization\",\"name\":\"Famm Co.\",\"url\":\"https:\/\/www.fammcommerce.si\/en\/\",\"logo\":{\"@type\":\"ImageObject\",\"inLanguage\":\"en-US\",\"@id\":\"https:\/\/www.fammcommerce.si\/en\/#\/schema\/logo\/image\/\",\"url\":\"https:\/\/www.fammcommerce.si\/wp-content\/uploads\/2020\/06\/fammco-logo-web-sized.jpg\",\"contentUrl\":\"https:\/\/www.fammcommerce.si\/wp-content\/uploads\/2020\/06\/fammco-logo-web-sized.jpg\",\"width\":129,\"height\":52,\"caption\":\"Famm Co.\"},\"image\":{\"@id\":\"https:\/\/www.fammcommerce.si\/en\/#\/schema\/logo\/image\/\"}}]}<\/script>\n<!-- \/ Yoast SEO plugin. -->","yoast_head_json":{"title":"320\/90 R50 150D\/153A8 TL Alliance 350 - Famm Co.","robots":{"index":"index","follow":"follow","max-snippet":"max-snippet:-1","max-image-preview":"max-image-preview:large","max-video-preview":"max-video-preview:-1"},"canonical":"https:\/\/www.fammcommerce.si\/en\/izdelek\/320-90-r50-150d-153a8-tl-alliance-350\/","og_locale":"en_US","og_type":"article","og_title":"320\/90 R50 150D\/153A8 TL Alliance 350 - Famm Co.","og_description":"Alliance 350 je radialna traktorska pnevmatika, \u0161e posebej primerna za opravila kot so \u017eetev, spravilo in \u0161kropljenje. Ima zaobljena ramena, ki \u0161\u010ditijo prst in pridelke. Trdna karkasa in togi pasovi zagotavljajo vse prednosti radialne pnevmatike.","og_url":"https:\/\/www.fammcommerce.si\/en\/izdelek\/320-90-r50-150d-153a8-tl-alliance-350\/","og_site_name":"Famm Co.","article_modified_time":"2026-03-09T08:41:36+00:00","og_image":[{"width":1024,"height":1024,"url":"https:\/\/www.fammcommerce.si\/wp-content\/uploads\/2020\/04\/350.jpg","type":"image\/jpeg"}],"twitter_card":"summary_large_image","schema":{"@context":"https:\/\/schema.org","@graph":[{"@type":"WebPage","@id":"https:\/\/www.fammcommerce.si\/en\/izdelek\/320-90-r50-150d-153a8-tl-alliance-350\/","url":"https:\/\/www.fammcommerce.si\/en\/izdelek\/320-90-r50-150d-153a8-tl-alliance-350\/","name":"320\/90 R50 150D\/153A8 TL Alliance 350 - Famm Co.","isPartOf":{"@id":"https:\/\/www.fammcommerce.si\/en\/#website"},"primaryImageOfPage":{"@id":"https:\/\/www.fammcommerce.si\/en\/izdelek\/320-90-r50-150d-153a8-tl-alliance-350\/#primaryimage"},"image":{"@id":"https:\/\/www.fammcommerce.si\/en\/izdelek\/320-90-r50-150d-153a8-tl-alliance-350\/#primaryimage"},"thumbnailUrl":"https:\/\/www.fammcommerce.si\/wp-content\/uploads\/2020\/04\/350.jpg","datePublished":"2022-05-05T04:33:41+00:00","dateModified":"2026-03-09T08:41:36+00:00","breadcrumb":{"@id":"https:\/\/www.fammcommerce.si\/en\/izdelek\/320-90-r50-150d-153a8-tl-alliance-350\/#breadcrumb"},"inLanguage":"en-US","potentialAction":[{"@type":"ReadAction","target":["https:\/\/www.fammcommerce.si\/en\/izdelek\/320-90-r50-150d-153a8-tl-alliance-350\/"]}]},{"@type":"ImageObject","inLanguage":"en-US","@id":"https:\/\/www.fammcommerce.si\/en\/izdelek\/320-90-r50-150d-153a8-tl-alliance-350\/#primaryimage","url":"https:\/\/www.fammcommerce.si\/wp-content\/uploads\/2020\/04\/350.jpg","contentUrl":"https:\/\/www.fammcommerce.si\/wp-content\/uploads\/2020\/04\/350.jpg","width":1024,"height":1024},{"@type":"BreadcrumbList","@id":"https:\/\/www.fammcommerce.si\/en\/izdelek\/320-90-r50-150d-153a8-tl-alliance-350\/#breadcrumb","itemListElement":[{"@type":"ListItem","position":1,"name":"Domov","item":"https:\/\/www.fammcommerce.si\/en\/tire-experts-2\/"},{"@type":"ListItem","position":2,"name":"Trgovina","item":"https:\/\/www.fammcommerce.si\/trgovina\/"},{"@type":"ListItem","position":3,"name":"Tractor tires","item":"https:\/\/www.fammcommerce.si\/en\/product-category\/tractor-tires\/"},{"@type":"ListItem","position":4,"name":"320\/90 R50 150D\/153A8 TL Alliance 350"}]},{"@type":"WebSite","@id":"https:\/\/www.fammcommerce.si\/en\/#website","url":"https:\/\/www.fammcommerce.si\/en\/","name":"Famm Co.","description":"Strokovnjaki za pnevmatike","publisher":{"@id":"https:\/\/www.fammcommerce.si\/en\/#organization"},"potentialAction":[{"@type":"SearchAction","target":{"@type":"EntryPoint","urlTemplate":"https:\/\/www.fammcommerce.si\/en\/?s={search_term_string}"},"query-input":{"@type":"PropertyValueSpecification","valueRequired":true,"valueName":"search_term_string"}}],"inLanguage":"en-US"},{"@type":"Organization","@id":"https:\/\/www.fammcommerce.si\/en\/#organization","name":"Famm Co.","url":"https:\/\/www.fammcommerce.si\/en\/","logo":{"@type":"ImageObject","inLanguage":"en-US","@id":"https:\/\/www.fammcommerce.si\/en\/#\/schema\/logo\/image\/","url":"https:\/\/www.fammcommerce.si\/wp-content\/uploads\/2020\/06\/fammco-logo-web-sized.jpg","contentUrl":"https:\/\/www.fammcommerce.si\/wp-content\/uploads\/2020\/06\/fammco-logo-web-sized.jpg","width":129,"height":52,"caption":"Famm Co."},"image":{"@id":"https:\/\/www.fammcommerce.si\/en\/#\/schema\/logo\/image\/"}}]}},"_links":{"self":[{"href":"https:\/\/www.fammcommerce.si\/en\/wp-json\/wp\/v2\/product\/2392","targetHints":{"allow":["GET"]}}],"collection":[{"href":"https:\/\/www.fammcommerce.si\/en\/wp-json\/wp\/v2\/product"}],"about":[{"href":"https:\/\/www.fammcommerce.si\/en\/wp-json\/wp\/v2\/types\/product"}],"wp:featuredmedia":[{"embeddable":true,"href":"https:\/\/www.fammcommerce.si\/en\/wp-json\/wp\/v2\/media\/1572"}],"wp:attachment":[{"href":"https:\/\/www.fammcommerce.si\/en\/wp-json\/wp\/v2\/media?parent=2392"}],"wp:term":[{"taxonomy":"product_brand","embeddable":true,"href":"https:\/\/www.fammcommerce.si\/en\/wp-json\/wp\/v2\/product_brand?post=2392"},{"taxonomy":"product_cat","embeddable":true,"href":"https:\/\/www.fammcommerce.si\/en\/wp-json\/wp\/v2\/product_cat?post=2392"},{"taxonomy":"product_tag","embeddable":true,"href":"https:\/\/www.fammcommerce.si\/en\/wp-json\/wp\/v2\/product_tag?post=2392"}],"curies":[{"name":"wp","href":"https:\/\/api.w.org\/{rel}","templated":true}]}}