{"id":23067,"date":"2024-11-13T07:40:33","date_gmt":"2024-11-13T06:40:33","guid":{"rendered":"https:\/\/www.fammcommerce.si\/izdelek\/750-16-8pr-ascenso-tsb110-f2\/"},"modified":"2026-04-24T09:40:27","modified_gmt":"2026-04-24T07:40:27","slug":"750-16-8pr-99a8-ascenso-tsb110-f2","status":"publish","type":"product","link":"https:\/\/www.fammcommerce.si\/en\/izdelek\/750-16-8pr-99a8-ascenso-tsb110-f2\/","title":{"rendered":"7,50-16 8PR 99A8 ASCENSO TSB110 F2"},"content":{"rendered":"","protected":false},"excerpt":{"rendered":"<p>Vodilna diagonalna pnevmatika za traktorje. Ve\u010dje \u0161tevilo kanalov olaj\u0161ajo zavijanje in prepre\u010dujejo po\u0161kodbe na podlagi. Mo\u010dna najlonska karkasa zagotavlja stabilnost in vzdr\u017eljivost. Odli\u010dno razmerje med kakovostjo in ceno. Posebna zmes zagotavlja dolgo \u017eivljenjsko dobo in odpornost na preboj.<\/p>\n","protected":false},"featured_media":24992,"template":"","meta":{"_acf_changed":false,"site-sidebar-layout":"default","site-content-layout":"","ast-site-content-layout":"","site-content-style":"default","site-sidebar-style":"default","ast-global-header-display":"","ast-banner-title-visibility":"","ast-main-header-display":"","ast-hfb-above-header-display":"","ast-hfb-below-header-display":"","ast-hfb-mobile-header-display":"","site-post-title":"","ast-breadcrumbs-content":"","ast-featured-img":"","footer-sml-layout":"","theme-transparent-header-meta":"","adv-header-id-meta":"","stick-header-meta":"","header-above-stick-meta":"","header-main-stick-meta":"","header-below-stick-meta":"","astra-migrate-meta-layouts":"default","ast-page-background-enabled":"default","ast-page-background-meta":{"desktop":{"background-color":"","background-image":"","background-repeat":"repeat","background-position":"center center","background-size":"auto","background-attachment":"scroll","background-type":"","background-media":"","overlay-type":"","overlay-color":"","overlay-opacity":"","overlay-gradient":""},"tablet":{"background-color":"","background-image":"","background-repeat":"repeat","background-position":"center center","background-size":"auto","background-attachment":"scroll","background-type":"","background-media":"","overlay-type":"","overlay-color":"","overlay-opacity":"","overlay-gradient":""},"mobile":{"background-color":"","background-image":"","background-repeat":"repeat","background-position":"center center","background-size":"auto","background-attachment":"scroll","background-type":"","background-media":"","overlay-type":"","overlay-color":"","overlay-opacity":"","overlay-gradient":""}},"ast-content-background-meta":{"desktop":{"background-color":"var(--ast-global-color-5)","background-image":"","background-repeat":"repeat","background-position":"center center","background-size":"auto","background-attachment":"scroll","background-type":"","background-media":"","overlay-type":"","overlay-color":"","overlay-opacity":"","overlay-gradient":""},"tablet":{"background-color":"var(--ast-global-color-5)","background-image":"","background-repeat":"repeat","background-position":"center center","background-size":"auto","background-attachment":"scroll","background-type":"","background-media":"","overlay-type":"","overlay-color":"","overlay-opacity":"","overlay-gradient":""},"mobile":{"background-color":"var(--ast-global-color-5)","background-image":"","background-repeat":"repeat","background-position":"center center","background-size":"auto","background-attachment":"scroll","background-type":"","background-media":"","overlay-type":"","overlay-color":"","overlay-opacity":"","overlay-gradient":""}}},"product_brand":[],"product_cat":[26],"product_tag":[593,199,198,594,215],"class_list":{"0":"post-23067","1":"product","2":"type-product","3":"status-publish","4":"has-post-thumbnail","6":"product_cat-traktorske-pnevmatike","7":"product_tag-ascenso","8":"product_tag-diagonalna-pnevmatika","9":"product_tag-kmetijska-traktorska-pnevmatika","10":"product_tag-tsb110","11":"product_tag-vodilna-pnevmatika","12":"pa_dimenzija-616","13":"desktop-align-center","14":"tablet-align-left","15":"mobile-align-left","16":"ast-product-gallery-layout-first-image-large","17":"ast-product-gallery-with-no-image","18":"ast-product-tabs-layout-accordion","20":"first","21":"instock","22":"taxable","23":"shipping-taxable","24":"purchasable","25":"product-type-simple"},"acf":[],"yoast_head":"<!-- This site is optimized with the Yoast SEO plugin v27.1.1 - https:\/\/yoast.com\/product\/yoast-seo-wordpress\/ -->\n<title>7,50-16 8PR 99A8 ASCENSO TSB110 F2 - Famm Co.<\/title>\n<meta name=\"robots\" content=\"index, follow, max-snippet:-1, max-image-preview:large, max-video-preview:-1\" \/>\n<link rel=\"canonical\" href=\"https:\/\/www.fammcommerce.si\/en\/izdelek\/750-16-8pr-99a8-ascenso-tsb110-f2\/\" \/>\n<meta property=\"og:locale\" content=\"en_US\" \/>\n<meta property=\"og:type\" content=\"article\" \/>\n<meta property=\"og:title\" content=\"7,50-16 8PR 99A8 ASCENSO TSB110 F2 - Famm Co.\" \/>\n<meta property=\"og:description\" content=\"Vodilna diagonalna pnevmatika za traktorje. Ve\u010dje \u0161tevilo kanalov olaj\u0161ajo zavijanje in prepre\u010dujejo po\u0161kodbe na podlagi. Mo\u010dna najlonska karkasa zagotavlja stabilnost in vzdr\u017eljivost. Odli\u010dno razmerje med kakovostjo in ceno. Posebna zmes zagotavlja dolgo \u017eivljenjsko dobo in odpornost na preboj.\" \/>\n<meta property=\"og:url\" content=\"https:\/\/www.fammcommerce.si\/en\/izdelek\/750-16-8pr-99a8-ascenso-tsb110-f2\/\" \/>\n<meta property=\"og:site_name\" content=\"Famm Co.\" \/>\n<meta property=\"article:modified_time\" content=\"2026-04-24T07:40:27+00:00\" \/>\n<meta property=\"og:image\" content=\"https:\/\/www.fammcommerce.si\/wp-content\/uploads\/2021\/04\/TSB110.jpg\" \/>\n\t<meta property=\"og:image:width\" content=\"1024\" \/>\n\t<meta property=\"og:image:height\" content=\"1024\" \/>\n\t<meta property=\"og:image:type\" content=\"image\/jpeg\" \/>\n<meta name=\"twitter:card\" content=\"summary_large_image\" \/>\n<script type=\"application\/ld+json\" class=\"yoast-schema-graph\">{\"@context\":\"https:\/\/schema.org\",\"@graph\":[{\"@type\":\"WebPage\",\"@id\":\"https:\/\/www.fammcommerce.si\/en\/izdelek\/750-16-8pr-99a8-ascenso-tsb110-f2\/\",\"url\":\"https:\/\/www.fammcommerce.si\/en\/izdelek\/750-16-8pr-99a8-ascenso-tsb110-f2\/\",\"name\":\"7,50-16 8PR 99A8 ASCENSO TSB110 F2 - Famm Co.\",\"isPartOf\":{\"@id\":\"https:\/\/www.fammcommerce.si\/en\/#website\"},\"primaryImageOfPage\":{\"@id\":\"https:\/\/www.fammcommerce.si\/en\/izdelek\/750-16-8pr-99a8-ascenso-tsb110-f2\/#primaryimage\"},\"image\":{\"@id\":\"https:\/\/www.fammcommerce.si\/en\/izdelek\/750-16-8pr-99a8-ascenso-tsb110-f2\/#primaryimage\"},\"thumbnailUrl\":\"https:\/\/www.fammcommerce.si\/wp-content\/uploads\/2021\/04\/TSB110.jpg\",\"datePublished\":\"2024-11-13T06:40:33+00:00\",\"dateModified\":\"2026-04-24T07:40:27+00:00\",\"breadcrumb\":{\"@id\":\"https:\/\/www.fammcommerce.si\/en\/izdelek\/750-16-8pr-99a8-ascenso-tsb110-f2\/#breadcrumb\"},\"inLanguage\":\"en-US\",\"potentialAction\":[{\"@type\":\"ReadAction\",\"target\":[\"https:\/\/www.fammcommerce.si\/en\/izdelek\/750-16-8pr-99a8-ascenso-tsb110-f2\/\"]}]},{\"@type\":\"ImageObject\",\"inLanguage\":\"en-US\",\"@id\":\"https:\/\/www.fammcommerce.si\/en\/izdelek\/750-16-8pr-99a8-ascenso-tsb110-f2\/#primaryimage\",\"url\":\"https:\/\/www.fammcommerce.si\/wp-content\/uploads\/2021\/04\/TSB110.jpg\",\"contentUrl\":\"https:\/\/www.fammcommerce.si\/wp-content\/uploads\/2021\/04\/TSB110.jpg\",\"width\":1024,\"height\":1024},{\"@type\":\"BreadcrumbList\",\"@id\":\"https:\/\/www.fammcommerce.si\/en\/izdelek\/750-16-8pr-99a8-ascenso-tsb110-f2\/#breadcrumb\",\"itemListElement\":[{\"@type\":\"ListItem\",\"position\":1,\"name\":\"Domov\",\"item\":\"https:\/\/www.fammcommerce.si\/en\/tire-experts-2\/\"},{\"@type\":\"ListItem\",\"position\":2,\"name\":\"Trgovina\",\"item\":\"https:\/\/www.fammcommerce.si\/trgovina\/\"},{\"@type\":\"ListItem\",\"position\":3,\"name\":\"Tractor tires\",\"item\":\"https:\/\/www.fammcommerce.si\/en\/product-category\/tractor-tires\/\"},{\"@type\":\"ListItem\",\"position\":4,\"name\":\"7,50-16 8PR 99A8 ASCENSO TSB110 F2\"}]},{\"@type\":\"WebSite\",\"@id\":\"https:\/\/www.fammcommerce.si\/en\/#website\",\"url\":\"https:\/\/www.fammcommerce.si\/en\/\",\"name\":\"Famm Co.\",\"description\":\"Strokovnjaki za pnevmatike\",\"publisher\":{\"@id\":\"https:\/\/www.fammcommerce.si\/en\/#organization\"},\"potentialAction\":[{\"@type\":\"SearchAction\",\"target\":{\"@type\":\"EntryPoint\",\"urlTemplate\":\"https:\/\/www.fammcommerce.si\/en\/?s={search_term_string}\"},\"query-input\":{\"@type\":\"PropertyValueSpecification\",\"valueRequired\":true,\"valueName\":\"search_term_string\"}}],\"inLanguage\":\"en-US\"},{\"@type\":\"Organization\",\"@id\":\"https:\/\/www.fammcommerce.si\/en\/#organization\",\"name\":\"Famm Co.\",\"url\":\"https:\/\/www.fammcommerce.si\/en\/\",\"logo\":{\"@type\":\"ImageObject\",\"inLanguage\":\"en-US\",\"@id\":\"https:\/\/www.fammcommerce.si\/en\/#\/schema\/logo\/image\/\",\"url\":\"https:\/\/www.fammcommerce.si\/wp-content\/uploads\/2020\/06\/fammco-logo-web-sized.jpg\",\"contentUrl\":\"https:\/\/www.fammcommerce.si\/wp-content\/uploads\/2020\/06\/fammco-logo-web-sized.jpg\",\"width\":129,\"height\":52,\"caption\":\"Famm Co.\"},\"image\":{\"@id\":\"https:\/\/www.fammcommerce.si\/en\/#\/schema\/logo\/image\/\"}}]}<\/script>\n<!-- \/ Yoast SEO plugin. -->","yoast_head_json":{"title":"7,50-16 8PR 99A8 ASCENSO TSB110 F2 - Famm Co.","robots":{"index":"index","follow":"follow","max-snippet":"max-snippet:-1","max-image-preview":"max-image-preview:large","max-video-preview":"max-video-preview:-1"},"canonical":"https:\/\/www.fammcommerce.si\/en\/izdelek\/750-16-8pr-99a8-ascenso-tsb110-f2\/","og_locale":"en_US","og_type":"article","og_title":"7,50-16 8PR 99A8 ASCENSO TSB110 F2 - Famm Co.","og_description":"Vodilna diagonalna pnevmatika za traktorje. Ve\u010dje \u0161tevilo kanalov olaj\u0161ajo zavijanje in prepre\u010dujejo po\u0161kodbe na podlagi. Mo\u010dna najlonska karkasa zagotavlja stabilnost in vzdr\u017eljivost. Odli\u010dno razmerje med kakovostjo in ceno. Posebna zmes zagotavlja dolgo \u017eivljenjsko dobo in odpornost na preboj.","og_url":"https:\/\/www.fammcommerce.si\/en\/izdelek\/750-16-8pr-99a8-ascenso-tsb110-f2\/","og_site_name":"Famm Co.","article_modified_time":"2026-04-24T07:40:27+00:00","og_image":[{"width":1024,"height":1024,"url":"https:\/\/www.fammcommerce.si\/wp-content\/uploads\/2021\/04\/TSB110.jpg","type":"image\/jpeg"}],"twitter_card":"summary_large_image","schema":{"@context":"https:\/\/schema.org","@graph":[{"@type":"WebPage","@id":"https:\/\/www.fammcommerce.si\/en\/izdelek\/750-16-8pr-99a8-ascenso-tsb110-f2\/","url":"https:\/\/www.fammcommerce.si\/en\/izdelek\/750-16-8pr-99a8-ascenso-tsb110-f2\/","name":"7,50-16 8PR 99A8 ASCENSO TSB110 F2 - Famm Co.","isPartOf":{"@id":"https:\/\/www.fammcommerce.si\/en\/#website"},"primaryImageOfPage":{"@id":"https:\/\/www.fammcommerce.si\/en\/izdelek\/750-16-8pr-99a8-ascenso-tsb110-f2\/#primaryimage"},"image":{"@id":"https:\/\/www.fammcommerce.si\/en\/izdelek\/750-16-8pr-99a8-ascenso-tsb110-f2\/#primaryimage"},"thumbnailUrl":"https:\/\/www.fammcommerce.si\/wp-content\/uploads\/2021\/04\/TSB110.jpg","datePublished":"2024-11-13T06:40:33+00:00","dateModified":"2026-04-24T07:40:27+00:00","breadcrumb":{"@id":"https:\/\/www.fammcommerce.si\/en\/izdelek\/750-16-8pr-99a8-ascenso-tsb110-f2\/#breadcrumb"},"inLanguage":"en-US","potentialAction":[{"@type":"ReadAction","target":["https:\/\/www.fammcommerce.si\/en\/izdelek\/750-16-8pr-99a8-ascenso-tsb110-f2\/"]}]},{"@type":"ImageObject","inLanguage":"en-US","@id":"https:\/\/www.fammcommerce.si\/en\/izdelek\/750-16-8pr-99a8-ascenso-tsb110-f2\/#primaryimage","url":"https:\/\/www.fammcommerce.si\/wp-content\/uploads\/2021\/04\/TSB110.jpg","contentUrl":"https:\/\/www.fammcommerce.si\/wp-content\/uploads\/2021\/04\/TSB110.jpg","width":1024,"height":1024},{"@type":"BreadcrumbList","@id":"https:\/\/www.fammcommerce.si\/en\/izdelek\/750-16-8pr-99a8-ascenso-tsb110-f2\/#breadcrumb","itemListElement":[{"@type":"ListItem","position":1,"name":"Domov","item":"https:\/\/www.fammcommerce.si\/en\/tire-experts-2\/"},{"@type":"ListItem","position":2,"name":"Trgovina","item":"https:\/\/www.fammcommerce.si\/trgovina\/"},{"@type":"ListItem","position":3,"name":"Tractor tires","item":"https:\/\/www.fammcommerce.si\/en\/product-category\/tractor-tires\/"},{"@type":"ListItem","position":4,"name":"7,50-16 8PR 99A8 ASCENSO TSB110 F2"}]},{"@type":"WebSite","@id":"https:\/\/www.fammcommerce.si\/en\/#website","url":"https:\/\/www.fammcommerce.si\/en\/","name":"Famm Co.","description":"Strokovnjaki za pnevmatike","publisher":{"@id":"https:\/\/www.fammcommerce.si\/en\/#organization"},"potentialAction":[{"@type":"SearchAction","target":{"@type":"EntryPoint","urlTemplate":"https:\/\/www.fammcommerce.si\/en\/?s={search_term_string}"},"query-input":{"@type":"PropertyValueSpecification","valueRequired":true,"valueName":"search_term_string"}}],"inLanguage":"en-US"},{"@type":"Organization","@id":"https:\/\/www.fammcommerce.si\/en\/#organization","name":"Famm Co.","url":"https:\/\/www.fammcommerce.si\/en\/","logo":{"@type":"ImageObject","inLanguage":"en-US","@id":"https:\/\/www.fammcommerce.si\/en\/#\/schema\/logo\/image\/","url":"https:\/\/www.fammcommerce.si\/wp-content\/uploads\/2020\/06\/fammco-logo-web-sized.jpg","contentUrl":"https:\/\/www.fammcommerce.si\/wp-content\/uploads\/2020\/06\/fammco-logo-web-sized.jpg","width":129,"height":52,"caption":"Famm Co."},"image":{"@id":"https:\/\/www.fammcommerce.si\/en\/#\/schema\/logo\/image\/"}}]}},"_links":{"self":[{"href":"https:\/\/www.fammcommerce.si\/en\/wp-json\/wp\/v2\/product\/23067","targetHints":{"allow":["GET"]}}],"collection":[{"href":"https:\/\/www.fammcommerce.si\/en\/wp-json\/wp\/v2\/product"}],"about":[{"href":"https:\/\/www.fammcommerce.si\/en\/wp-json\/wp\/v2\/types\/product"}],"wp:featuredmedia":[{"embeddable":true,"href":"https:\/\/www.fammcommerce.si\/en\/wp-json\/wp\/v2\/media\/24992"}],"wp:attachment":[{"href":"https:\/\/www.fammcommerce.si\/en\/wp-json\/wp\/v2\/media?parent=23067"}],"wp:term":[{"taxonomy":"product_brand","embeddable":true,"href":"https:\/\/www.fammcommerce.si\/en\/wp-json\/wp\/v2\/product_brand?post=23067"},{"taxonomy":"product_cat","embeddable":true,"href":"https:\/\/www.fammcommerce.si\/en\/wp-json\/wp\/v2\/product_cat?post=23067"},{"taxonomy":"product_tag","embeddable":true,"href":"https:\/\/www.fammcommerce.si\/en\/wp-json\/wp\/v2\/product_tag?post=23067"}],"curies":[{"name":"wp","href":"https:\/\/api.w.org\/{rel}","templated":true}]}}