{"id":11934,"date":"2024-01-13T06:34:32","date_gmt":"2024-01-13T05:34:32","guid":{"rendered":"https:\/\/www.fammcommerce.si\/izdelek\/420-85-r34-169r34-142d-agristar-ii-85\/"},"modified":"2025-05-25T09:41:03","modified_gmt":"2025-05-25T07:41:03","slug":"420-85-r34-169r34-142d-agristar-ii-85","status":"publish","type":"product","link":"https:\/\/www.fammcommerce.si\/en\/izdelek\/420-85-r34-169r34-142d-agristar-ii-85\/","title":{"rendered":"420\/85 R34 (16,9R34) 142D Agristar II 85"},"content":{"rendered":"","protected":false},"excerpt":{"rendered":"<p>Pnevmatika Agristar II, je premium izdelek podjetja Alliance (Yokohama OHT). V tem modelu so zdru\u017eene vse najnaprednej\u0161e in najnovej\u0161e tehnologije. Odli\u010dno se obnese pri delu na polju in vo\u017enji po cesti. Patentirana &#8220;StratifiedLayer&#8221; tehnologija zagotavlja mirno vo\u017enjo na asfaltiranih povr\u0161inah in obenem odli\u010dne samo-\u010distilne lastnosti pri delu na polju in v gozdu.<\/p>\n","protected":false},"featured_media":1596,"template":"","meta":{"_acf_changed":false,"site-sidebar-layout":"default","site-content-layout":"","ast-site-content-layout":"","site-content-style":"default","site-sidebar-style":"default","ast-global-header-display":"","ast-banner-title-visibility":"","ast-main-header-display":"","ast-hfb-above-header-display":"","ast-hfb-below-header-display":"","ast-hfb-mobile-header-display":"","site-post-title":"","ast-breadcrumbs-content":"","ast-featured-img":"","footer-sml-layout":"","theme-transparent-header-meta":"","adv-header-id-meta":"","stick-header-meta":"","header-above-stick-meta":"","header-main-stick-meta":"","header-below-stick-meta":"","astra-migrate-meta-layouts":"default","ast-page-background-enabled":"default","ast-page-background-meta":{"desktop":{"background-color":"","background-image":"","background-repeat":"repeat","background-position":"center center","background-size":"auto","background-attachment":"scroll","background-type":"","background-media":"","overlay-type":"","overlay-color":"","overlay-opacity":"","overlay-gradient":""},"tablet":{"background-color":"","background-image":"","background-repeat":"repeat","background-position":"center center","background-size":"auto","background-attachment":"scroll","background-type":"","background-media":"","overlay-type":"","overlay-color":"","overlay-opacity":"","overlay-gradient":""},"mobile":{"background-color":"","background-image":"","background-repeat":"repeat","background-position":"center center","background-size":"auto","background-attachment":"scroll","background-type":"","background-media":"","overlay-type":"","overlay-color":"","overlay-opacity":"","overlay-gradient":""}},"ast-content-background-meta":{"desktop":{"background-color":"var(--ast-global-color-5)","background-image":"","background-repeat":"repeat","background-position":"center center","background-size":"auto","background-attachment":"scroll","background-type":"","background-media":"","overlay-type":"","overlay-color":"","overlay-opacity":"","overlay-gradient":""},"tablet":{"background-color":"var(--ast-global-color-5)","background-image":"","background-repeat":"repeat","background-position":"center center","background-size":"auto","background-attachment":"scroll","background-type":"","background-media":"","overlay-type":"","overlay-color":"","overlay-opacity":"","overlay-gradient":""},"mobile":{"background-color":"var(--ast-global-color-5)","background-image":"","background-repeat":"repeat","background-position":"center center","background-size":"auto","background-attachment":"scroll","background-type":"","background-media":"","overlay-type":"","overlay-color":"","overlay-opacity":"","overlay-gradient":""}}},"product_brand":[],"product_cat":[26],"product_tag":[296,247,198,205,270],"class_list":{"0":"post-11934","1":"product","2":"type-product","3":"status-publish","4":"has-post-thumbnail","6":"product_cat-traktorske-pnevmatike","7":"product_tag-agristar2","8":"product_tag-alliance","9":"product_tag-kmetijska-traktorska-pnevmatika","10":"product_tag-pogonska-pnevmatika","11":"product_tag-radialna-pnevmatika","12":"pa_dimenzija-900","13":"desktop-align-center","14":"tablet-align-left","15":"mobile-align-left","16":"ast-product-gallery-layout-first-image-large","17":"ast-product-gallery-with-no-image","18":"ast-product-tabs-layout-accordion","20":"first","21":"outofstock","22":"taxable","23":"shipping-taxable","24":"purchasable","25":"product-type-simple"},"acf":[],"yoast_head":"<!-- This site is optimized with the Yoast SEO plugin v27.1.1 - https:\/\/yoast.com\/product\/yoast-seo-wordpress\/ -->\n<title>420\/85 R34 (16,9R34) 142D Agristar II 85 - Famm Co.<\/title>\n<meta name=\"robots\" content=\"index, follow, max-snippet:-1, max-image-preview:large, max-video-preview:-1\" \/>\n<link rel=\"canonical\" href=\"https:\/\/www.fammcommerce.si\/en\/izdelek\/420-85-r34-169r34-142d-agristar-ii-85\/\" \/>\n<meta property=\"og:locale\" content=\"en_US\" \/>\n<meta property=\"og:type\" content=\"article\" \/>\n<meta property=\"og:title\" content=\"420\/85 R34 (16,9R34) 142D Agristar II 85 - Famm Co.\" \/>\n<meta property=\"og:description\" content=\"Pnevmatika Agristar II, je premium izdelek podjetja Alliance (Yokohama OHT). V tem modelu so zdru\u017eene vse najnaprednej\u0161e in najnovej\u0161e tehnologije. Odli\u010dno se obnese pri delu na polju in vo\u017enji po cesti. Patentirana &quot;StratifiedLayer&quot; tehnologija zagotavlja mirno vo\u017enjo na asfaltiranih povr\u0161inah in obenem odli\u010dne samo-\u010distilne lastnosti pri delu na polju in v gozdu.\" \/>\n<meta property=\"og:url\" content=\"https:\/\/www.fammcommerce.si\/en\/izdelek\/420-85-r34-169r34-142d-agristar-ii-85\/\" \/>\n<meta property=\"og:site_name\" content=\"Famm Co.\" \/>\n<meta property=\"article:modified_time\" content=\"2025-05-25T07:41:03+00:00\" \/>\n<meta property=\"og:image\" content=\"https:\/\/www.fammcommerce.si\/wp-content\/uploads\/2020\/04\/AGRISTAR2.jpg\" \/>\n\t<meta property=\"og:image:width\" content=\"1024\" \/>\n\t<meta property=\"og:image:height\" content=\"1024\" \/>\n\t<meta property=\"og:image:type\" content=\"image\/jpeg\" \/>\n<meta name=\"twitter:card\" content=\"summary_large_image\" \/>\n<script type=\"application\/ld+json\" class=\"yoast-schema-graph\">{\"@context\":\"https:\/\/schema.org\",\"@graph\":[{\"@type\":\"WebPage\",\"@id\":\"https:\/\/www.fammcommerce.si\/en\/izdelek\/420-85-r34-169r34-142d-agristar-ii-85\/\",\"url\":\"https:\/\/www.fammcommerce.si\/en\/izdelek\/420-85-r34-169r34-142d-agristar-ii-85\/\",\"name\":\"420\/85 R34 (16,9R34) 142D Agristar II 85 - Famm Co.\",\"isPartOf\":{\"@id\":\"https:\/\/www.fammcommerce.si\/en\/#website\"},\"primaryImageOfPage\":{\"@id\":\"https:\/\/www.fammcommerce.si\/en\/izdelek\/420-85-r34-169r34-142d-agristar-ii-85\/#primaryimage\"},\"image\":{\"@id\":\"https:\/\/www.fammcommerce.si\/en\/izdelek\/420-85-r34-169r34-142d-agristar-ii-85\/#primaryimage\"},\"thumbnailUrl\":\"https:\/\/www.fammcommerce.si\/wp-content\/uploads\/2020\/04\/AGRISTAR2.jpg\",\"datePublished\":\"2024-01-13T05:34:32+00:00\",\"dateModified\":\"2025-05-25T07:41:03+00:00\",\"breadcrumb\":{\"@id\":\"https:\/\/www.fammcommerce.si\/en\/izdelek\/420-85-r34-169r34-142d-agristar-ii-85\/#breadcrumb\"},\"inLanguage\":\"en-US\",\"potentialAction\":[{\"@type\":\"ReadAction\",\"target\":[\"https:\/\/www.fammcommerce.si\/en\/izdelek\/420-85-r34-169r34-142d-agristar-ii-85\/\"]}]},{\"@type\":\"ImageObject\",\"inLanguage\":\"en-US\",\"@id\":\"https:\/\/www.fammcommerce.si\/en\/izdelek\/420-85-r34-169r34-142d-agristar-ii-85\/#primaryimage\",\"url\":\"https:\/\/www.fammcommerce.si\/wp-content\/uploads\/2020\/04\/AGRISTAR2.jpg\",\"contentUrl\":\"https:\/\/www.fammcommerce.si\/wp-content\/uploads\/2020\/04\/AGRISTAR2.jpg\",\"width\":1024,\"height\":1024,\"caption\":\"AGRISTAR2\"},{\"@type\":\"BreadcrumbList\",\"@id\":\"https:\/\/www.fammcommerce.si\/en\/izdelek\/420-85-r34-169r34-142d-agristar-ii-85\/#breadcrumb\",\"itemListElement\":[{\"@type\":\"ListItem\",\"position\":1,\"name\":\"Domov\",\"item\":\"https:\/\/www.fammcommerce.si\/en\/tire-experts-2\/\"},{\"@type\":\"ListItem\",\"position\":2,\"name\":\"Trgovina\",\"item\":\"https:\/\/www.fammcommerce.si\/trgovina\/\"},{\"@type\":\"ListItem\",\"position\":3,\"name\":\"Tractor tires\",\"item\":\"https:\/\/www.fammcommerce.si\/en\/product-category\/tractor-tires\/\"},{\"@type\":\"ListItem\",\"position\":4,\"name\":\"420\/85 R34 (16,9R34) 142D Agristar II 85\"}]},{\"@type\":\"WebSite\",\"@id\":\"https:\/\/www.fammcommerce.si\/en\/#website\",\"url\":\"https:\/\/www.fammcommerce.si\/en\/\",\"name\":\"Famm Co.\",\"description\":\"Strokovnjaki za pnevmatike\",\"publisher\":{\"@id\":\"https:\/\/www.fammcommerce.si\/en\/#organization\"},\"potentialAction\":[{\"@type\":\"SearchAction\",\"target\":{\"@type\":\"EntryPoint\",\"urlTemplate\":\"https:\/\/www.fammcommerce.si\/en\/?s={search_term_string}\"},\"query-input\":{\"@type\":\"PropertyValueSpecification\",\"valueRequired\":true,\"valueName\":\"search_term_string\"}}],\"inLanguage\":\"en-US\"},{\"@type\":\"Organization\",\"@id\":\"https:\/\/www.fammcommerce.si\/en\/#organization\",\"name\":\"Famm Co.\",\"url\":\"https:\/\/www.fammcommerce.si\/en\/\",\"logo\":{\"@type\":\"ImageObject\",\"inLanguage\":\"en-US\",\"@id\":\"https:\/\/www.fammcommerce.si\/en\/#\/schema\/logo\/image\/\",\"url\":\"https:\/\/www.fammcommerce.si\/wp-content\/uploads\/2020\/06\/fammco-logo-web-sized.jpg\",\"contentUrl\":\"https:\/\/www.fammcommerce.si\/wp-content\/uploads\/2020\/06\/fammco-logo-web-sized.jpg\",\"width\":129,\"height\":52,\"caption\":\"Famm Co.\"},\"image\":{\"@id\":\"https:\/\/www.fammcommerce.si\/en\/#\/schema\/logo\/image\/\"}}]}<\/script>\n<!-- \/ Yoast SEO plugin. -->","yoast_head_json":{"title":"420\/85 R34 (16,9R34) 142D Agristar II 85 - Famm Co.","robots":{"index":"index","follow":"follow","max-snippet":"max-snippet:-1","max-image-preview":"max-image-preview:large","max-video-preview":"max-video-preview:-1"},"canonical":"https:\/\/www.fammcommerce.si\/en\/izdelek\/420-85-r34-169r34-142d-agristar-ii-85\/","og_locale":"en_US","og_type":"article","og_title":"420\/85 R34 (16,9R34) 142D Agristar II 85 - Famm Co.","og_description":"Pnevmatika Agristar II, je premium izdelek podjetja Alliance (Yokohama OHT). V tem modelu so zdru\u017eene vse najnaprednej\u0161e in najnovej\u0161e tehnologije. Odli\u010dno se obnese pri delu na polju in vo\u017enji po cesti. Patentirana \"StratifiedLayer\" tehnologija zagotavlja mirno vo\u017enjo na asfaltiranih povr\u0161inah in obenem odli\u010dne samo-\u010distilne lastnosti pri delu na polju in v gozdu.","og_url":"https:\/\/www.fammcommerce.si\/en\/izdelek\/420-85-r34-169r34-142d-agristar-ii-85\/","og_site_name":"Famm Co.","article_modified_time":"2025-05-25T07:41:03+00:00","og_image":[{"width":1024,"height":1024,"url":"https:\/\/www.fammcommerce.si\/wp-content\/uploads\/2020\/04\/AGRISTAR2.jpg","type":"image\/jpeg"}],"twitter_card":"summary_large_image","schema":{"@context":"https:\/\/schema.org","@graph":[{"@type":"WebPage","@id":"https:\/\/www.fammcommerce.si\/en\/izdelek\/420-85-r34-169r34-142d-agristar-ii-85\/","url":"https:\/\/www.fammcommerce.si\/en\/izdelek\/420-85-r34-169r34-142d-agristar-ii-85\/","name":"420\/85 R34 (16,9R34) 142D Agristar II 85 - Famm Co.","isPartOf":{"@id":"https:\/\/www.fammcommerce.si\/en\/#website"},"primaryImageOfPage":{"@id":"https:\/\/www.fammcommerce.si\/en\/izdelek\/420-85-r34-169r34-142d-agristar-ii-85\/#primaryimage"},"image":{"@id":"https:\/\/www.fammcommerce.si\/en\/izdelek\/420-85-r34-169r34-142d-agristar-ii-85\/#primaryimage"},"thumbnailUrl":"https:\/\/www.fammcommerce.si\/wp-content\/uploads\/2020\/04\/AGRISTAR2.jpg","datePublished":"2024-01-13T05:34:32+00:00","dateModified":"2025-05-25T07:41:03+00:00","breadcrumb":{"@id":"https:\/\/www.fammcommerce.si\/en\/izdelek\/420-85-r34-169r34-142d-agristar-ii-85\/#breadcrumb"},"inLanguage":"en-US","potentialAction":[{"@type":"ReadAction","target":["https:\/\/www.fammcommerce.si\/en\/izdelek\/420-85-r34-169r34-142d-agristar-ii-85\/"]}]},{"@type":"ImageObject","inLanguage":"en-US","@id":"https:\/\/www.fammcommerce.si\/en\/izdelek\/420-85-r34-169r34-142d-agristar-ii-85\/#primaryimage","url":"https:\/\/www.fammcommerce.si\/wp-content\/uploads\/2020\/04\/AGRISTAR2.jpg","contentUrl":"https:\/\/www.fammcommerce.si\/wp-content\/uploads\/2020\/04\/AGRISTAR2.jpg","width":1024,"height":1024,"caption":"AGRISTAR2"},{"@type":"BreadcrumbList","@id":"https:\/\/www.fammcommerce.si\/en\/izdelek\/420-85-r34-169r34-142d-agristar-ii-85\/#breadcrumb","itemListElement":[{"@type":"ListItem","position":1,"name":"Domov","item":"https:\/\/www.fammcommerce.si\/en\/tire-experts-2\/"},{"@type":"ListItem","position":2,"name":"Trgovina","item":"https:\/\/www.fammcommerce.si\/trgovina\/"},{"@type":"ListItem","position":3,"name":"Tractor tires","item":"https:\/\/www.fammcommerce.si\/en\/product-category\/tractor-tires\/"},{"@type":"ListItem","position":4,"name":"420\/85 R34 (16,9R34) 142D Agristar II 85"}]},{"@type":"WebSite","@id":"https:\/\/www.fammcommerce.si\/en\/#website","url":"https:\/\/www.fammcommerce.si\/en\/","name":"Famm Co.","description":"Strokovnjaki za pnevmatike","publisher":{"@id":"https:\/\/www.fammcommerce.si\/en\/#organization"},"potentialAction":[{"@type":"SearchAction","target":{"@type":"EntryPoint","urlTemplate":"https:\/\/www.fammcommerce.si\/en\/?s={search_term_string}"},"query-input":{"@type":"PropertyValueSpecification","valueRequired":true,"valueName":"search_term_string"}}],"inLanguage":"en-US"},{"@type":"Organization","@id":"https:\/\/www.fammcommerce.si\/en\/#organization","name":"Famm Co.","url":"https:\/\/www.fammcommerce.si\/en\/","logo":{"@type":"ImageObject","inLanguage":"en-US","@id":"https:\/\/www.fammcommerce.si\/en\/#\/schema\/logo\/image\/","url":"https:\/\/www.fammcommerce.si\/wp-content\/uploads\/2020\/06\/fammco-logo-web-sized.jpg","contentUrl":"https:\/\/www.fammcommerce.si\/wp-content\/uploads\/2020\/06\/fammco-logo-web-sized.jpg","width":129,"height":52,"caption":"Famm Co."},"image":{"@id":"https:\/\/www.fammcommerce.si\/en\/#\/schema\/logo\/image\/"}}]}},"_links":{"self":[{"href":"https:\/\/www.fammcommerce.si\/en\/wp-json\/wp\/v2\/product\/11934","targetHints":{"allow":["GET"]}}],"collection":[{"href":"https:\/\/www.fammcommerce.si\/en\/wp-json\/wp\/v2\/product"}],"about":[{"href":"https:\/\/www.fammcommerce.si\/en\/wp-json\/wp\/v2\/types\/product"}],"wp:featuredmedia":[{"embeddable":true,"href":"https:\/\/www.fammcommerce.si\/en\/wp-json\/wp\/v2\/media\/1596"}],"wp:attachment":[{"href":"https:\/\/www.fammcommerce.si\/en\/wp-json\/wp\/v2\/media?parent=11934"}],"wp:term":[{"taxonomy":"product_brand","embeddable":true,"href":"https:\/\/www.fammcommerce.si\/en\/wp-json\/wp\/v2\/product_brand?post=11934"},{"taxonomy":"product_cat","embeddable":true,"href":"https:\/\/www.fammcommerce.si\/en\/wp-json\/wp\/v2\/product_cat?post=11934"},{"taxonomy":"product_tag","embeddable":true,"href":"https:\/\/www.fammcommerce.si\/en\/wp-json\/wp\/v2\/product_tag?post=11934"}],"curies":[{"name":"wp","href":"https:\/\/api.w.org\/{rel}","templated":true}]}}